{"id":911,"date":"2025-02-20T23:13:28","date_gmt":"2025-02-20T22:13:28","guid":{"rendered":"http:\/\/www.consultant-agriculture-ecologique.com\/?page_id=911"},"modified":"2025-02-20T23:13:31","modified_gmt":"2025-02-20T22:13:31","slug":"karim-riman-agro-ecologue-depuis-1996","status":"publish","type":"page","link":"https:\/\/www.consultant-agriculture-ecologique.com\/fr\/karim-riman-agro-ecologue-depuis-1996\/","title":{"rendered":"KARIM RIMAN agro \u00e9cologue"},"content":{"rendered":"\t\t<div data-elementor-type=\"wp-page\" data-elementor-id=\"911\" class=\"elementor elementor-911\">\n\t\t\t\t\t\t<section class=\"elementor-section elementor-top-section elementor-element elementor-element-ea282e9 elementor-section-boxed elementor-section-height-default elementor-section-height-default\" data-id=\"ea282e9\" data-element_type=\"section\" data-e-type=\"section\">\n\t\t\t\t\t\t<div class=\"elementor-container elementor-column-gap-default\">\n\t\t\t\t\t<div class=\"elementor-column elementor-col-100 elementor-top-column elementor-element elementor-element-ceaaf40\" data-id=\"ceaaf40\" data-element_type=\"column\" data-e-type=\"column\">\n\t\t\t<div class=\"elementor-widget-wrap elementor-element-populated\">\n\t\t\t\t\t\t<div class=\"elementor-element elementor-element-acdd471 elementor-widget elementor-widget-text-editor\" data-id=\"acdd471\" data-element_type=\"widget\" data-e-type=\"widget\" data-widget_type=\"text-editor.default\">\n\t\t\t\t<div class=\"elementor-widget-container\">\n\t\t\t\t\t\t\t\t\t<h3 class=\"widget-title\">KARIM RIMAN, agro \u00e9cologue depuis 1996<\/h3>\t\t\t\t\t\t\t\t<\/div>\n\t\t\t\t<\/div>\n\t\t\t\t\t<\/div>\n\t\t<\/div>\n\t\t\t\t\t<\/div>\n\t\t<\/section>\n\t\t\t\t<section class=\"elementor-section elementor-top-section elementor-element elementor-element-4f80201 elementor-section-boxed elementor-section-height-default elementor-section-height-default\" data-id=\"4f80201\" data-element_type=\"section\" data-e-type=\"section\">\n\t\t\t\t\t\t<div class=\"elementor-container elementor-column-gap-default\">\n\t\t\t\t\t<div class=\"elementor-column elementor-col-100 elementor-top-column elementor-element elementor-element-052f2a4\" data-id=\"052f2a4\" data-element_type=\"column\" data-e-type=\"column\">\n\t\t\t<div class=\"elementor-widget-wrap elementor-element-populated\">\n\t\t\t\t\t\t<div class=\"elementor-element elementor-element-ec7a254 elementor-widget elementor-widget-spacer\" data-id=\"ec7a254\" data-element_type=\"widget\" data-e-type=\"widget\" data-widget_type=\"spacer.default\">\n\t\t\t\t<div class=\"elementor-widget-container\">\n\t\t\t\t\t\t\t<div class=\"elementor-spacer\">\n\t\t\t<div class=\"elementor-spacer-inner\"><\/div>\n\t\t<\/div>\n\t\t\t\t\t\t<\/div>\n\t\t\t\t<\/div>\n\t\t\t\t\t<\/div>\n\t\t<\/div>\n\t\t\t\t\t<\/div>\n\t\t<\/section>\n\t\t\t\t<section class=\"elementor-section elementor-top-section elementor-element elementor-element-c6f2cd4 elementor-section-boxed elementor-section-height-default elementor-section-height-default\" data-id=\"c6f2cd4\" data-element_type=\"section\" data-e-type=\"section\">\n\t\t\t\t\t\t<div class=\"elementor-container elementor-column-gap-default\">\n\t\t\t\t\t<div class=\"elementor-column elementor-col-50 elementor-top-column elementor-element elementor-element-0f2b35f\" data-id=\"0f2b35f\" data-element_type=\"column\" data-e-type=\"column\">\n\t\t\t<div class=\"elementor-widget-wrap elementor-element-populated\">\n\t\t\t\t\t\t<div class=\"elementor-element elementor-element-0a852ff elementor-widget elementor-widget-text-editor\" data-id=\"0a852ff\" data-element_type=\"widget\" data-e-type=\"widget\" data-widget_type=\"text-editor.default\">\n\t\t\t\t<div class=\"elementor-widget-container\">\n\t\t\t\t\t\t\t\t\t<p>Sans fausse pudeur et conscient des enjeux pour la plan\u00e8te Karim Riman, agro-\u00e9cologue, j&rsquo;assume les termes d\u2019 \u00ab <strong>Intensification \u00e9cologiquement acceptable<\/strong> \u00bb pour relever les d\u00e9fis de bien nourrir l\u2019humanit\u00e9.<\/p><p>Les fondements de l\u2019agriculture biologique et biodynamique me guident mais ne sont pas une fin en soi, pouvant se heurter dans leur mise en pratique \u00e0 de nombreuses contraintes : consulter notre livre <a href=\"https:\/\/www.consultant-agriculture-ecologique.com\/fr\/les-publications-les-livres\/\" target=\"_blank\" rel=\"noopener\">les 10 cl\u00e9s pour r\u00e9ussir en bio<\/a>.<\/p><ul><li>Ing\u00e9nieur en agriculture, dipl\u00f4m\u00e9 de l&rsquo;ISARA (Lyon) en 1989, sp\u00e9cialis\u00e9 en arboriculture fruiti\u00e8re et viticulture par un BTS obtenu en 1986 au LEPA de Fondettes (37). J&rsquo;ai compl\u00e9t\u00e9 ma formation initiale par :<ul><li>Formation compl\u00e9mentaire \u00abTechnicien de cave\u00bb au CFFPA de Vaucluse (84)<\/li><li>Formation au Diagnostic de Performance \u00c9nerg\u00e9tique des exploitations agricoles- Logiciels PLANETE et Dia&rsquo;terre<\/li><li>Nombreuses formations sur le sol et l&rsquo;agro-\u00e9cologie<\/li><li>Des lectures tr\u00e8s scientifiques et techniques mais \u00e9galement d&rsquo;approche et de r\u00e9flexion globale de Jean-Marie PELT, de Pierre RABHI et r\u00e9cemment de Gaspard KOENIG (Agro-philosophie).<\/li><\/ul><\/li><\/ul>\t\t\t\t\t\t\t\t<\/div>\n\t\t\t\t<\/div>\n\t\t\t\t\t<\/div>\n\t\t<\/div>\n\t\t\t\t<div class=\"elementor-column elementor-col-50 elementor-top-column elementor-element elementor-element-fcaf966\" data-id=\"fcaf966\" data-element_type=\"column\" data-e-type=\"column\">\n\t\t\t<div class=\"elementor-widget-wrap elementor-element-populated\">\n\t\t\t\t\t\t<div class=\"elementor-element elementor-element-7806fb1 elementor-invisible elementor-widget elementor-widget-image\" data-id=\"7806fb1\" data-element_type=\"widget\" data-e-type=\"widget\" data-settings=\"{&quot;_animation&quot;:&quot;fadeInDown&quot;}\" data-widget_type=\"image.default\">\n\t\t\t\t<div class=\"elementor-widget-container\">\n\t\t\t\t\t\t\t\t\t\t\t\t\t\t\t<img fetchpriority=\"high\" decoding=\"async\" width=\"500\" height=\"698\" src=\"https:\/\/www.consultant-agriculture-ecologique.com\/wp-content\/uploads\/2021\/06\/karim-Riman-agroecologue.jpg\" class=\"attachment-medium_large size-medium_large wp-image-915\" alt=\"\" srcset=\"https:\/\/www.consultant-agriculture-ecologique.com\/wp-content\/uploads\/2021\/06\/karim-Riman-agroecologue.jpg 500w, https:\/\/www.consultant-agriculture-ecologique.com\/wp-content\/uploads\/2021\/06\/karim-Riman-agroecologue-215x300.jpg 215w\" sizes=\"(max-width: 500px) 100vw, 500px\" \/>\t\t\t\t\t\t\t\t\t\t\t\t\t\t\t<\/div>\n\t\t\t\t<\/div>\n\t\t\t\t\t<\/div>\n\t\t<\/div>\n\t\t\t\t\t<\/div>\n\t\t<\/section>\n\t\t\t\t<section class=\"elementor-section elementor-top-section elementor-element elementor-element-89fc565 elementor-section-boxed elementor-section-height-default elementor-section-height-default\" data-id=\"89fc565\" data-element_type=\"section\" data-e-type=\"section\">\n\t\t\t\t\t\t<div class=\"elementor-container elementor-column-gap-default\">\n\t\t\t\t\t<div class=\"elementor-column elementor-col-100 elementor-top-column elementor-element elementor-element-06c1d47\" data-id=\"06c1d47\" data-element_type=\"column\" data-e-type=\"column\">\n\t\t\t<div class=\"elementor-widget-wrap elementor-element-populated\">\n\t\t\t\t\t\t<div class=\"elementor-element elementor-element-936fd43 elementor-widget elementor-widget-text-editor\" data-id=\"936fd43\" data-element_type=\"widget\" data-e-type=\"widget\" data-widget_type=\"text-editor.default\">\n\t\t\t\t<div class=\"elementor-widget-container\">\n\t\t\t\t\t\t\t\t\t<p><b>Karim RIMAN, impliqu\u00e9 dans des <a href=\"https:\/\/www.consultant-agriculture-ecologique.com\/fr\/les-reseaux\/\" target=\"_blank\" rel=\"noopener\">r\u00e9seaux professionnels<\/a> :<\/b><\/p><ul><li>Membre de l\u2019association Agro Ecology Europe (ONG Internationale)<\/li><li>Membre de l\u2019IFOAM (International Federation of Organic Agriculture Movements)<\/li><li>Membre du CETA des techniciens Arbo du Sud-Est<b><\/b><\/li><\/ul><p><strong>Karim RIMAN, <a href=\"https:\/\/www.consultant-agriculture-ecologique.com\/fr\/eco-vignobles-philosophie\/\" target=\"_blank\" rel=\"noopener\">vi<\/a><\/strong><strong><a href=\"_wp_link_placeholder\">ticulteur<\/a> depuis 2006<\/strong><\/p><ul><li>vit le m\u00e9tier depuis le respect de la terre jusqu&rsquo;au consommateur, en passant par les al\u00e9as du climat (gel, gr\u00eale, s\u00e9cheresse) et de la relation compliqu\u00e9e \u00e0 la Nature (gibier par exemple).<\/li><li>exp\u00e9rimente des pratiques sur le sol et la vigne<\/li><li>enrichit le m\u00e9tier du consultant<\/li><\/ul><p><strong>Karim RIMAN, citoyen<\/strong><\/p><ul><li>Impliqu\u00e9 dans de nombreuses associations locales<\/li><li>Engag\u00e9 avec <a href=\"https:\/\/www.bing.com\/ck\/a?!&amp;&amp;p=a844db8fb51bcb942cb5df31670042902ecbdf5c5ed2fa51e8888ced4df918fbJmltdHM9MTczOTkyMzIwMA&amp;ptn=3&amp;ver=2&amp;hsh=4&amp;fclid=3456462f-d725-6335-0ee0-5478d64e626c&amp;psq=sos+durance+vivante&amp;u=a1aHR0cDovL3d3dy5zb3NkdXJhbmNldml2YW50ZS5vcmcv&amp;ntb=1\" target=\"_blank\" rel=\"noopener\">SOS Durance Vivante<\/a> sur la reconnaissance des droits de la Nature comme Entit\u00e9 Naturelle Juridique (ENJ)<\/li><li>Trouve du r\u00e9confort dans la marche en montagne et dans la nature encore \u00ab\u00a0pr\u00e9serv\u00e9e\u00a0\u00bb<\/li><li>Aime La lecture, le th\u00e9\u00e2tre, la musique<\/li><\/ul>\t\t\t\t\t\t\t\t<\/div>\n\t\t\t\t<\/div>\n\t\t\t\t\t<\/div>\n\t\t<\/div>\n\t\t\t\t\t<\/div>\n\t\t<\/section>\n\t\t\t\t<\/div>\n\t\t","protected":false},"excerpt":{"rendered":"<p>KARIM RIMAN, agro \u00e9cologue depuis 1996 Sans fausse pudeur et conscient des enjeux pour la plan\u00e8te Karim Riman, agro-\u00e9cologue, j&rsquo;assume [&hellip;]<\/p>\n","protected":false},"author":1,"featured_media":0,"parent":0,"menu_order":0,"comment_status":"closed","ping_status":"closed","template":"","meta":{"_monsterinsights_skip_tracking":false,"_monsterinsights_sitenote_active":false,"_monsterinsights_sitenote_note":"","_monsterinsights_sitenote_category":0,"footnotes":""},"class_list":["post-911","page","type-page","status-publish","hentry"],"_links":{"self":[{"href":"https:\/\/www.consultant-agriculture-ecologique.com\/fr\/wp-json\/wp\/v2\/pages\/911","targetHints":{"allow":["GET"]}}],"collection":[{"href":"https:\/\/www.consultant-agriculture-ecologique.com\/fr\/wp-json\/wp\/v2\/pages"}],"about":[{"href":"https:\/\/www.consultant-agriculture-ecologique.com\/fr\/wp-json\/wp\/v2\/types\/page"}],"author":[{"embeddable":true,"href":"https:\/\/www.consultant-agriculture-ecologique.com\/fr\/wp-json\/wp\/v2\/users\/1"}],"replies":[{"embeddable":true,"href":"https:\/\/www.consultant-agriculture-ecologique.com\/fr\/wp-json\/wp\/v2\/comments?post=911"}],"version-history":[{"count":73,"href":"https:\/\/www.consultant-agriculture-ecologique.com\/fr\/wp-json\/wp\/v2\/pages\/911\/revisions"}],"predecessor-version":[{"id":5765,"href":"https:\/\/www.consultant-agriculture-ecologique.com\/fr\/wp-json\/wp\/v2\/pages\/911\/revisions\/5765"}],"wp:attachment":[{"href":"https:\/\/www.consultant-agriculture-ecologique.com\/fr\/wp-json\/wp\/v2\/media?parent=911"}],"curies":[{"name":"wp","href":"https:\/\/api.w.org\/{rel}","templated":true}]}}