{"id":3145,"date":"2021-12-01T14:58:10","date_gmt":"2021-12-01T13:58:10","guid":{"rendered":"http:\/\/www.consultant-agriculture-ecologique.com\/?page_id=3145"},"modified":"2021-12-01T14:58:10","modified_gmt":"2021-12-01T13:58:10","slug":"mentions-legales","status":"publish","type":"page","link":"https:\/\/www.consultant-agriculture-ecologique.com\/fr\/mentions-legales\/","title":{"rendered":"Mentions l\u00e9gales"},"content":{"rendered":"\n<p>Conform\u00e9ment aux dispositions des articles 6-III et 19 de la loi pour la Confiance dans l&rsquo;\u00c9conomie Num\u00e9rique :<\/p>\n\n\n\n<h3 class=\"wp-block-heading\">Editeur &amp; propri\u00e9taire du site<\/h3>\n\n\n\n<p>Karim RIMAN<br>Centre Tertiaire de Lagnes &#8211; 117 all\u00e9e du Centre Tertiaire &#8211; 84800 LAGNES &#8211; FRANCE<br>T\u00e9l : (+33)4 90 21 40 44<br>Email : <a href=\"mailto:karim.riman@free.fr\">karim.riman@free.fr<\/a><\/p>\n\n\n\n<h3 class=\"wp-block-heading\">Directeur de la publication<\/h3>\n\n\n\n<p>M. Karim RIMAN en sa qualit\u00e9 de g\u00e9rant.<\/p>\n\n\n\n<h3 class=\"wp-block-heading\">H\u00e9bergeur<\/h3>\n\n\n\n<p>OVH<br>SAS au capital de 10 069 020 \u20ac<br>RCS Lille M\u00e9tropole 424 761 419 00045<br>Code APE 2620Z<br>N\u00b0 TVA : FR 22 424 761 419<br>Si\u00e8ge social : 2 rue Kellermann &#8211; 59100 Roubaix &#8211; France<br>T\u00e9l : 1007<\/p>\n\n\n\n<h3 class=\"wp-block-heading\">R\u00e9alisation du site<\/h3>\n\n\n\n<p>1GENEi<br>115 Av de la Roquette &#8211; ZA de Berret &#8211; 30200 Bagnols sur C\u00e8ze<br>04.66.50.98.00<br>www.1genei.fr<\/p>\n\n\n\n<h3 class=\"wp-block-heading\">Propri\u00e9t\u00e9 intellectuelle<\/h3>\n\n\n\n<p>Le pr\u00e9sent site est la propri\u00e9t\u00e9 exclusive de  M. Karim RIMAN.<br>Il ne peut donc \u00eatre ni copi\u00e9, reproduit ou utilis\u00e9 sans son consentement pr\u00e9alable, sous peine de sanctions (articles L. 335-2 et suivants du Code de la propri\u00e9t\u00e9 intellectuelle).<br>Le pr\u00e9sent site est mis \u00e0 disposition par  M. Karim RIMAN en vue d&rsquo;un usage de consultation par des personnes physiques ou morales; cet usage n&rsquo;est susceptible de faire l&rsquo;objet d&rsquo;aucune exploitation commerciale sans son autorisation \u00e9crite et expresse.<br>Les marques de  M. Karim RIMAN  et de ses partenaires, ainsi que les logos figurant sur le pr\u00e9sent site sont des marques d\u00e9pos\u00e9es. Toute reproduction totale ou partielle de ces marques ou de ces logos effectu\u00e9s \u00e0 partir des \u00e9l\u00e9ments du pr\u00e9sent site est donc prohib\u00e9e au sens de l&rsquo;article L.713-2du Code de la propri\u00e9t\u00e9 intellectuelle.<\/p>\n\n\n\n<h3 class=\"wp-block-heading\">Donn\u00e9es personnelles<\/h3>\n\n\n\n<p>Les donn\u00e9es personnelles recueillies ne seront en aucun cas c\u00e9d\u00e9es ou vendues \u00e0 un tiers.<br>Les donn\u00e9es collect\u00e9es seront conserv\u00e9es pendant toute la dur\u00e9e de nos relations contractuelles, \u00e0 d\u00e9faut de d\u00e9lais plus courts ou plus long sp\u00e9cialement pr\u00e9vus notamment en cas de litige.<br>Conform\u00e9ment \u00e0 la loi, l&rsquo;utilisateur dispose d&rsquo;un droit d&rsquo;acc\u00e8s, de modification et de suppression des donn\u00e9es qui le concernent.<br>L&rsquo;utilisateur peut exercer ce droit en adressant un mail \u00e0 l&rsquo;adresse de contact du pr\u00e9sent site.<br>De m\u00eame, l&rsquo;utilisateur du pr\u00e9sent site est tenu de respecter les dispositions de la loi n\u00b078-17 dont la violation est passible de sanctions p\u00e9nales.Il doit notamment s&rsquo;abstenir, s&rsquo;agissant d&rsquo;informations \u00e0 caract\u00e8re personnel auxquelles il pourrait acc\u00e9der, de toute collecte, de toute utilisation d\u00e9tourn\u00e9e et d&rsquo;une mani\u00e8re g\u00e9n\u00e9rale, de tout acte susceptible de porter atteinte \u00e0 la vie priv\u00e9e ou \u00e0 la r\u00e9putation des personnes.<br>Tout consommateur s\u2019estimant l\u00e9ser concernant l\u2019exercice de ses droits \u00ab&nbsp; informatiques et libert\u00e9s \u00bb&nbsp; ou souhaitant signaler une atteinte aux r\u00e8gles de protection de donn\u00e9es personnelles peut introduire une r\u00e9clamation aupr\u00e8s de la CNIL.<\/p>\n\n\n\n<h3 class=\"wp-block-heading\">Cookies<\/h3>\n\n\n\n<p>En poursuivant votre navigation sur ce site, vous acceptez l\u2019utilisation et l&rsquo;\u00e9criture de Cookies sur votre appareil connect\u00e9. Ces Cookies (petits fichiers texte) permettent de suivre votre navigation, actualiser votre panier, vous reconnaitre lors de votre prochaine visite et s\u00e9curiser votre connexion.<\/p>\n\n\n\n<h3 class=\"wp-block-heading\">Liens<\/h3>\n\n\n\n<p>Le pr\u00e9sent site peut contenir des liens pointant vers des sites ext\u00e9rieurs qui ne sont indiqu\u00e9s qu&rsquo;\u00e0 titre informatif. Ces sites ne sont pas sous le contr\u00f4le de  M. Karim RIMAN qui n&rsquo;assume donc aucune responsabilit\u00e9 quant \u00e0 leur disponibilit\u00e9 et aux informations qui y sont publi\u00e9es.<br>Ces sites sont soumis \u00e0 leurs propres conditions d&rsquo;utilisation et de protection des donn\u00e9es personnelles.<br>La cr\u00e9ation d&rsquo;un lien hypertexte pointant vers le pr\u00e9sent site est subordonn\u00e9e \u00e0 l&rsquo;autorisation \u00e9crite pr\u00e9alable et expresse de  M. Karim RIMAN .<br>La cr\u00e9ation d&rsquo;un lien hypertexte profond vers une ou plusieurs pages du pr\u00e9sent site est strictement interdite.<\/p>\n\n\n\n<h3 class=\"wp-block-heading\">Limitation de responsabilit\u00e9<\/h3>\n\n\n\n<p>L&rsquo;utilisateur du pr\u00e9sent site reconna\u00eet avoir pris connaissance des pr\u00e9sentes conditions d&rsquo;utilisation et s&rsquo;engage \u00e0 les respecter.<br> M. Karim RIMAN se r\u00e9serve le droit de suspendre ou d&rsquo;interrompre la mise en ligne du pr\u00e9sent site, sans pr\u00e9avis et pour toute raison qu&rsquo;elle jugera utile, sans engager sa responsabilit\u00e9 \u00e0 l&rsquo;\u00e9gard de l&rsquo;utilisateur.<br>Il se r\u00e9serve par ailleurs le droit de modifier, sans pr\u00e9avis, les pr\u00e9sentes conditions d&rsquo;utilisation pour toute raison jug\u00e9e par elle utile.<br>En cons\u00e9quence,  M. Karim RIMAN recommande la lecture r\u00e9guli\u00e8re des mentions l\u00e9gales du pr\u00e9sent site.<br>Les informations contenues sur le pr\u00e9sent site ne sauraient, \u00e0 elles seules, engager contractuellement ou juridiquement  M. Karim RIMAN qui se r\u00e9serve la facult\u00e9 de les retirer, de les modifier ou de les mettre \u00e0 jour \u00e0 tout moment et ce sans pr\u00e9avis.<br>L&rsquo;utilisateur reconna\u00eet disposer de la comp\u00e9tence et des moyens n\u00e9cessaires pour utiliser le pr\u00e9sent site.<br>Il reconnait avoir v\u00e9rifi\u00e9 que la configuration informatique utilis\u00e9e ne contient aucun virus et qu&rsquo;elle est en parfait \u00e9tat de fonctionnement.<br> M. Karim RIMAN met tout en \u0153uvre pour offrir aux utilisateurs des informations et\/ou des outils disponibles et v\u00e9rifi\u00e9s mais ne saurait \u00eatre tenue pour responsable des erreurs, d&rsquo;une absence de disponibilit\u00e9 des fonctionnalit\u00e9s et\/ou de la pr\u00e9sence de virus sur son site.<br>Les informations fournies par  M. Karim RIMAN le sont \u00e0 titre indicatif et ne sauraient dispenser l&rsquo;utilisateur d&rsquo;une analyse compl\u00e9mentaire et personnalis\u00e9e.<br>En cons\u00e9quence, l&rsquo;utilisateur reconna\u00eet utiliser ces informations sous sa responsabilit\u00e9 exclusive.<\/p>\n","protected":false},"excerpt":{"rendered":"<p>Conform\u00e9ment aux dispositions des articles 6-III et 19 de la loi pour la Confiance dans l&rsquo;\u00c9conomie Num\u00e9rique : Editeur &amp; [&hellip;]<\/p>\n","protected":false},"author":1,"featured_media":0,"parent":0,"menu_order":0,"comment_status":"closed","ping_status":"closed","template":"","meta":{"_monsterinsights_skip_tracking":false,"_monsterinsights_sitenote_active":false,"_monsterinsights_sitenote_note":"","_monsterinsights_sitenote_category":0,"footnotes":""},"class_list":["post-3145","page","type-page","status-publish","hentry"],"_links":{"self":[{"href":"https:\/\/www.consultant-agriculture-ecologique.com\/fr\/wp-json\/wp\/v2\/pages\/3145","targetHints":{"allow":["GET"]}}],"collection":[{"href":"https:\/\/www.consultant-agriculture-ecologique.com\/fr\/wp-json\/wp\/v2\/pages"}],"about":[{"href":"https:\/\/www.consultant-agriculture-ecologique.com\/fr\/wp-json\/wp\/v2\/types\/page"}],"author":[{"embeddable":true,"href":"https:\/\/www.consultant-agriculture-ecologique.com\/fr\/wp-json\/wp\/v2\/users\/1"}],"replies":[{"embeddable":true,"href":"https:\/\/www.consultant-agriculture-ecologique.com\/fr\/wp-json\/wp\/v2\/comments?post=3145"}],"version-history":[{"count":1,"href":"https:\/\/www.consultant-agriculture-ecologique.com\/fr\/wp-json\/wp\/v2\/pages\/3145\/revisions"}],"predecessor-version":[{"id":3146,"href":"https:\/\/www.consultant-agriculture-ecologique.com\/fr\/wp-json\/wp\/v2\/pages\/3145\/revisions\/3146"}],"wp:attachment":[{"href":"https:\/\/www.consultant-agriculture-ecologique.com\/fr\/wp-json\/wp\/v2\/media?parent=3145"}],"curies":[{"name":"wp","href":"https:\/\/api.w.org\/{rel}","templated":true}]}}