{"id":2673,"date":"2021-08-28T19:23:17","date_gmt":"2021-08-28T17:23:17","guid":{"rendered":"http:\/\/www.consultant-agriculture-ecologique.com\/?page_id=2673"},"modified":"2025-02-20T22:39:21","modified_gmt":"2025-02-20T21:39:21","slug":"missions-pour-les-collectivites-etudes-avec-forte-orientation-agronomie","status":"publish","type":"page","link":"https:\/\/www.consultant-agriculture-ecologique.com\/fr\/missions-pour-les-collectivites-etudes-avec-forte-orientation-agronomie\/","title":{"rendered":"Missions pour les collectivit\u00e9s &#8211; \u00c9tudes avec forte orientation agronomie"},"content":{"rendered":"\t\t<div data-elementor-type=\"wp-page\" data-elementor-id=\"2673\" class=\"elementor elementor-2673\">\n\t\t\t\t\t\t<section class=\"elementor-section elementor-top-section elementor-element elementor-element-3a05b19 elementor-section-boxed elementor-section-height-default elementor-section-height-default\" data-id=\"3a05b19\" data-element_type=\"section\" data-e-type=\"section\">\n\t\t\t\t\t\t<div class=\"elementor-container elementor-column-gap-default\">\n\t\t\t\t\t<div class=\"elementor-column elementor-col-100 elementor-top-column elementor-element elementor-element-9ae2e71\" data-id=\"9ae2e71\" data-element_type=\"column\" data-e-type=\"column\">\n\t\t\t<div class=\"elementor-widget-wrap elementor-element-populated\">\n\t\t\t\t\t\t<div class=\"elementor-element elementor-element-c8d356d elementor-widget elementor-widget-text-editor\" data-id=\"c8d356d\" data-element_type=\"widget\" data-e-type=\"widget\" data-widget_type=\"text-editor.default\">\n\t\t\t\t<div class=\"elementor-widget-container\">\n\t\t\t\t\t\t\t\t\t<h2 class=\"trail-title\">\u00c9tudes avec forte orientation agronomie<\/h2>\t\t\t\t\t\t\t\t<\/div>\n\t\t\t\t<\/div>\n\t\t\t\t\t<\/div>\n\t\t<\/div>\n\t\t\t\t\t<\/div>\n\t\t<\/section>\n\t\t\t\t<section class=\"elementor-section elementor-top-section elementor-element elementor-element-055f14a elementor-section-boxed elementor-section-height-default elementor-section-height-default\" data-id=\"055f14a\" data-element_type=\"section\" data-e-type=\"section\">\n\t\t\t\t\t\t<div class=\"elementor-container elementor-column-gap-default\">\n\t\t\t\t\t<div class=\"elementor-column elementor-col-100 elementor-top-column elementor-element elementor-element-c735f41\" data-id=\"c735f41\" data-element_type=\"column\" data-e-type=\"column\">\n\t\t\t<div class=\"elementor-widget-wrap elementor-element-populated\">\n\t\t\t\t\t\t<div class=\"elementor-element elementor-element-ce174c1 elementor-widget elementor-widget-text-editor\" data-id=\"ce174c1\" data-element_type=\"widget\" data-e-type=\"widget\" data-widget_type=\"text-editor.default\">\n\t\t\t\t<div class=\"elementor-widget-container\">\n\t\t\t\t\t\t\t\t\t<p>\u00a0<\/p><ul><li><b>\u00c9tude de la qualit\u00e9 des sols du domaine de Canav\u00e9rier dans le cadre d&rsquo;un projet agricole ou agro-pastoral<br \/><\/b><\/li><li><p>Collaboration: C\u00e9lesta-Lab<\/p><p>Ma\u00eetrise d\u2019ouvrage: Syndicat Mixte de Camargue Gardoise<\/p><\/li><li><p>\u00c9tude :\u00a0 2018 &#8211; mars 2019<\/p><\/li><\/ul><ul><li><b>Assistance technique pour la mise en place et le suivi\u00a0 de pratiques agricoles alternatives en ol\u00e9iculture dans le cadre du programme \u00ab LIFE des Alpilles \u00bb \u00a02016-2018<\/b><p>Collaboration:\u00a0TERO<\/p><p>Ma\u00eetrise d\u2019ouvrage: Syndicat Mixte de Gestion du\u00a0<a href=\"http:\/\/www.parc-alpilles.fr\/\" target=\"_blank\" rel=\"noopener\">PNRA<\/a>\u00a0&#8211; Parc Naturel R\u00e9gional des Alpilles<\/p><p>\u00c9tude termin\u00e9e fin d\u00e9cembre 2018<\/p><\/li><\/ul><ul><li><p><strong>Evaluation de la fertilit\u00e9 du sol de la ferme des argiles abandonn\u00e9e en vue d\u2019installer des agriculteurs 2014<\/strong><\/p><\/li><\/ul><p>Ma\u00eetrise d\u2019ouvrage: Mairie de Gargas<\/p><p>\u00c9tude termin\u00e9e mars 2014<\/p><ul><li><strong>\u00c9tude technico-\u00e9conomique pour le d\u00e9veloppement et l\u2019installation d\u2019une activit\u00e9 de mara\u00eechage bio sur le c\u0153ur agro-urbain de l\u2019\u00e9co-quartier de Mont\u00e9vrain &#8211; 2013-2014<\/strong><\/li><\/ul><p>Collaboration:\u00a0Cabinet Blezat Consulting (devenu <a href=\"https:\/\/www.consultant-agriculture-ecologique.com\/fr\/les-institutionnels\/\" target=\"_blank\" rel=\"noopener\">CERESCO<\/a>)<\/p><p>Ma\u00eetrise d\u2019ouvrage: EPAMARNE<\/p><p>\u00c9tude termin\u00e9e f\u00e9vrier 2014<\/p>\t\t\t\t\t\t\t\t<\/div>\n\t\t\t\t<\/div>\n\t\t\t\t\t<\/div>\n\t\t<\/div>\n\t\t\t\t\t<\/div>\n\t\t<\/section>\n\t\t\t\t<section class=\"elementor-section elementor-top-section elementor-element elementor-element-f0dea3f elementor-section-boxed elementor-section-height-default elementor-section-height-default\" data-id=\"f0dea3f\" data-element_type=\"section\" data-e-type=\"section\">\n\t\t\t\t\t\t<div class=\"elementor-container elementor-column-gap-default\">\n\t\t\t\t\t<div class=\"elementor-column elementor-col-100 elementor-top-column elementor-element elementor-element-5c235ac\" data-id=\"5c235ac\" data-element_type=\"column\" data-e-type=\"column\">\n\t\t\t<div class=\"elementor-widget-wrap elementor-element-populated\">\n\t\t\t\t\t\t<div class=\"elementor-element elementor-element-c442e6d elementor-widget elementor-widget-spacer\" data-id=\"c442e6d\" data-element_type=\"widget\" data-e-type=\"widget\" data-widget_type=\"spacer.default\">\n\t\t\t\t<div class=\"elementor-widget-container\">\n\t\t\t\t\t\t\t<div class=\"elementor-spacer\">\n\t\t\t<div class=\"elementor-spacer-inner\"><\/div>\n\t\t<\/div>\n\t\t\t\t\t\t<\/div>\n\t\t\t\t<\/div>\n\t\t\t\t\t<\/div>\n\t\t<\/div>\n\t\t\t\t\t<\/div>\n\t\t<\/section>\n\t\t\t\t<\/div>\n\t\t","protected":false},"excerpt":{"rendered":"<p>\u00c9tudes avec forte orientation agronomie \u00a0 \u00c9tude de la qualit\u00e9 des sols du domaine de Canav\u00e9rier dans le cadre d&rsquo;un [&hellip;]<\/p>\n","protected":false},"author":1,"featured_media":0,"parent":0,"menu_order":0,"comment_status":"closed","ping_status":"closed","template":"","meta":{"_monsterinsights_skip_tracking":false,"_monsterinsights_sitenote_active":false,"_monsterinsights_sitenote_note":"","_monsterinsights_sitenote_category":0,"footnotes":""},"class_list":["post-2673","page","type-page","status-publish","hentry"],"_links":{"self":[{"href":"https:\/\/www.consultant-agriculture-ecologique.com\/fr\/wp-json\/wp\/v2\/pages\/2673","targetHints":{"allow":["GET"]}}],"collection":[{"href":"https:\/\/www.consultant-agriculture-ecologique.com\/fr\/wp-json\/wp\/v2\/pages"}],"about":[{"href":"https:\/\/www.consultant-agriculture-ecologique.com\/fr\/wp-json\/wp\/v2\/types\/page"}],"author":[{"embeddable":true,"href":"https:\/\/www.consultant-agriculture-ecologique.com\/fr\/wp-json\/wp\/v2\/users\/1"}],"replies":[{"embeddable":true,"href":"https:\/\/www.consultant-agriculture-ecologique.com\/fr\/wp-json\/wp\/v2\/comments?post=2673"}],"version-history":[{"count":4,"href":"https:\/\/www.consultant-agriculture-ecologique.com\/fr\/wp-json\/wp\/v2\/pages\/2673\/revisions"}],"predecessor-version":[{"id":5737,"href":"https:\/\/www.consultant-agriculture-ecologique.com\/fr\/wp-json\/wp\/v2\/pages\/2673\/revisions\/5737"}],"wp:attachment":[{"href":"https:\/\/www.consultant-agriculture-ecologique.com\/fr\/wp-json\/wp\/v2\/media?parent=2673"}],"curies":[{"name":"wp","href":"https:\/\/api.w.org\/{rel}","templated":true}]}}