{"id":1886,"date":"2021-06-14T17:20:09","date_gmt":"2021-06-14T15:20:09","guid":{"rendered":"http:\/\/www.consultant-agriculture-ecologique.com\/?page_id=1886"},"modified":"2022-02-03T21:07:14","modified_gmt":"2022-02-03T20:07:14","slug":"eco-vignobles-le-vignoble","status":"publish","type":"page","link":"https:\/\/www.consultant-agriculture-ecologique.com\/fr\/eco-vignobles-le-vignoble\/","title":{"rendered":"Eco Vignobles &#8211; Le vignoble"},"content":{"rendered":"\t\t<div data-elementor-type=\"wp-page\" data-elementor-id=\"1886\" class=\"elementor elementor-1886\">\n\t\t\t\t\t\t<section class=\"elementor-section elementor-top-section elementor-element elementor-element-3a0878a elementor-section-boxed elementor-section-height-default elementor-section-height-default\" data-id=\"3a0878a\" data-element_type=\"section\" data-e-type=\"section\">\n\t\t\t\t\t\t<div class=\"elementor-container elementor-column-gap-default\">\n\t\t\t\t\t<div class=\"elementor-column elementor-col-100 elementor-top-column elementor-element elementor-element-384a29e\" data-id=\"384a29e\" data-element_type=\"column\" data-e-type=\"column\">\n\t\t\t<div class=\"elementor-widget-wrap elementor-element-populated\">\n\t\t\t\t\t\t<div class=\"elementor-element elementor-element-de24d9b elementor-widget elementor-widget-text-editor\" data-id=\"de24d9b\" data-element_type=\"widget\" data-e-type=\"widget\" data-widget_type=\"text-editor.default\">\n\t\t\t\t<div class=\"elementor-widget-container\">\n\t\t\t\t\t\t\t\t\t<section class=\"article-render news-details\"><div class=\"tiny\"><h3 style=\"text-align: center;\">LE VIGNOBLE &#8211;\u00a0 OBJECTIF: LA DURABILIT\u00c9<\/h3><p><strong>Le pari technique a \u00e9t\u00e9 relev\u00e9 :<\/strong>\u00a0<\/p><ul><li>Restructurer et maintenir ces vignes \u00e2g\u00e9es (certaines d\u00e9passent les 60 ans) et leur faire exprimer le meilleur \u00e0 travers les produits frais et transform\u00e9s ;<\/li><li>Restaurer la fertilit\u00e9 du sol sans intrants exog\u00e8nes ni min\u00e9raux ni organiques ;<\/li><li>Ma\u00eetriser la protection du vignoble avec peu de produits et de passages pour traiter ; \u00e9liminer peu \u00e0 peu les maladies du bois par le changement de conduite (taille douce et respectant le circuit de s\u00e8ve) de la vigne.<\/li><li>R\u00e9duire au maximum la consommation de gasoil : en 2020, consommation de 65 litres \/ha\/an<\/li><\/ul><p>Le bilan \u00e9nerg\u00e9tique et environnemental \u00e9tait tr\u00e8s bon avec Plan\u00e8te en 2009, il a \u00e9t\u00e9 renouvel\u00e9 pour l&rsquo;ann\u00e9e 2012 avec Dia&rsquo;terre.<\/p><p><strong>L&rsquo;humain est au centre de l&rsquo;entreprise<\/strong>, avec formation et maintien de l&#8217;emploi de personnes r\u00e9guli\u00e8rement pr\u00e9sentes dans l&rsquo;entreprise, pour la taille, l&rsquo;entretien des vignes et les vendanges.<\/p><p>Je participe personnellement \u00e0 tous les travaux, en particulier les travaux du sol et les traitements.<\/p><p><strong>L&rsquo;\u00e9quilibre \u00e9conomique est en passe d&rsquo;\u00eatre atteint, gr\u00e2ce \u00e0 la nouvelle plantation.<\/strong><\/p><\/div><\/section><section class=\"article-render news-details\"><div class=\"tiny\"><h3 style=\"text-align: center;\">DIAGNOSTIC DE PERFORMANCE \u00c9NERG\u00c9TIQUE<\/h3><p><em>(Diagnostic r\u00e9alis\u00e9 avec l&rsquo;outil Plan\u00e8te en 2009)<\/em><\/p><p>L&rsquo;efficacit\u00e9 \u00e9nerg\u00e9tique du Domaine est de 0.66 EQF\/ha (\u00e9quivalent fioul) inf\u00e9rieure \u00e0 celle des fermes comparables (0.86 EQF\/ha)<\/p><p>Le CO2 est le seul Gaz \u00e0 effet de serre rejet\u00e9 0.9 \u00e9quivalent tCO2\/ha. Le pouvoir de r\u00e9chauffement g\u00e9n\u00e9ral (PRG) de reste inf\u00e9rieur \u00e0 celui du groupe de r\u00e9f\u00e9rence qui est de 5.2 \u00e9qtCO2\/ha.<\/p><\/div><\/section>\t\t\t\t\t\t\t\t<\/div>\n\t\t\t\t<\/div>\n\t\t\t\t\t<\/div>\n\t\t<\/div>\n\t\t\t\t\t<\/div>\n\t\t<\/section>\n\t\t\t\t<\/div>\n\t\t","protected":false},"excerpt":{"rendered":"<p>LE VIGNOBLE &#8211;\u00a0 OBJECTIF: LA DURABILIT\u00c9 Le pari technique a \u00e9t\u00e9 relev\u00e9 :\u00a0 Restructurer et maintenir ces vignes \u00e2g\u00e9es (certaines [&hellip;]<\/p>\n","protected":false},"author":1,"featured_media":0,"parent":0,"menu_order":0,"comment_status":"closed","ping_status":"closed","template":"","meta":{"_monsterinsights_skip_tracking":false,"_monsterinsights_sitenote_active":false,"_monsterinsights_sitenote_note":"","_monsterinsights_sitenote_category":0,"footnotes":""},"class_list":["post-1886","page","type-page","status-publish","hentry"],"_links":{"self":[{"href":"https:\/\/www.consultant-agriculture-ecologique.com\/fr\/wp-json\/wp\/v2\/pages\/1886","targetHints":{"allow":["GET"]}}],"collection":[{"href":"https:\/\/www.consultant-agriculture-ecologique.com\/fr\/wp-json\/wp\/v2\/pages"}],"about":[{"href":"https:\/\/www.consultant-agriculture-ecologique.com\/fr\/wp-json\/wp\/v2\/types\/page"}],"author":[{"embeddable":true,"href":"https:\/\/www.consultant-agriculture-ecologique.com\/fr\/wp-json\/wp\/v2\/users\/1"}],"replies":[{"embeddable":true,"href":"https:\/\/www.consultant-agriculture-ecologique.com\/fr\/wp-json\/wp\/v2\/comments?post=1886"}],"version-history":[{"count":11,"href":"https:\/\/www.consultant-agriculture-ecologique.com\/fr\/wp-json\/wp\/v2\/pages\/1886\/revisions"}],"predecessor-version":[{"id":5445,"href":"https:\/\/www.consultant-agriculture-ecologique.com\/fr\/wp-json\/wp\/v2\/pages\/1886\/revisions\/5445"}],"wp:attachment":[{"href":"https:\/\/www.consultant-agriculture-ecologique.com\/fr\/wp-json\/wp\/v2\/media?parent=1886"}],"curies":[{"name":"wp","href":"https:\/\/api.w.org\/{rel}","templated":true}]}}