{"id":1884,"date":"2021-06-14T17:19:30","date_gmt":"2021-06-14T15:19:30","guid":{"rendered":"http:\/\/www.consultant-agriculture-ecologique.com\/?page_id=1884"},"modified":"2022-02-04T16:40:18","modified_gmt":"2022-02-04T15:40:18","slug":"eco-vignobles-philosophie","status":"publish","type":"page","link":"https:\/\/www.consultant-agriculture-ecologique.com\/fr\/eco-vignobles-philosophie\/","title":{"rendered":"Eco Vignobles &#8211; Philosophie"},"content":{"rendered":"\t\t<div data-elementor-type=\"wp-page\" data-elementor-id=\"1884\" class=\"elementor elementor-1884\">\n\t\t\t\t\t\t<section class=\"elementor-section elementor-top-section elementor-element elementor-element-8814881 elementor-section-boxed elementor-section-height-default elementor-section-height-default\" data-id=\"8814881\" data-element_type=\"section\" data-e-type=\"section\">\n\t\t\t\t\t\t<div class=\"elementor-container elementor-column-gap-default\">\n\t\t\t\t\t<div class=\"elementor-column elementor-col-100 elementor-top-column elementor-element elementor-element-8cd59bf\" data-id=\"8cd59bf\" data-element_type=\"column\" data-e-type=\"column\">\n\t\t\t<div class=\"elementor-widget-wrap elementor-element-populated\">\n\t\t\t\t\t\t<div class=\"elementor-element elementor-element-097cd01 elementor-widget elementor-widget-text-editor\" data-id=\"097cd01\" data-element_type=\"widget\" data-e-type=\"widget\" data-widget_type=\"text-editor.default\">\n\t\t\t\t<div class=\"elementor-widget-container\">\n\t\t\t\t\t\t\t\t\t<h3 style=\"text-align: center;\">PHILOSOPHIE DES PRATIQUES AU VIGNOBLE<\/h3>\t\t\t\t\t\t\t\t<\/div>\n\t\t\t\t<\/div>\n\t\t\t\t\t<\/div>\n\t\t<\/div>\n\t\t\t\t\t<\/div>\n\t\t<\/section>\n\t\t\t\t<section class=\"elementor-section elementor-top-section elementor-element elementor-element-08f46f1 elementor-section-boxed elementor-section-height-default elementor-section-height-default\" data-id=\"08f46f1\" data-element_type=\"section\" data-e-type=\"section\">\n\t\t\t\t\t\t<div class=\"elementor-container elementor-column-gap-default\">\n\t\t\t\t\t<div class=\"elementor-column elementor-col-50 elementor-top-column elementor-element elementor-element-2be6a45\" data-id=\"2be6a45\" data-element_type=\"column\" data-e-type=\"column\">\n\t\t\t<div class=\"elementor-widget-wrap elementor-element-populated\">\n\t\t\t\t\t\t<div class=\"elementor-element elementor-element-57d7b23 elementor-widget elementor-widget-text-editor\" data-id=\"57d7b23\" data-element_type=\"widget\" data-e-type=\"widget\" data-widget_type=\"text-editor.default\">\n\t\t\t\t<div class=\"elementor-widget-container\">\n\t\t\t\t\t\t\t\t\t<p><strong>Le domaine exp\u00e9rimental\u00a0<\/strong>permet d&rsquo;explorer et de mettre en \u0153uvre des pratiques innovantes, afin d&rsquo;en faire profiter mes clients viticulteurs mais \u00e9galement arboriculteurs.<\/p><p>T\u00e9moignage au <a href=\"https:\/\/www.tech-n-bio.com\/fr\" target=\"_blank\" rel=\"noopener\">Tech n Bio<\/a> dans la Dr\u00f4me\u00a0 du 21 au 23 septembre 2021. Stand Gestion des sols ITAB\/INRAe<\/p><p>\u00a0<\/p>\t\t\t\t\t\t\t\t<\/div>\n\t\t\t\t<\/div>\n\t\t\t\t\t<\/div>\n\t\t<\/div>\n\t\t\t\t<div class=\"elementor-column elementor-col-50 elementor-top-column elementor-element elementor-element-64e7008\" data-id=\"64e7008\" data-element_type=\"column\" data-e-type=\"column\">\n\t\t\t<div class=\"elementor-widget-wrap elementor-element-populated\">\n\t\t\t\t\t\t<div class=\"elementor-element elementor-element-6d90fab elementor-invisible elementor-widget elementor-widget-image-gallery\" data-id=\"6d90fab\" data-element_type=\"widget\" data-e-type=\"widget\" data-settings=\"{&quot;_animation&quot;:&quot;fadeInDown&quot;}\" data-widget_type=\"image-gallery.default\">\n\t\t\t\t<div class=\"elementor-widget-container\">\n\t\t\t\t\t\t\t<div class=\"elementor-image-gallery\">\n\t\t\t<div id='gallery-1' class='gallery galleryid-1884 gallery-columns-1 gallery-size-medium'><figure class='gallery-item'>\n\t\t\t<div class='gallery-icon portrait'>\n\t\t\t\t<a data-elementor-open-lightbox=\"yes\" data-elementor-lightbox-slideshow=\"6d90fab\" data-elementor-lightbox-title=\"Karim_Riman_002\" data-e-action-hash=\"#elementor-action%3Aaction%3Dlightbox%26settings%3DeyJpZCI6MTkzNiwidXJsIjoiaHR0cHM6XC9cL3d3dy5jb25zdWx0YW50LWFncmljdWx0dXJlLWVjb2xvZ2lxdWUuY29tXC93cC1jb250ZW50XC91cGxvYWRzXC8yMDIxXC8wNlwvS2FyaW1fUmltYW5fMDAyLmpwZyIsInNsaWRlc2hvdyI6IjZkOTBmYWIifQ%3D%3D\" href='https:\/\/www.consultant-agriculture-ecologique.com\/wp-content\/uploads\/2021\/06\/Karim_Riman_002.jpg'><img fetchpriority=\"high\" decoding=\"async\" width=\"225\" height=\"300\" src=\"https:\/\/www.consultant-agriculture-ecologique.com\/wp-content\/uploads\/2021\/06\/Karim_Riman_002.jpg\" class=\"attachment-medium size-medium\" alt=\"\" \/><\/a>\n\t\t\t<\/div><\/figure>\n\t\t<\/div>\n\t\t<\/div>\n\t\t\t\t\t\t<\/div>\n\t\t\t\t<\/div>\n\t\t\t\t\t<\/div>\n\t\t<\/div>\n\t\t\t\t\t<\/div>\n\t\t<\/section>\n\t\t\t\t<section class=\"elementor-section elementor-top-section elementor-element elementor-element-4462e94 elementor-section-boxed elementor-section-height-default elementor-section-height-default\" data-id=\"4462e94\" data-element_type=\"section\" data-e-type=\"section\">\n\t\t\t\t\t\t<div class=\"elementor-container elementor-column-gap-default\">\n\t\t\t\t\t<div class=\"elementor-column elementor-col-100 elementor-top-column elementor-element elementor-element-4fc9e6d\" data-id=\"4fc9e6d\" data-element_type=\"column\" data-e-type=\"column\">\n\t\t\t<div class=\"elementor-widget-wrap elementor-element-populated\">\n\t\t\t\t\t\t<div class=\"elementor-element elementor-element-2440045 elementor-widget elementor-widget-text-editor\" data-id=\"2440045\" data-element_type=\"widget\" data-e-type=\"widget\" data-widget_type=\"text-editor.default\">\n\t\t\t\t<div class=\"elementor-widget-container\">\n\t\t\t\t\t\t\t\t\t<p>Les mots cl\u00e9s :\u00a0<a href=\"https:\/\/www.consultant-agriculture-ecologique.com\/fr\/\" target=\"_blank\" rel=\"noopener\">agriculture \u00e9cologique<\/a>, respect de la fertilit\u00e9 des sols, biodiversit\u00e9 augment\u00e9e, nutrition de la vigne par la gestion de l&rsquo;enherbement et de la vie du sol; contr\u00f4le sanitaire raisonn\u00e9, soufre dose minimale, cuivre dose r\u00e9duite avec un objectif de moins de 1.5 kg de Cu m\u00e9tal\/ha\/an et \u00e0 termes vigne sans cuivre en introduisant des huiles essentielles (orange douce par exemple ou fenugrec) ;\u00a0 \u00e9nergie de la vigne canalis\u00e9e ;\u00a0 taille \u00ab\u00a0douce\u00a0\u00bb dans le respect de la physiologie de la plante. Les produits expriment la quintessence du Terroir.<\/p><p><strong>L&rsquo;entretien de la fertilit\u00e9 du sol<\/strong> est r\u00e9alis\u00e9 par l&rsquo;enherbement naturel un rang sur deux. L&rsquo;herbe naturelle a \u00e9t\u00e9 jusqu&rsquo;en 2020 et tondue.<\/p><p>Quand les plantes p\u00e9rennes s&rsquo;installent (ch\u00eane ou autres), une intervention manuelle est tr\u00e8s efficace (1 fois en 7 ans) .<\/p><p>Depuis 2021 passage hivernal (2 fois) de la lame inter-cep Ferrand puis tonte\u00a0 l&rsquo;\u00e9t\u00e9\u00a0 avec le m\u00eame outil polyvalent.<\/p><p>L&rsquo;alternance tous les 2 ans de la rang\u00e9e travaill\u00e9e avec celle qui est enherb\u00e9e \u00e9tait la r\u00e8gle. \u00e0 partir de 2022, elle passera \u00e0 3 voire 4 ans.<\/p><p>L&rsquo;incorporation au sol de l&rsquo;enherbement a lieu apr\u00e8s vendange, apr\u00e8s la premi\u00e8re pluie d&rsquo;automne \u00e0 l&rsquo;aide d&rsquo;un simple d\u00e9compacteur \u00e0 dents \u00e0 10-15 cm de profondeur maximum.<\/p><p>Aucun intrant au sol n&rsquo;a \u00e9t\u00e9 apport\u00e9 depuis 2006, sauf dans une parcelle de raisin de table ayant un sol peu profond et o\u00f9 les vignes manquent de vigueur (en 2011 et 2012). Le plantier a re\u00e7u en mars 2017 un amendement organique de chez Germiflore \u00e0 1,2 T \/ha.<\/p><p><strong>La protection des vignes:\u00a0<\/strong>la recherche du nombre minimum de passages est la r\u00e8gle. La recherche de r\u00e9duction des doses de cuivre est continue. En 2008 et 2009, moins de 3 kg\/ha\/an de cuivre avaient \u00e9t\u00e9 utilis\u00e9s. 4 apports de soufre mouillable \u00e0 75% de la dose et 1 poudrage au soufre (15 kg \/ha) avec environ 5kg de bentonite en m\u00e9lange.<\/p><p>Gr\u00e2ce \u00e0 mon atomiseur IDEAL, en 2010 les apports ont \u00e9t\u00e9 de 2.5kg de Cuivre m\u00e9tal\/ha\/an ; depuis 2011 les apports oscillent entre 1.2 et 1.5 kg de Cu m\u00e9tal\/ha\/an.<\/p><p>La r\u00e9duction de doses de soufre a d\u00e9marr\u00e9 en 2010 avec l&rsquo;arr\u00eat du poudrage pour des raisons environnementales et de voisinage\u00a0:<\/p><ul><li>utilisation de produits alternatifs, stimulateur des d\u00e9fenses naturelles, pour aider la vigne face \u00e0 l&rsquo;o\u00efdium, Fenugrec et Huile essentielle d&rsquo;orange douce<\/li><li>r\u00e9duction de dose en soufre\u00a0de 50 \u00e0 75% des doses pr\u00e9conis\u00e9es en soufre mouillable.<\/li><\/ul><p>Par ailleurs j&rsquo;utilise des acides amin\u00e9s ou engrais foliaires azot\u00e9s en appoint\u00a0 et des mouillants \u00e0 base de terp\u00e8ne de pin pour fixer les produits et r\u00e9duire les doses et le nombre de passages en cas de pluies <strong>surtout en encadrement de la fleur<\/strong>.<\/p><p>La pression des vers de la grappe est limit\u00e9e par l&rsquo;environnement des vignes, leur pr\u00e9sence est contr\u00f4l\u00e9e par des pi\u00e8ges sexuels \u00e0 ph\u00e9romones. Si besoin, ils sont trait\u00e9s en alternance entre Bacillus Thuringiensis (BT) et Spinosad :1 \u00e0 2\u00a0traitements sur Muscat noir et 1 sur raisin de cuve. La premi\u00e8re g\u00e9n\u00e9ration n&rsquo;est jamais trait\u00e9e.<\/p>\t\t\t\t\t\t\t\t<\/div>\n\t\t\t\t<\/div>\n\t\t\t\t\t<\/div>\n\t\t<\/div>\n\t\t\t\t\t<\/div>\n\t\t<\/section>\n\t\t\t\t<section class=\"elementor-section elementor-top-section elementor-element elementor-element-ee015eb elementor-section-boxed elementor-section-height-default elementor-section-height-default\" data-id=\"ee015eb\" data-element_type=\"section\" data-e-type=\"section\">\n\t\t\t\t\t\t<div class=\"elementor-container elementor-column-gap-default\">\n\t\t\t\t\t<div class=\"elementor-column elementor-col-100 elementor-top-column elementor-element elementor-element-81feab0\" data-id=\"81feab0\" data-element_type=\"column\" data-e-type=\"column\">\n\t\t\t<div class=\"elementor-widget-wrap elementor-element-populated\">\n\t\t\t\t\t\t<div class=\"elementor-element elementor-element-164aa8f elementor-widget elementor-widget-text-editor\" data-id=\"164aa8f\" data-element_type=\"widget\" data-e-type=\"widget\" data-widget_type=\"text-editor.default\">\n\t\t\t\t<div class=\"elementor-widget-container\">\n\t\t\t\t\t\t\t\t\t<h2 style=\"text-align: center;\">Photos<\/h2>\t\t\t\t\t\t\t\t<\/div>\n\t\t\t\t<\/div>\n\t\t\t\t\t<\/div>\n\t\t<\/div>\n\t\t\t\t\t<\/div>\n\t\t<\/section>\n\t\t\t\t<section class=\"elementor-section elementor-top-section elementor-element elementor-element-21fad9d elementor-section-boxed elementor-section-height-default elementor-section-height-default\" data-id=\"21fad9d\" data-element_type=\"section\" data-e-type=\"section\">\n\t\t\t\t\t\t<div class=\"elementor-container elementor-column-gap-default\">\n\t\t\t\t\t<div class=\"elementor-column elementor-col-100 elementor-top-column elementor-element elementor-element-d99937f\" data-id=\"d99937f\" data-element_type=\"column\" data-e-type=\"column\">\n\t\t\t<div class=\"elementor-widget-wrap elementor-element-populated\">\n\t\t\t\t\t\t<div class=\"elementor-element elementor-element-a59328b elementor-arrows-position-outside elementor-pagination-position-outside elementor-widget elementor-widget-image-carousel\" data-id=\"a59328b\" data-element_type=\"widget\" data-e-type=\"widget\" data-settings=\"{&quot;slides_to_show&quot;:&quot;1&quot;,&quot;navigation&quot;:&quot;both&quot;,&quot;autoplay&quot;:&quot;yes&quot;,&quot;pause_on_hover&quot;:&quot;yes&quot;,&quot;pause_on_interaction&quot;:&quot;yes&quot;,&quot;autoplay_speed&quot;:5000,&quot;infinite&quot;:&quot;yes&quot;,&quot;effect&quot;:&quot;slide&quot;,&quot;speed&quot;:500}\" data-widget_type=\"image-carousel.default\">\n\t\t\t\t<div class=\"elementor-widget-container\">\n\t\t\t\t\t\t\t<div class=\"elementor-image-carousel-wrapper swiper\" role=\"region\" aria-roledescription=\"carousel\" aria-label=\"Carrousel d\u2019images\" dir=\"ltr\">\n\t\t\t<div class=\"elementor-image-carousel swiper-wrapper\" aria-live=\"off\">\n\t\t\t\t\t\t\t\t<div class=\"swiper-slide\" role=\"group\" aria-roledescription=\"slide\" aria-label=\"1 sur 25\"><figure class=\"swiper-slide-inner\"><img decoding=\"async\" class=\"swiper-slide-image\" src=\"https:\/\/www.consultant-agriculture-ecologique.com\/wp-content\/uploads\/2021\/07\/DSCN5684-768x512.jpg\" alt=\"\" \/><\/figure><\/div><div class=\"swiper-slide\" role=\"group\" aria-roledescription=\"slide\" aria-label=\"2 sur 25\"><figure class=\"swiper-slide-inner\"><img decoding=\"async\" class=\"swiper-slide-image\" src=\"https:\/\/www.consultant-agriculture-ecologique.com\/wp-content\/uploads\/2021\/06\/transp-650x433-resizeFill.DSCN6123.1.jpg\" alt=\"une araign\u00e9e avec ses petits sept 2019\" \/><figcaption class=\"elementor-image-carousel-caption\">une araign\u00e9e avec ses petits sept 2019<\/figcaption><\/figure><\/div><div class=\"swiper-slide\" role=\"group\" aria-roledescription=\"slide\" aria-label=\"3 sur 25\"><figure class=\"swiper-slide-inner\"><img decoding=\"async\" class=\"swiper-slide-image\" src=\"https:\/\/www.consultant-agriculture-ecologique.com\/wp-content\/uploads\/2021\/07\/DSCN6125-768x512.jpg\" alt=\"\" \/><\/figure><\/div><div class=\"swiper-slide\" role=\"group\" aria-roledescription=\"slide\" aria-label=\"4 sur 25\"><figure class=\"swiper-slide-inner\"><img decoding=\"async\" class=\"swiper-slide-image\" src=\"https:\/\/www.consultant-agriculture-ecologique.com\/wp-content\/uploads\/2021\/06\/transp-650x433-resizeFill.DSCN5680.1.jpg\" alt=\"raisin de table en T-Borde\" \/><figcaption class=\"elementor-image-carousel-caption\">raisin de table en T-Borde<\/figcaption><\/figure><\/div><div class=\"swiper-slide\" role=\"group\" aria-roledescription=\"slide\" aria-label=\"5 sur 25\"><figure class=\"swiper-slide-inner\"><img decoding=\"async\" class=\"swiper-slide-image\" src=\"https:\/\/www.consultant-agriculture-ecologique.com\/wp-content\/uploads\/2021\/06\/transp-650x433-resizeFill.Karim_N_B_ZP_1_sur_1_.jpg\" alt=\"c&#039;est moi!!\" \/><figcaption class=\"elementor-image-carousel-caption\">c'est moi!!<\/figcaption><\/figure><\/div><div class=\"swiper-slide\" role=\"group\" aria-roledescription=\"slide\" aria-label=\"6 sur 25\"><figure class=\"swiper-slide-inner\"><img decoding=\"async\" class=\"swiper-slide-image\" src=\"https:\/\/www.consultant-agriculture-ecologique.com\/wp-content\/uploads\/2021\/06\/transp-650x433-resizeFill.22112010371.3.jpg\" alt=\"p\u00e2turage d&#039;automne\/hiver dans les vignes\" \/><figcaption class=\"elementor-image-carousel-caption\">p\u00e2turage d'automne\/hiver dans les vignes<\/figcaption><\/figure><\/div><div class=\"swiper-slide\" role=\"group\" aria-roledescription=\"slide\" aria-label=\"7 sur 25\"><figure class=\"swiper-slide-inner\"><img decoding=\"async\" class=\"swiper-slide-image\" src=\"https:\/\/www.consultant-agriculture-ecologique.com\/wp-content\/uploads\/2021\/06\/transp-650x433-resizeFill.2012_2013_028.1.jpg\" alt=\"essai Dalle de jute : les sangliers ont ador\u00e9\" \/><figcaption class=\"elementor-image-carousel-caption\">essai Dalle de jute : les sangliers ont ador\u00e9<\/figcaption><\/figure><\/div><div class=\"swiper-slide\" role=\"group\" aria-roledescription=\"slide\" aria-label=\"8 sur 25\"><figure class=\"swiper-slide-inner\"><img decoding=\"async\" class=\"swiper-slide-image\" src=\"https:\/\/www.consultant-agriculture-ecologique.com\/wp-content\/uploads\/2021\/06\/transp-650x433-resizeFill.Photo0035.jpg\" alt=\"grenache vieille vigne: enherbement 1 rang sur 2 et sous le rang\" \/><figcaption class=\"elementor-image-carousel-caption\">grenache vieille vigne: enherbement 1 rang sur 2 et sous le rang<\/figcaption><\/figure><\/div><div class=\"swiper-slide\" role=\"group\" aria-roledescription=\"slide\" aria-label=\"9 sur 25\"><figure class=\"swiper-slide-inner\"><img decoding=\"async\" class=\"swiper-slide-image\" src=\"https:\/\/www.consultant-agriculture-ecologique.com\/wp-content\/uploads\/2021\/06\/transp-650x433-resizeFill.IMG_2618_3.jpg\" alt=\"les bienheureux des vendanges\" \/><figcaption class=\"elementor-image-carousel-caption\">les bienheureux des vendanges<\/figcaption><\/figure><\/div><div class=\"swiper-slide\" role=\"group\" aria-roledescription=\"slide\" aria-label=\"10 sur 25\"><figure class=\"swiper-slide-inner\"><img decoding=\"async\" class=\"swiper-slide-image\" src=\"https:\/\/www.consultant-agriculture-ecologique.com\/wp-content\/uploads\/2021\/06\/transp-650x433-resizeFill.IMG_2621_5.jpg\" alt=\"la bonne humeur lors de la r\u00e9colte du raisin de table\" \/><figcaption class=\"elementor-image-carousel-caption\">la bonne humeur lors de la r\u00e9colte du raisin de table<\/figcaption><\/figure><\/div><div class=\"swiper-slide\" role=\"group\" aria-roledescription=\"slide\" aria-label=\"11 sur 25\"><figure class=\"swiper-slide-inner\"><img decoding=\"async\" class=\"swiper-slide-image\" src=\"https:\/\/www.consultant-agriculture-ecologique.com\/wp-content\/uploads\/2021\/06\/transp-650x433-resizeFill.Muscat_en_photo.jpg\" alt=\"muscat de Hambourg\" \/><figcaption class=\"elementor-image-carousel-caption\">muscat de Hambourg<\/figcaption><\/figure><\/div><div class=\"swiper-slide\" role=\"group\" aria-roledescription=\"slide\" aria-label=\"12 sur 25\"><figure class=\"swiper-slide-inner\"><img decoding=\"async\" class=\"swiper-slide-image\" src=\"https:\/\/www.consultant-agriculture-ecologique.com\/wp-content\/uploads\/2021\/06\/transp-650x433-resizeFill.Photo0272.jpg\" alt=\"Nos produits avec le muscat : jus de raisin, confiture, p\u00e9tillant sans alcool\" \/><figcaption class=\"elementor-image-carousel-caption\">Nos produits avec le muscat : jus de raisin, confiture, p\u00e9tillant sans alcool<\/figcaption><\/figure><\/div><div class=\"swiper-slide\" role=\"group\" aria-roledescription=\"slide\" aria-label=\"13 sur 25\"><figure class=\"swiper-slide-inner\"><img decoding=\"async\" class=\"swiper-slide-image\" src=\"https:\/\/www.consultant-agriculture-ecologique.com\/wp-content\/uploads\/2021\/06\/transp-650x433-resizeFill.photo4_.jpeg\" alt=\"Cuv\u00e9e Natur Amori en rouge\" \/><figcaption class=\"elementor-image-carousel-caption\">Cuv\u00e9e Natur Amori en rouge<\/figcaption><\/figure><\/div><div class=\"swiper-slide\" role=\"group\" aria-roledescription=\"slide\" aria-label=\"14 sur 25\"><figure class=\"swiper-slide-inner\"><img decoding=\"async\" class=\"swiper-slide-image\" src=\"https:\/\/www.consultant-agriculture-ecologique.com\/wp-content\/uploads\/2021\/06\/transp-650x433-resizeFill.IMG_1167.1.jpg\" alt=\"en r\u00e9flexion\" \/><figcaption class=\"elementor-image-carousel-caption\">en r\u00e9flexion<\/figcaption><\/figure><\/div><div class=\"swiper-slide\" role=\"group\" aria-roledescription=\"slide\" aria-label=\"15 sur 25\"><figure class=\"swiper-slide-inner\"><img decoding=\"async\" class=\"swiper-slide-image\" src=\"https:\/\/www.consultant-agriculture-ecologique.com\/wp-content\/uploads\/2021\/06\/transp-650x433-resizeFill.IMG_1166.1.jpg\" alt=\"Philippe Pouchin en plein d\u00e9monstration avec Guillaume Rerolle\" \/><figcaption class=\"elementor-image-carousel-caption\">Philippe Pouchin en plein d\u00e9monstration avec Guillaume Rerolle<\/figcaption><\/figure><\/div><div class=\"swiper-slide\" role=\"group\" aria-roledescription=\"slide\" aria-label=\"16 sur 25\"><figure class=\"swiper-slide-inner\"><img decoding=\"async\" class=\"swiper-slide-image\" src=\"https:\/\/www.consultant-agriculture-ecologique.com\/wp-content\/uploads\/2021\/07\/DSCN6122-768x512.jpg\" alt=\"\" \/><\/figure><\/div><div class=\"swiper-slide\" role=\"group\" aria-roledescription=\"slide\" aria-label=\"17 sur 25\"><figure class=\"swiper-slide-inner\"><img decoding=\"async\" class=\"swiper-slide-image\" src=\"https:\/\/www.consultant-agriculture-ecologique.com\/wp-content\/uploads\/2021\/07\/DSCN5680-768x512.jpg\" alt=\"\" \/><\/figure><\/div><div class=\"swiper-slide\" role=\"group\" aria-roledescription=\"slide\" aria-label=\"18 sur 25\"><figure class=\"swiper-slide-inner\"><img decoding=\"async\" class=\"swiper-slide-image\" src=\"https:\/\/www.consultant-agriculture-ecologique.com\/wp-content\/uploads\/2022\/02\/DSCN5679-768x512.jpg\" alt=\"DSCN5679\" \/><\/figure><\/div><div class=\"swiper-slide\" role=\"group\" aria-roledescription=\"slide\" aria-label=\"19 sur 25\"><figure class=\"swiper-slide-inner\"><img decoding=\"async\" class=\"swiper-slide-image\" src=\"https:\/\/www.consultant-agriculture-ecologique.com\/wp-content\/uploads\/2022\/02\/DSCN5683-768x512.jpg\" alt=\"DSCN5683\" \/><\/figure><\/div><div class=\"swiper-slide\" role=\"group\" aria-roledescription=\"slide\" aria-label=\"20 sur 25\"><figure class=\"swiper-slide-inner\"><img decoding=\"async\" class=\"swiper-slide-image\" src=\"https:\/\/www.consultant-agriculture-ecologique.com\/wp-content\/uploads\/2022\/02\/DSCN6126-768x512.jpg\" alt=\"DSCN6126\" \/><\/figure><\/div><div class=\"swiper-slide\" role=\"group\" aria-roledescription=\"slide\" aria-label=\"21 sur 25\"><figure class=\"swiper-slide-inner\"><img decoding=\"async\" class=\"swiper-slide-image\" src=\"https:\/\/www.consultant-agriculture-ecologique.com\/wp-content\/uploads\/2022\/02\/DSCN6124-768x512.jpg\" alt=\"DSCN6124\" \/><\/figure><\/div><div class=\"swiper-slide\" role=\"group\" aria-roledescription=\"slide\" aria-label=\"22 sur 25\"><figure class=\"swiper-slide-inner\"><img decoding=\"async\" class=\"swiper-slide-image\" src=\"https:\/\/www.consultant-agriculture-ecologique.com\/wp-content\/uploads\/2022\/02\/DSCN5682-768x512.jpg\" alt=\"DSCN5682\" \/><\/figure><\/div><div class=\"swiper-slide\" role=\"group\" aria-roledescription=\"slide\" aria-label=\"23 sur 25\"><figure class=\"swiper-slide-inner\"><img decoding=\"async\" class=\"swiper-slide-image\" src=\"https:\/\/www.consultant-agriculture-ecologique.com\/wp-content\/uploads\/2022\/02\/DSCN5681-768x512.jpg\" alt=\"DSCN5681\" \/><\/figure><\/div><div class=\"swiper-slide\" role=\"group\" aria-roledescription=\"slide\" aria-label=\"24 sur 25\"><figure class=\"swiper-slide-inner\"><img decoding=\"async\" class=\"swiper-slide-image\" src=\"https:\/\/www.consultant-agriculture-ecologique.com\/wp-content\/uploads\/2022\/02\/DSCN6121-768x512.jpg\" alt=\"DSCN6121\" \/><\/figure><\/div><div class=\"swiper-slide\" role=\"group\" aria-roledescription=\"slide\" aria-label=\"25 sur 25\"><figure class=\"swiper-slide-inner\"><img decoding=\"async\" class=\"swiper-slide-image\" src=\"https:\/\/www.consultant-agriculture-ecologique.com\/wp-content\/uploads\/2022\/02\/DSCN5685-768x512.jpg\" alt=\"DSCN5685\" \/><\/figure><\/div>\t\t\t<\/div>\n\t\t\t\t\t\t\t\t\t\t\t\t<div class=\"elementor-swiper-button elementor-swiper-button-prev\" role=\"button\" tabindex=\"0\">\n\t\t\t\t\t\t<i aria-hidden=\"true\" class=\"eicon-chevron-left\"><\/i>\t\t\t\t\t<\/div>\n\t\t\t\t\t<div class=\"elementor-swiper-button elementor-swiper-button-next\" role=\"button\" tabindex=\"0\">\n\t\t\t\t\t\t<i aria-hidden=\"true\" class=\"eicon-chevron-right\"><\/i>\t\t\t\t\t<\/div>\n\t\t\t\t\n\t\t\t\t\t\t\t\t\t<div class=\"swiper-pagination\"><\/div>\n\t\t\t\t\t\t\t\t\t<\/div>\n\t\t\t\t\t\t<\/div>\n\t\t\t\t<\/div>\n\t\t\t\t\t<\/div>\n\t\t<\/div>\n\t\t\t\t\t<\/div>\n\t\t<\/section>\n\t\t\t\t<\/div>\n\t\t","protected":false},"excerpt":{"rendered":"<p>PHILOSOPHIE DES PRATIQUES AU VIGNOBLE Le domaine exp\u00e9rimental\u00a0permet d&rsquo;explorer et de mettre en \u0153uvre des pratiques innovantes, afin d&rsquo;en faire [&hellip;]<\/p>\n","protected":false},"author":1,"featured_media":0,"parent":0,"menu_order":0,"comment_status":"closed","ping_status":"closed","template":"","meta":{"_monsterinsights_skip_tracking":false,"_monsterinsights_sitenote_active":false,"_monsterinsights_sitenote_note":"","_monsterinsights_sitenote_category":0,"footnotes":""},"class_list":["post-1884","page","type-page","status-publish","hentry"],"_links":{"self":[{"href":"https:\/\/www.consultant-agriculture-ecologique.com\/fr\/wp-json\/wp\/v2\/pages\/1884","targetHints":{"allow":["GET"]}}],"collection":[{"href":"https:\/\/www.consultant-agriculture-ecologique.com\/fr\/wp-json\/wp\/v2\/pages"}],"about":[{"href":"https:\/\/www.consultant-agriculture-ecologique.com\/fr\/wp-json\/wp\/v2\/types\/page"}],"author":[{"embeddable":true,"href":"https:\/\/www.consultant-agriculture-ecologique.com\/fr\/wp-json\/wp\/v2\/users\/1"}],"replies":[{"embeddable":true,"href":"https:\/\/www.consultant-agriculture-ecologique.com\/fr\/wp-json\/wp\/v2\/comments?post=1884"}],"version-history":[{"count":31,"href":"https:\/\/www.consultant-agriculture-ecologique.com\/fr\/wp-json\/wp\/v2\/pages\/1884\/revisions"}],"predecessor-version":[{"id":5331,"href":"https:\/\/www.consultant-agriculture-ecologique.com\/fr\/wp-json\/wp\/v2\/pages\/1884\/revisions\/5331"}],"wp:attachment":[{"href":"https:\/\/www.consultant-agriculture-ecologique.com\/fr\/wp-json\/wp\/v2\/media?parent=1884"}],"curies":[{"name":"wp","href":"https:\/\/api.w.org\/{rel}","templated":true}]}}