{"id":1882,"date":"2021-06-14T17:18:54","date_gmt":"2021-06-14T15:18:54","guid":{"rendered":"http:\/\/www.consultant-agriculture-ecologique.com\/?page_id=1882"},"modified":"2025-02-17T12:07:13","modified_gmt":"2025-02-17T11:07:13","slug":"eco-vignobles","status":"publish","type":"page","link":"https:\/\/www.consultant-agriculture-ecologique.com\/fr\/eco-vignobles\/","title":{"rendered":"Eco Vignobles"},"content":{"rendered":"\t\t<div data-elementor-type=\"wp-page\" data-elementor-id=\"1882\" class=\"elementor elementor-1882\">\n\t\t\t\t\t\t<section class=\"elementor-section elementor-top-section elementor-element elementor-element-f1d9fc4 elementor-section-boxed elementor-section-height-default elementor-section-height-default\" data-id=\"f1d9fc4\" data-element_type=\"section\" data-e-type=\"section\">\n\t\t\t\t\t\t<div class=\"elementor-container elementor-column-gap-default\">\n\t\t\t\t\t<div class=\"elementor-column elementor-col-100 elementor-top-column elementor-element elementor-element-4579e9d\" data-id=\"4579e9d\" data-element_type=\"column\" data-e-type=\"column\">\n\t\t\t<div class=\"elementor-widget-wrap elementor-element-populated\">\n\t\t\t\t\t\t<div class=\"elementor-element elementor-element-e39ab8a elementor-widget elementor-widget-text-editor\" data-id=\"e39ab8a\" data-element_type=\"widget\" data-e-type=\"widget\" data-widget_type=\"text-editor.default\">\n\t\t\t\t<div class=\"elementor-widget-container\">\n\t\t\t\t\t\t\t\t\t<h3 style=\"text-align: center;\">VIGNOBLE EXP\u00c9RIMENTAL EN AGRICULTURE \u00c9COLOGIQUE CERTIFI\u00c9 BIO<\/h3>\t\t\t\t\t\t\t\t<\/div>\n\t\t\t\t<\/div>\n\t\t\t\t\t<\/div>\n\t\t<\/div>\n\t\t\t\t\t<\/div>\n\t\t<\/section>\n\t\t\t\t<section class=\"elementor-section elementor-top-section elementor-element elementor-element-d4aa2ce elementor-section-boxed elementor-section-height-default elementor-section-height-default\" data-id=\"d4aa2ce\" data-element_type=\"section\" data-e-type=\"section\">\n\t\t\t\t\t\t<div class=\"elementor-container elementor-column-gap-default\">\n\t\t\t\t\t<div class=\"elementor-column elementor-col-100 elementor-top-column elementor-element elementor-element-2b6fea3\" data-id=\"2b6fea3\" data-element_type=\"column\" data-e-type=\"column\">\n\t\t\t<div class=\"elementor-widget-wrap elementor-element-populated\">\n\t\t\t\t\t\t<div class=\"elementor-element elementor-element-c79b827 elementor-widget elementor-widget-text-editor\" data-id=\"c79b827\" data-element_type=\"widget\" data-e-type=\"widget\" data-widget_type=\"text-editor.default\">\n\t\t\t\t<div class=\"elementor-widget-container\">\n\t\t\t\t\t\t\t\t\t<p>L&rsquo;aventure a d\u00e9marr\u00e9 en 2006, par la location d&rsquo;1.5 ha de vieilles vignes de Muscat de Hambourg (raisin de table) vou\u00e9es \u00e0 l&rsquo;arrachage, situ\u00e9es \u00e0 Lagnes (Vaucluse). Elles sont toujours l\u00e0 ; 75 ares ont \u00e9t\u00e9 arrach\u00e9s en 2010 et 2012 pour y implanter une collection vari\u00e9tale de raisin de table en forme T-Bord (200 plants) le restant est au repos avec l&rsquo;enherbement naturel.<\/p><p>Les vignes sont men\u00e9es dans le respect du cahier des charges de l&rsquo;agriculture biologique depuis\u00a0\u00a02006, la certification a \u00e9t\u00e9 demand\u00e9e en 2008. Aujourd&rsquo;hui tout le domaine est en agriculture biologique. L&rsquo;esprit de la conduite est la\u00a0symbiose entre la vigne et le sol\u00a0par le d\u00e9veloppement de son potentiel biologique qui doit pourvoir \u00e0 la nutrition et \u00e0 la protection de la vigne.<\/p><p>En 2022, le domaine s&rsquo;est agrandi \u00e0 5ha50 avec production :<\/p><p><strong>Raisin<\/strong><\/p><ul><li>Raisin de table :<ul><li>Muscat de Hambourg sur 1ha75 (plant\u00e9es en 1958 et 1989)<\/li><li>Alphonse Lavall\u00e9e 0.93 ha (1993)<\/li><li>Collection vari\u00e9tale d&rsquo;environ 30 vari\u00e9t\u00e9s (200 plants) ; plant\u00e9e \u00e0 partir de 2011 avec la forme T-Borde \u00ab\u00a0adapt\u00e9e \u00ab\u00a0;<\/li><\/ul><\/li><li>Raisin de cuve<ul><li>Grenache 1ha 2 parcelles de vieilles vignes (1960 et 1982) ;<\/li><li>jeunes vignes 90 ares plant\u00e9es e<span class=\"tinymce-link-editable id500\">n mars 2013<\/span> en syrah (0.5ha) et grenache N (0.4ha) pour consolider la cuv\u00e9e sp\u00e9ciale Natur&rsquo;amori rouge renomm\u00e9e Balade en 2021. 2024 a vu une cuv\u00e9e \u00ab\u00a0primeur\u00a0\u00bb Lucien, d&rsquo;autres fois c&rsquo;est le ros\u00e9 (2018) qui est produit selon les besoins de la cave. <\/li><\/ul><\/li><li>\u00a050 ares sont\u00a0au repos avec l&rsquo;enherbement naturel enrichi de tr\u00e8fle violet.<\/li><\/ul><p>Les vignes sont situ\u00e9es dans l&rsquo;aire de l&rsquo;AOP C\u00f4tes du Ventoux.<\/p><p>Nous produisons du :<\/p><ul><li>raisin en frais, vendu \u00e0 l&rsquo;export chez Scramm-Naturkost et dans des magasins de proximit\u00e9 &#8211; Biocoop, L&rsquo;Isle Verte &#8211; et stands de producteurs.<\/li><li>\u00a0pur jus de raisin, noir (Muscat) et blanc (m\u00e9lange de vari\u00e9t\u00e9s gros vert, servan, italia blanc, dattier de Beyrouth, chasselas, talisman)<\/li><li>du Dibs &#8211;\u00a0 concentr\u00e9 &#8211;\u00a0 confiture de jus de raisin chasselas ou de muscat.<\/li><\/ul><p>\u00e0 une \u00e9poque nous avions r\u00e9alis\u00e9 un p\u00e9tillant de muscat (adjonction de \u00ab\u00a0bulles\u00a0\u00bb) Musca&rsquo;en bulles.<\/p><p>Depuis 2020, un jus de raisin pur muscat frais est r\u00e9alis\u00e9 par <a href=\"https:\/\/www.kookabarra.com\/bio\/32-54-raisin-noir-bio.html#\" target=\"_blank\" rel=\"noopener\">Kookabara<\/a> en cuv\u00e9e sp\u00e9ciale.<\/p><p>Le raisin de cuve est valoris\u00e9 par la\u00a0<a href=\"http:\/\/www.caveduluberon.com\/\" target=\"_blank\" rel=\"noopener\">cave du Luberon \u00e0 Maubec<\/a> (84) en vin rouge, cuv\u00e9e sp\u00e9ciale\u00a0 Natur&rsquo;amori deux fois m\u00e9daill\u00e9e.<\/p><p><strong>Les oliviers<\/strong> se sont joints \u00e0 la vigne en 2012, 50 arbres \u00e0 restructurer. Notre premi\u00e8re huile, exclusivement de nos olives, a \u00e9t\u00e9 produite par le Moulin du Plan de Dieu \u00e0 Travaillan (84) en janvier 2013. Belle production en janvier 2014. Par contre les r\u00e9coltes de\u00a0 2014 \u00e0 2020 (sauf 2015) ont \u00e9t\u00e9 faibles \u00e0\u00a0 nulles, pour cause en 2014 d&rsquo;un \u00e9pisode climatique \u00e0 la fleur accentu\u00e9 par l&rsquo;attaque de la mouche ; 2016 \u00e0 2020 la s\u00e9cheresse (pas d&rsquo;irrigation).<\/p><p>En, 2021 tr\u00e8s belle r\u00e9colte, transform\u00e9e par le Moulin Boudoire Fr\u00e8res \u00e0 M\u00e9rindol<\/p><p><strong>Les amandiers<\/strong> autour des vignes et j&rsquo;en ress\u00e8me d&rsquo;autres.<\/p><p><strong>2000 m2 de bois<\/strong> type Garrigue, que je r\u00e9g\u00e9n\u00e8re progressivement<\/p>\t\t\t\t\t\t\t\t<\/div>\n\t\t\t\t<\/div>\n\t\t\t\t\t<\/div>\n\t\t<\/div>\n\t\t\t\t\t<\/div>\n\t\t<\/section>\n\t\t\t\t<section class=\"elementor-section elementor-top-section elementor-element elementor-element-887e188 elementor-section-boxed elementor-section-height-default elementor-section-height-default\" data-id=\"887e188\" data-element_type=\"section\" data-e-type=\"section\">\n\t\t\t\t\t\t<div class=\"elementor-container elementor-column-gap-default\">\n\t\t\t\t\t<div class=\"elementor-column elementor-col-100 elementor-top-column elementor-element elementor-element-712cdb0\" data-id=\"712cdb0\" data-element_type=\"column\" data-e-type=\"column\">\n\t\t\t<div class=\"elementor-widget-wrap elementor-element-populated\">\n\t\t\t\t\t\t<div class=\"elementor-element elementor-element-3795f59 elementor-arrows-position-outside elementor-pagination-position-outside elementor-widget elementor-widget-image-carousel\" data-id=\"3795f59\" data-element_type=\"widget\" data-e-type=\"widget\" data-settings=\"{&quot;slides_to_show&quot;:&quot;1&quot;,&quot;navigation&quot;:&quot;both&quot;,&quot;autoplay&quot;:&quot;yes&quot;,&quot;pause_on_hover&quot;:&quot;yes&quot;,&quot;pause_on_interaction&quot;:&quot;yes&quot;,&quot;autoplay_speed&quot;:5000,&quot;infinite&quot;:&quot;yes&quot;,&quot;effect&quot;:&quot;slide&quot;,&quot;speed&quot;:500}\" data-widget_type=\"image-carousel.default\">\n\t\t\t\t<div class=\"elementor-widget-container\">\n\t\t\t\t\t\t\t<div class=\"elementor-image-carousel-wrapper swiper\" role=\"region\" aria-roledescription=\"carousel\" aria-label=\"Carrousel d\u2019images\" dir=\"ltr\">\n\t\t\t<div class=\"elementor-image-carousel swiper-wrapper\" aria-live=\"off\">\n\t\t\t\t\t\t\t\t<div class=\"swiper-slide\" role=\"group\" aria-roledescription=\"slide\" aria-label=\"1 sur 18\"><figure class=\"swiper-slide-inner\"><img decoding=\"async\" class=\"swiper-slide-image\" src=\"https:\/\/www.consultant-agriculture-ecologique.com\/wp-content\/uploads\/2021\/06\/transp-650x433-resize.2012_2013_065-300x200.jpg\" alt=\"Engrais vert entre 2 plantation\" \/><\/figure><\/div><div class=\"swiper-slide\" role=\"group\" aria-roledescription=\"slide\" aria-label=\"2 sur 18\"><figure class=\"swiper-slide-inner\"><img decoding=\"async\" class=\"swiper-slide-image\" src=\"https:\/\/www.consultant-agriculture-ecologique.com\/wp-content\/uploads\/2021\/06\/transp-650x433-resize.22112010373.2-300x200.jpg\" alt=\"transp-650x433-resize.22112010373.2\" \/><\/figure><\/div><div class=\"swiper-slide\" role=\"group\" aria-roledescription=\"slide\" aria-label=\"3 sur 18\"><figure class=\"swiper-slide-inner\"><img decoding=\"async\" class=\"swiper-slide-image\" src=\"https:\/\/www.consultant-agriculture-ecologique.com\/wp-content\/uploads\/2021\/06\/transp-650x433-resize.013_13.2-300x200.jpg\" alt=\"transp-650x433-resize.013_13.2\" \/><\/figure><\/div><div class=\"swiper-slide\" role=\"group\" aria-roledescription=\"slide\" aria-label=\"4 sur 18\"><figure class=\"swiper-slide-inner\"><img decoding=\"async\" class=\"swiper-slide-image\" src=\"https:\/\/www.consultant-agriculture-ecologique.com\/wp-content\/uploads\/2021\/06\/transp-650x433-resize.49870001-300x200.jpg\" alt=\"transp-650x433-resize.49870001\" \/><\/figure><\/div><div class=\"swiper-slide\" role=\"group\" aria-roledescription=\"slide\" aria-label=\"5 sur 18\"><figure class=\"swiper-slide-inner\"><img decoding=\"async\" class=\"swiper-slide-image\" src=\"https:\/\/www.consultant-agriculture-ecologique.com\/wp-content\/uploads\/2021\/06\/transp-650x433-resize.12092008008-300x200.jpg\" alt=\"transp-650x433-resize.12092008008\" \/><\/figure><\/div><div class=\"swiper-slide\" role=\"group\" aria-roledescription=\"slide\" aria-label=\"6 sur 18\"><figure class=\"swiper-slide-inner\"><img decoding=\"async\" class=\"swiper-slide-image\" src=\"https:\/\/www.consultant-agriculture-ecologique.com\/wp-content\/uploads\/2021\/06\/transp-650x433-resize.Photo0036-300x200.jpg\" alt=\"transp-650x433-resize.Photo0036\" \/><\/figure><\/div><div class=\"swiper-slide\" role=\"group\" aria-roledescription=\"slide\" aria-label=\"7 sur 18\"><figure class=\"swiper-slide-inner\"><img decoding=\"async\" class=\"swiper-slide-image\" src=\"https:\/\/www.consultant-agriculture-ecologique.com\/wp-content\/uploads\/2021\/06\/transp-650x433-resize.DSCN6125.1-300x200.jpg\" alt=\"transp-650x433-resize.DSCN6125.1\" \/><\/figure><\/div><div class=\"swiper-slide\" role=\"group\" aria-roledescription=\"slide\" aria-label=\"8 sur 18\"><figure class=\"swiper-slide-inner\"><img decoding=\"async\" class=\"swiper-slide-image\" src=\"https:\/\/www.consultant-agriculture-ecologique.com\/wp-content\/uploads\/2021\/06\/transp-650x433-resize.DSCN5684.1-300x200.jpg\" alt=\"transp-650x433-resize.DSCN5684.1\" \/><\/figure><\/div><div class=\"swiper-slide\" role=\"group\" aria-roledescription=\"slide\" aria-label=\"9 sur 18\"><figure class=\"swiper-slide-inner\"><img decoding=\"async\" class=\"swiper-slide-image\" src=\"https:\/\/www.consultant-agriculture-ecologique.com\/wp-content\/uploads\/2021\/06\/transp-650x433-resize.DSCN5681.1-300x200.jpg\" alt=\"transp-650x433-resize.DSCN5681.1\" \/><\/figure><\/div><div class=\"swiper-slide\" role=\"group\" aria-roledescription=\"slide\" aria-label=\"10 sur 18\"><figure class=\"swiper-slide-inner\"><img decoding=\"async\" class=\"swiper-slide-image\" src=\"https:\/\/www.consultant-agriculture-ecologique.com\/wp-content\/uploads\/2021\/06\/transp-650x433-resize.IMG_1159.2-300x200.jpg\" alt=\"transp-650x433-resize.IMG_1159.2\" \/><\/figure><\/div><div class=\"swiper-slide\" role=\"group\" aria-roledescription=\"slide\" aria-label=\"11 sur 18\"><figure class=\"swiper-slide-inner\"><img decoding=\"async\" class=\"swiper-slide-image\" src=\"https:\/\/www.consultant-agriculture-ecologique.com\/wp-content\/uploads\/2021\/06\/transp-650x433-resize.20150127_122003-300x200.jpg\" alt=\"transp-650x433-resize.20150127_122003\" \/><\/figure><\/div><div class=\"swiper-slide\" role=\"group\" aria-roledescription=\"slide\" aria-label=\"12 sur 18\"><figure class=\"swiper-slide-inner\"><img decoding=\"async\" class=\"swiper-slide-image\" src=\"https:\/\/www.consultant-agriculture-ecologique.com\/wp-content\/uploads\/2022\/02\/DSCN5683-300x200.jpg\" alt=\"DSCN5683\" \/><\/figure><\/div><div class=\"swiper-slide\" role=\"group\" aria-roledescription=\"slide\" aria-label=\"13 sur 18\"><figure class=\"swiper-slide-inner\"><img decoding=\"async\" class=\"swiper-slide-image\" src=\"https:\/\/www.consultant-agriculture-ecologique.com\/wp-content\/uploads\/2022\/02\/IMG_20210701_183854-300x225.jpg\" alt=\"IMG_20210701_183854\" \/><\/figure><\/div><div class=\"swiper-slide\" role=\"group\" aria-roledescription=\"slide\" aria-label=\"14 sur 18\"><figure class=\"swiper-slide-inner\"><img decoding=\"async\" class=\"swiper-slide-image\" src=\"https:\/\/www.consultant-agriculture-ecologique.com\/wp-content\/uploads\/2022\/02\/IMG_20210701_191716-300x225.jpg\" alt=\"IMG_20210701_191716\" \/><\/figure><\/div><div class=\"swiper-slide\" role=\"group\" aria-roledescription=\"slide\" aria-label=\"15 sur 18\"><figure class=\"swiper-slide-inner\"><img decoding=\"async\" class=\"swiper-slide-image\" src=\"https:\/\/www.consultant-agriculture-ecologique.com\/wp-content\/uploads\/2025\/02\/ballade-225x300.jpg\" alt=\"ballade\" \/><\/figure><\/div><div class=\"swiper-slide\" role=\"group\" aria-roledescription=\"slide\" aria-label=\"16 sur 18\"><figure class=\"swiper-slide-inner\"><img decoding=\"async\" class=\"swiper-slide-image\" src=\"https:\/\/www.consultant-agriculture-ecologique.com\/wp-content\/uploads\/2021\/09\/muscat.1-208x300.jpg\" alt=\"muscat.1\" \/><\/figure><\/div><div class=\"swiper-slide\" role=\"group\" aria-roledescription=\"slide\" aria-label=\"17 sur 18\"><figure class=\"swiper-slide-inner\"><img decoding=\"async\" class=\"swiper-slide-image\" src=\"https:\/\/www.consultant-agriculture-ecologique.com\/wp-content\/uploads\/2021\/06\/transp-650x433-resizeFill.Photo0272-300x200.jpg\" alt=\"Nos produits avec le muscat : jus de raisin, confiture, p\u00e9tillant sans alcool\" \/><\/figure><\/div><div class=\"swiper-slide\" role=\"group\" aria-roledescription=\"slide\" aria-label=\"18 sur 18\"><figure class=\"swiper-slide-inner\"><img decoding=\"async\" class=\"swiper-slide-image\" src=\"https:\/\/www.consultant-agriculture-ecologique.com\/wp-content\/uploads\/2025\/02\/T-bord-enherbe-225x300.jpg\" alt=\"T-bord enherb\u00e9\" \/><\/figure><\/div>\t\t\t<\/div>\n\t\t\t\t\t\t\t\t\t\t\t\t<div class=\"elementor-swiper-button elementor-swiper-button-prev\" role=\"button\" tabindex=\"0\">\n\t\t\t\t\t\t<i aria-hidden=\"true\" class=\"eicon-chevron-left\"><\/i>\t\t\t\t\t<\/div>\n\t\t\t\t\t<div class=\"elementor-swiper-button elementor-swiper-button-next\" role=\"button\" tabindex=\"0\">\n\t\t\t\t\t\t<i aria-hidden=\"true\" class=\"eicon-chevron-right\"><\/i>\t\t\t\t\t<\/div>\n\t\t\t\t\n\t\t\t\t\t\t\t\t\t<div class=\"swiper-pagination\"><\/div>\n\t\t\t\t\t\t\t\t\t<\/div>\n\t\t\t\t\t\t<\/div>\n\t\t\t\t<\/div>\n\t\t\t\t\t<\/div>\n\t\t<\/div>\n\t\t\t\t\t<\/div>\n\t\t<\/section>\n\t\t\t\t<section class=\"elementor-section elementor-top-section elementor-element elementor-element-dd3ffaa elementor-section-boxed elementor-section-height-default elementor-section-height-default\" data-id=\"dd3ffaa\" data-element_type=\"section\" data-e-type=\"section\">\n\t\t\t\t\t\t<div class=\"elementor-container elementor-column-gap-default\">\n\t\t\t\t\t<div class=\"elementor-column elementor-col-100 elementor-top-column elementor-element elementor-element-fb7cf8d\" data-id=\"fb7cf8d\" data-element_type=\"column\" data-e-type=\"column\">\n\t\t\t<div class=\"elementor-widget-wrap elementor-element-populated\">\n\t\t\t\t\t\t<div class=\"elementor-element elementor-element-6a5e789 elementor-widget elementor-widget-spacer\" data-id=\"6a5e789\" data-element_type=\"widget\" data-e-type=\"widget\" data-widget_type=\"spacer.default\">\n\t\t\t\t<div class=\"elementor-widget-container\">\n\t\t\t\t\t\t\t<div class=\"elementor-spacer\">\n\t\t\t<div class=\"elementor-spacer-inner\"><\/div>\n\t\t<\/div>\n\t\t\t\t\t\t<\/div>\n\t\t\t\t<\/div>\n\t\t\t\t\t<\/div>\n\t\t<\/div>\n\t\t\t\t\t<\/div>\n\t\t<\/section>\n\t\t\t\t<section class=\"elementor-section elementor-top-section elementor-element elementor-element-6456563 elementor-section-boxed elementor-section-height-default elementor-section-height-default\" data-id=\"6456563\" data-element_type=\"section\" data-e-type=\"section\">\n\t\t\t\t\t\t<div class=\"elementor-container elementor-column-gap-default\">\n\t\t\t\t\t<div class=\"elementor-column elementor-col-100 elementor-top-column elementor-element elementor-element-2ee906d\" data-id=\"2ee906d\" data-element_type=\"column\" data-e-type=\"column\">\n\t\t\t<div class=\"elementor-widget-wrap elementor-element-populated\">\n\t\t\t\t\t\t<div class=\"elementor-element elementor-element-f44275e elementor-widget elementor-widget-image\" data-id=\"f44275e\" data-element_type=\"widget\" data-e-type=\"widget\" data-widget_type=\"image.default\">\n\t\t\t\t<div class=\"elementor-widget-container\">\n\t\t\t\t\t\t\t\t\t\t\t\t\t\t\t<img decoding=\"async\" src=\"https:\/\/www.consultant-agriculture-ecologique.com\/wp-content\/plugins\/elementor\/assets\/images\/placeholder.png\" title=\"\" alt=\"\" loading=\"lazy\" \/>\t\t\t\t\t\t\t\t\t\t\t\t\t\t\t<\/div>\n\t\t\t\t<\/div>\n\t\t\t\t\t<\/div>\n\t\t<\/div>\n\t\t\t\t\t<\/div>\n\t\t<\/section>\n\t\t\t\t<section class=\"elementor-section elementor-top-section elementor-element elementor-element-9edced9 elementor-section-boxed elementor-section-height-default elementor-section-height-default\" data-id=\"9edced9\" data-element_type=\"section\" data-e-type=\"section\">\n\t\t\t\t\t\t<div class=\"elementor-container elementor-column-gap-default\">\n\t\t\t\t\t<div class=\"elementor-column elementor-col-100 elementor-top-column elementor-element elementor-element-7e9fa86\" data-id=\"7e9fa86\" data-element_type=\"column\" data-e-type=\"column\">\n\t\t\t<div class=\"elementor-widget-wrap elementor-element-populated\">\n\t\t\t\t\t\t<div class=\"elementor-element elementor-element-c7467e9 elementor-widget elementor-widget-image\" data-id=\"c7467e9\" data-element_type=\"widget\" data-e-type=\"widget\" data-widget_type=\"image.default\">\n\t\t\t\t<div class=\"elementor-widget-container\">\n\t\t\t\t\t\t\t\t\t\t\t\t\t\t\t<img decoding=\"async\" src=\"https:\/\/www.consultant-agriculture-ecologique.com\/wp-content\/plugins\/elementor\/assets\/images\/placeholder.png\" title=\"\" alt=\"\" loading=\"lazy\" \/>\t\t\t\t\t\t\t\t\t\t\t\t\t\t\t<\/div>\n\t\t\t\t<\/div>\n\t\t\t\t\t<\/div>\n\t\t<\/div>\n\t\t\t\t\t<\/div>\n\t\t<\/section>\n\t\t\t\t<\/div>\n\t\t","protected":false},"excerpt":{"rendered":"<p>VIGNOBLE EXP\u00c9RIMENTAL EN AGRICULTURE \u00c9COLOGIQUE CERTIFI\u00c9 BIO L&rsquo;aventure a d\u00e9marr\u00e9 en 2006, par la location d&rsquo;1.5 ha de vieilles vignes [&hellip;]<\/p>\n","protected":false},"author":1,"featured_media":0,"parent":0,"menu_order":0,"comment_status":"closed","ping_status":"closed","template":"","meta":{"_monsterinsights_skip_tracking":false,"_monsterinsights_sitenote_active":false,"_monsterinsights_sitenote_note":"","_monsterinsights_sitenote_category":0,"footnotes":""},"class_list":["post-1882","page","type-page","status-publish","hentry"],"_links":{"self":[{"href":"https:\/\/www.consultant-agriculture-ecologique.com\/fr\/wp-json\/wp\/v2\/pages\/1882","targetHints":{"allow":["GET"]}}],"collection":[{"href":"https:\/\/www.consultant-agriculture-ecologique.com\/fr\/wp-json\/wp\/v2\/pages"}],"about":[{"href":"https:\/\/www.consultant-agriculture-ecologique.com\/fr\/wp-json\/wp\/v2\/types\/page"}],"author":[{"embeddable":true,"href":"https:\/\/www.consultant-agriculture-ecologique.com\/fr\/wp-json\/wp\/v2\/users\/1"}],"replies":[{"embeddable":true,"href":"https:\/\/www.consultant-agriculture-ecologique.com\/fr\/wp-json\/wp\/v2\/comments?post=1882"}],"version-history":[{"count":44,"href":"https:\/\/www.consultant-agriculture-ecologique.com\/fr\/wp-json\/wp\/v2\/pages\/1882\/revisions"}],"predecessor-version":[{"id":5529,"href":"https:\/\/www.consultant-agriculture-ecologique.com\/fr\/wp-json\/wp\/v2\/pages\/1882\/revisions\/5529"}],"wp:attachment":[{"href":"https:\/\/www.consultant-agriculture-ecologique.com\/fr\/wp-json\/wp\/v2\/media?parent=1882"}],"curies":[{"name":"wp","href":"https:\/\/api.w.org\/{rel}","templated":true}]}}