{"id":1738,"date":"2025-02-20T23:46:59","date_gmt":"2025-02-20T22:46:59","guid":{"rendered":"http:\/\/www.consultant-agriculture-ecologique.com\/?page_id=1738"},"modified":"2025-02-20T23:47:02","modified_gmt":"2025-02-20T22:47:02","slug":"les-metiers-interventions-en-oleiculture","status":"publish","type":"page","link":"https:\/\/www.consultant-agriculture-ecologique.com\/fr\/les-metiers-interventions-en-oleiculture\/","title":{"rendered":"Les m\u00e9tiers &#8211; Interventions en ol\u00e9iculture"},"content":{"rendered":"\t\t<div data-elementor-type=\"wp-page\" data-elementor-id=\"1738\" class=\"elementor elementor-1738\">\n\t\t\t\t\t\t<section class=\"elementor-section elementor-top-section elementor-element elementor-element-74f9365 elementor-section-boxed elementor-section-height-default elementor-section-height-default\" data-id=\"74f9365\" data-element_type=\"section\" data-e-type=\"section\">\n\t\t\t\t\t\t<div class=\"elementor-container elementor-column-gap-default\">\n\t\t\t\t\t<div class=\"elementor-column elementor-col-100 elementor-top-column elementor-element elementor-element-347bbf4\" data-id=\"347bbf4\" data-element_type=\"column\" data-e-type=\"column\">\n\t\t\t<div class=\"elementor-widget-wrap elementor-element-populated\">\n\t\t\t\t\t\t<div class=\"elementor-element elementor-element-83f6bf8 elementor-widget elementor-widget-text-editor\" data-id=\"83f6bf8\" data-element_type=\"widget\" data-e-type=\"widget\" data-widget_type=\"text-editor.default\">\n\t\t\t\t<div class=\"elementor-widget-container\">\n\t\t\t\t\t\t\t\t\t<p><b>Assistance technique, avec TRERO, pour la mise en place et le suivi de pratiques agricoles alternatives en ol\u00e9iculture dans le cadre du programme \u00ab LIFE des Alpilles \u00bb 2016-2018 aupr\u00e8s du Syndicat Mixte de Gestion du Parc Naturel R\u00e9gional des Alpilles<\/b><\/p><p>\u00e0 l&rsquo;issu du programme, un guide a \u00e9t\u00e9 \u00e9dit\u00e9 sur l&rsquo;ensemble des actions men\u00e9es en arboriculture, ol\u00e9iculture, viticulture et grandes cultures<\/p>\t\t\t\t\t\t\t\t<\/div>\n\t\t\t\t<\/div>\n\t\t\t\t\t<\/div>\n\t\t<\/div>\n\t\t\t\t\t<\/div>\n\t\t<\/section>\n\t\t\t\t<section class=\"elementor-section elementor-top-section elementor-element elementor-element-f767fe8 elementor-section-boxed elementor-section-height-default elementor-section-height-default\" data-id=\"f767fe8\" data-element_type=\"section\" data-e-type=\"section\">\n\t\t\t\t\t\t<div class=\"elementor-container elementor-column-gap-default\">\n\t\t\t\t\t<div class=\"elementor-column elementor-col-50 elementor-top-column elementor-element elementor-element-d2346b4\" data-id=\"d2346b4\" data-element_type=\"column\" data-e-type=\"column\">\n\t\t\t<div class=\"elementor-widget-wrap elementor-element-populated\">\n\t\t\t\t\t\t<div class=\"elementor-element elementor-element-4c0142a elementor-view-default elementor-widget elementor-widget-icon\" data-id=\"4c0142a\" data-element_type=\"widget\" data-e-type=\"widget\" data-widget_type=\"icon.default\">\n\t\t\t\t<div class=\"elementor-widget-container\">\n\t\t\t\t\t\t\t<div class=\"elementor-icon-wrapper\">\n\t\t\t<a class=\"elementor-icon\" href=\"https:\/\/www.consultant-agriculture-ecologique.com\/wp-content\/uploads\/2021\/06\/GUIDE_PAA_V7.pdf\" target=\"_blank\">\n\t\t\t<i aria-hidden=\"true\" class=\"fas fa-file-pdf\"><\/i>\t\t\t<\/a>\n\t\t<\/div>\n\t\t\t\t\t\t<\/div>\n\t\t\t\t<\/div>\n\t\t\t\t\t<\/div>\n\t\t<\/div>\n\t\t\t\t<div class=\"elementor-column elementor-col-50 elementor-top-column elementor-element elementor-element-cd4babd\" data-id=\"cd4babd\" data-element_type=\"column\" data-e-type=\"column\">\n\t\t\t<div class=\"elementor-widget-wrap elementor-element-populated\">\n\t\t\t\t\t\t<div class=\"elementor-element elementor-element-90ec26b elementor-widget elementor-widget-text-editor\" data-id=\"90ec26b\" data-element_type=\"widget\" data-e-type=\"widget\" data-widget_type=\"text-editor.default\">\n\t\t\t\t<div class=\"elementor-widget-container\">\n\t\t\t\t\t\t\t\t\t<p><a href=\"https:\/\/www.consultant-agriculture-ecologique.com\/wp-content\/uploads\/2021\/06\/GUIDE_PAA_V7.pdf\" target=\"_blank\" rel=\"noopener\">GUIDE_PAA_V7<\/a><\/p>\t\t\t\t\t\t\t\t<\/div>\n\t\t\t\t<\/div>\n\t\t\t\t\t<\/div>\n\t\t<\/div>\n\t\t\t\t\t<\/div>\n\t\t<\/section>\n\t\t\t\t<section class=\"elementor-section elementor-top-section elementor-element elementor-element-8ceaf90 elementor-section-boxed elementor-section-height-default elementor-section-height-default\" data-id=\"8ceaf90\" data-element_type=\"section\" data-e-type=\"section\">\n\t\t\t\t\t\t<div class=\"elementor-container elementor-column-gap-default\">\n\t\t\t\t\t<div class=\"elementor-column elementor-col-100 elementor-top-column elementor-element elementor-element-9190891\" data-id=\"9190891\" data-element_type=\"column\" data-e-type=\"column\">\n\t\t\t<div class=\"elementor-widget-wrap elementor-element-populated\">\n\t\t\t\t\t\t<div class=\"elementor-element elementor-element-8375385 elementor-widget elementor-widget-text-editor\" data-id=\"8375385\" data-element_type=\"widget\" data-e-type=\"widget\" data-widget_type=\"text-editor.default\">\n\t\t\t\t<div class=\"elementor-widget-container\">\n\t\t\t\t\t\t\t\t\t<p><strong>Assistance technique aupr\u00e8s des producteurs-trices \u00e0 l&rsquo;am\u00e9lioration de la production de leur oliveraie<\/strong> en agriculture\u00a0 biologique et conventionnelle :\u00a0 analyses de terre, analyses de feuilles, proposition de programme de fertilisation organique et\/ou min\u00e9ral. Pilotage de l&rsquo;irrigation.<\/p><p>France : R\u00e9gions PACA, Occitanie<\/p><p>Maroc r\u00e9gion de F\u00e8s-Mekn\u00e8s<strong><br \/><\/strong><\/p>\t\t\t\t\t\t\t\t<\/div>\n\t\t\t\t<\/div>\n\t\t\t\t\t<\/div>\n\t\t<\/div>\n\t\t\t\t\t<\/div>\n\t\t<\/section>\n\t\t\t\t<section class=\"elementor-section elementor-top-section elementor-element elementor-element-80b4962 elementor-section-boxed elementor-section-height-default elementor-section-height-default\" data-id=\"80b4962\" data-element_type=\"section\" data-e-type=\"section\">\n\t\t\t\t\t\t<div class=\"elementor-container elementor-column-gap-default\">\n\t\t\t\t\t<div class=\"elementor-column elementor-col-100 elementor-top-column elementor-element elementor-element-08418e2\" data-id=\"08418e2\" data-element_type=\"column\" data-e-type=\"column\">\n\t\t\t<div class=\"elementor-widget-wrap elementor-element-populated\">\n\t\t\t\t\t\t<div class=\"elementor-element elementor-element-1f673c8 elementor-widget elementor-widget-text-editor\" data-id=\"1f673c8\" data-element_type=\"widget\" data-e-type=\"widget\" data-widget_type=\"text-editor.default\">\n\t\t\t\t<div class=\"elementor-widget-container\">\n\t\t\t\t\t\t\t\t\t<p><strong>Appui de 2022 \u00e0 2024 \u00e0 <a href=\"http:\/\/afidol.org\" target=\"_blank\" rel=\"noopener\">France Olive<\/a><\/strong> pour mettre au point l&rsquo;application d&rsquo;aide \u00e0 distance pour la gestion de la fertilit\u00e9 du sol (amendement organique et min\u00e9rale) et la fertilisation.<\/p><p><a href=\"https:\/\/franceolive.fr\/actualites\/application-oleiculteur\/\" target=\"_blank\" rel=\"noopener\">L&rsquo;outil est d\u00e9j\u00e0 en ligne<\/a>.<\/p>\t\t\t\t\t\t\t\t<\/div>\n\t\t\t\t<\/div>\n\t\t\t\t\t<\/div>\n\t\t<\/div>\n\t\t\t\t\t<\/div>\n\t\t<\/section>\n\t\t\t\t<\/div>\n\t\t","protected":false},"excerpt":{"rendered":"<p>Assistance technique, avec TRERO, pour la mise en place et le suivi de pratiques agricoles alternatives en ol\u00e9iculture dans le [&hellip;]<\/p>\n","protected":false},"author":1,"featured_media":0,"parent":0,"menu_order":0,"comment_status":"closed","ping_status":"closed","template":"","meta":{"_monsterinsights_skip_tracking":false,"_monsterinsights_sitenote_active":false,"_monsterinsights_sitenote_note":"","_monsterinsights_sitenote_category":0,"footnotes":""},"class_list":["post-1738","page","type-page","status-publish","hentry"],"_links":{"self":[{"href":"https:\/\/www.consultant-agriculture-ecologique.com\/fr\/wp-json\/wp\/v2\/pages\/1738","targetHints":{"allow":["GET"]}}],"collection":[{"href":"https:\/\/www.consultant-agriculture-ecologique.com\/fr\/wp-json\/wp\/v2\/pages"}],"about":[{"href":"https:\/\/www.consultant-agriculture-ecologique.com\/fr\/wp-json\/wp\/v2\/types\/page"}],"author":[{"embeddable":true,"href":"https:\/\/www.consultant-agriculture-ecologique.com\/fr\/wp-json\/wp\/v2\/users\/1"}],"replies":[{"embeddable":true,"href":"https:\/\/www.consultant-agriculture-ecologique.com\/fr\/wp-json\/wp\/v2\/comments?post=1738"}],"version-history":[{"count":25,"href":"https:\/\/www.consultant-agriculture-ecologique.com\/fr\/wp-json\/wp\/v2\/pages\/1738\/revisions"}],"predecessor-version":[{"id":5790,"href":"https:\/\/www.consultant-agriculture-ecologique.com\/fr\/wp-json\/wp\/v2\/pages\/1738\/revisions\/5790"}],"wp:attachment":[{"href":"https:\/\/www.consultant-agriculture-ecologique.com\/fr\/wp-json\/wp\/v2\/media?parent=1738"}],"curies":[{"name":"wp","href":"https:\/\/api.w.org\/{rel}","templated":true}]}}