{"id":1454,"date":"2021-06-10T17:34:16","date_gmt":"2021-06-10T15:34:16","guid":{"rendered":"http:\/\/www.consultant-agriculture-ecologique.com\/?page_id=1454"},"modified":"2025-02-20T22:24:05","modified_gmt":"2025-02-20T21:24:05","slug":"les-missions-certification-haute-valeur-environnementale-hve","status":"publish","type":"page","link":"https:\/\/www.consultant-agriculture-ecologique.com\/fr\/les-missions-certification-haute-valeur-environnementale-hve\/","title":{"rendered":"Les Missions &#8211; Certification Haute Valeur Environnementale &#8211; HVE"},"content":{"rendered":"\t\t<div data-elementor-type=\"wp-page\" data-elementor-id=\"1454\" class=\"elementor elementor-1454\">\n\t\t\t\t\t\t<section class=\"elementor-section elementor-top-section elementor-element elementor-element-d104b08 elementor-section-boxed elementor-section-height-default elementor-section-height-default\" data-id=\"d104b08\" data-element_type=\"section\" data-e-type=\"section\">\n\t\t\t\t\t\t<div class=\"elementor-container elementor-column-gap-default\">\n\t\t\t\t\t<div class=\"elementor-column elementor-col-50 elementor-top-column elementor-element elementor-element-c63d945\" data-id=\"c63d945\" data-element_type=\"column\" data-e-type=\"column\">\n\t\t\t<div class=\"elementor-widget-wrap elementor-element-populated\">\n\t\t\t\t\t\t<div class=\"elementor-element elementor-element-20d5078 elementor-widget elementor-widget-text-editor\" data-id=\"20d5078\" data-element_type=\"widget\" data-e-type=\"widget\" data-widget_type=\"text-editor.default\">\n\t\t\t\t<div class=\"elementor-widget-container\">\n\t\t\t\t\t\t\t\t\t<p>Pr\u00e9parer les structures de production \u00e0 gravir la troisi\u00e8me marche de la certification afin d&rsquo;obtenir la mention <strong><a href=\"http:\/\/agriculture.gouv.fr\/certification-environnementale-mode-demploi-pour-les-exploitations\" target=\"_blank\" rel=\"noopener\">HVE<\/a>.<\/strong><\/p><p>A ce jour :<\/p><ul><li>2 domaines viticoles certifi\u00e9s HVE \u00e0 Bandol (83) et \u00e0 La Sainte-Victoire (13) en 2014 et 2018.<\/li><li>4 arboriculteurs (fruits \u00e0 noyaux) ont \u00e9t\u00e9 certifi\u00e9s:<ul><li>1 en 2016 vall\u00e9e du Rh\u00f4ne (26)<\/li><li>2 en 2018,\u00a0 Vall\u00e9e du Rh\u00f4ne (26) et Les Costi\u00e8res (30)<\/li><li>1 en 2019, vall\u00e9e du Rh\u00f4ne (26)<\/li><\/ul><\/li><\/ul><ul><li>6 arboriculteurs fin 2019 : La Crau (13)<\/li><\/ul>\t\t\t\t\t\t\t\t<\/div>\n\t\t\t\t<\/div>\n\t\t\t\t\t<\/div>\n\t\t<\/div>\n\t\t\t\t<div class=\"elementor-column elementor-col-50 elementor-top-column elementor-element elementor-element-23eb586\" data-id=\"23eb586\" data-element_type=\"column\" data-e-type=\"column\">\n\t\t\t<div class=\"elementor-widget-wrap elementor-element-populated\">\n\t\t\t\t\t\t<div class=\"elementor-element elementor-element-f3d9ade elementor-widget elementor-widget-text-editor\" data-id=\"f3d9ade\" data-element_type=\"widget\" data-e-type=\"widget\" data-widget_type=\"text-editor.default\">\n\t\t\t\t<div class=\"elementor-widget-container\">\n\t\t\t\t\t\t\t\t\t<p><img fetchpriority=\"high\" decoding=\"async\" class=\"size-full wp-image-4897 aligncenter\" src=\"https:\/\/www.consultant-agriculture-ecologique.com\/wp-content\/uploads\/2022\/01\/Logo-HVE.png\" alt=\"\" width=\"225\" height=\"225\" srcset=\"https:\/\/www.consultant-agriculture-ecologique.com\/wp-content\/uploads\/2022\/01\/Logo-HVE.png 225w, https:\/\/www.consultant-agriculture-ecologique.com\/wp-content\/uploads\/2022\/01\/Logo-HVE-150x150.png 150w\" sizes=\"(max-width: 225px) 100vw, 225px\" \/><\/p>\t\t\t\t\t\t\t\t<\/div>\n\t\t\t\t<\/div>\n\t\t\t\t\t<\/div>\n\t\t<\/div>\n\t\t\t\t\t<\/div>\n\t\t<\/section>\n\t\t\t\t<section class=\"elementor-section elementor-top-section elementor-element elementor-element-af2888f elementor-section-boxed elementor-section-height-default elementor-section-height-default\" data-id=\"af2888f\" data-element_type=\"section\" data-e-type=\"section\">\n\t\t\t\t\t\t<div class=\"elementor-container elementor-column-gap-default\">\n\t\t\t\t\t<div class=\"elementor-column elementor-col-100 elementor-top-column elementor-element elementor-element-713ff05\" data-id=\"713ff05\" data-element_type=\"column\" data-e-type=\"column\">\n\t\t\t<div class=\"elementor-widget-wrap elementor-element-populated\">\n\t\t\t\t\t\t<div class=\"elementor-element elementor-element-9faff48 elementor-widget elementor-widget-text-editor\" data-id=\"9faff48\" data-element_type=\"widget\" data-e-type=\"widget\" data-widget_type=\"text-editor.default\">\n\t\t\t\t<div class=\"elementor-widget-container\">\n\t\t\t\t\t\t\t\t\t<h2>Diagnostic de la performance \u00e9nerg\u00e9tique<\/h2><p>\u00a0<\/p>\t\t\t\t\t\t\t\t<\/div>\n\t\t\t\t<\/div>\n\t\t\t\t\t<\/div>\n\t\t<\/div>\n\t\t\t\t\t<\/div>\n\t\t<\/section>\n\t\t\t\t<section class=\"elementor-section elementor-top-section elementor-element elementor-element-89e078c elementor-section-boxed elementor-section-height-default elementor-section-height-default\" data-id=\"89e078c\" data-element_type=\"section\" data-e-type=\"section\">\n\t\t\t\t\t\t<div class=\"elementor-container elementor-column-gap-default\">\n\t\t\t\t\t<div class=\"elementor-column elementor-col-100 elementor-top-column elementor-element elementor-element-1ca6b21\" data-id=\"1ca6b21\" data-element_type=\"column\" data-e-type=\"column\">\n\t\t\t<div class=\"elementor-widget-wrap elementor-element-populated\">\n\t\t\t\t\t\t<div class=\"elementor-element elementor-element-72d8b7c elementor-widget elementor-widget-text-editor\" data-id=\"72d8b7c\" data-element_type=\"widget\" data-e-type=\"widget\" data-widget_type=\"text-editor.default\">\n\t\t\t\t<div class=\"elementor-widget-container\">\n\t\t\t\t\t\t\t\t\t<div class=\"inner clearfix\"><section role=\"main\"><div class=\"bg-content\"><section class=\"article-render news-details\"><div class=\"tiny\"><p><b><strong>Je suis auditeur \u00ab diagnostic performance \u00e9nerg\u00e9tique \u00bb<\/strong>\u00a0des entreprises, reconnu depuis le 3 f\u00e9vrier 2010, inscrit sous le N\u00b0 DE -84-2010- 01 ;\u00a0<\/b>diagnostics r\u00e9lais\u00e9s avec Dia&rsquo;terre (ADEME) et Plan\u00e8te (Solagro).<\/p><\/div><\/section><\/div><\/section><\/div>\t\t\t\t\t\t\t\t<\/div>\n\t\t\t\t<\/div>\n\t\t\t\t\t<\/div>\n\t\t<\/div>\n\t\t\t\t\t<\/div>\n\t\t<\/section>\n\t\t\t\t<\/div>\n\t\t","protected":false},"excerpt":{"rendered":"<p>Pr\u00e9parer les structures de production \u00e0 gravir la troisi\u00e8me marche de la certification afin d&rsquo;obtenir la mention HVE. A ce [&hellip;]<\/p>\n","protected":false},"author":1,"featured_media":0,"parent":0,"menu_order":0,"comment_status":"closed","ping_status":"closed","template":"","meta":{"_monsterinsights_skip_tracking":false,"_monsterinsights_sitenote_active":false,"_monsterinsights_sitenote_note":"","_monsterinsights_sitenote_category":0,"footnotes":""},"class_list":["post-1454","page","type-page","status-publish","hentry"],"_links":{"self":[{"href":"https:\/\/www.consultant-agriculture-ecologique.com\/fr\/wp-json\/wp\/v2\/pages\/1454","targetHints":{"allow":["GET"]}}],"collection":[{"href":"https:\/\/www.consultant-agriculture-ecologique.com\/fr\/wp-json\/wp\/v2\/pages"}],"about":[{"href":"https:\/\/www.consultant-agriculture-ecologique.com\/fr\/wp-json\/wp\/v2\/types\/page"}],"author":[{"embeddable":true,"href":"https:\/\/www.consultant-agriculture-ecologique.com\/fr\/wp-json\/wp\/v2\/users\/1"}],"replies":[{"embeddable":true,"href":"https:\/\/www.consultant-agriculture-ecologique.com\/fr\/wp-json\/wp\/v2\/comments?post=1454"}],"version-history":[{"count":13,"href":"https:\/\/www.consultant-agriculture-ecologique.com\/fr\/wp-json\/wp\/v2\/pages\/1454\/revisions"}],"predecessor-version":[{"id":5726,"href":"https:\/\/www.consultant-agriculture-ecologique.com\/fr\/wp-json\/wp\/v2\/pages\/1454\/revisions\/5726"}],"wp:attachment":[{"href":"https:\/\/www.consultant-agriculture-ecologique.com\/fr\/wp-json\/wp\/v2\/media?parent=1454"}],"curies":[{"name":"wp","href":"https:\/\/api.w.org\/{rel}","templated":true}]}}