{"id":1444,"date":"2021-06-10T17:30:44","date_gmt":"2021-06-10T15:30:44","guid":{"rendered":"http:\/\/www.consultant-agriculture-ecologique.com\/?page_id=1444"},"modified":"2021-06-11T11:39:25","modified_gmt":"2021-06-11T09:39:25","slug":"les-missions-accompagnement-technique-suivis-de-la-nutrition-des-plantes","status":"publish","type":"page","link":"https:\/\/www.consultant-agriculture-ecologique.com\/fr\/les-missions-accompagnement-technique-suivis-de-la-nutrition-des-plantes\/","title":{"rendered":"Les Missions &#8211; Accompagnement technique &#8211; Suivis de la nutrition des plantes"},"content":{"rendered":"\t\t<div data-elementor-type=\"wp-page\" data-elementor-id=\"1444\" class=\"elementor elementor-1444\">\n\t\t\t\t\t\t<section class=\"elementor-section elementor-top-section elementor-element elementor-element-14a15e7 elementor-section-boxed elementor-section-height-default elementor-section-height-default\" data-id=\"14a15e7\" data-element_type=\"section\" data-e-type=\"section\">\n\t\t\t\t\t\t<div class=\"elementor-container elementor-column-gap-default\">\n\t\t\t\t\t<div class=\"elementor-column elementor-col-100 elementor-top-column elementor-element elementor-element-288457e\" data-id=\"288457e\" data-element_type=\"column\" data-e-type=\"column\">\n\t\t\t<div class=\"elementor-widget-wrap elementor-element-populated\">\n\t\t\t\t\t\t<div class=\"elementor-element elementor-element-7d93c28 elementor-widget elementor-widget-text-editor\" data-id=\"7d93c28\" data-element_type=\"widget\" data-e-type=\"widget\" data-widget_type=\"text-editor.default\">\n\t\t\t\t<div class=\"elementor-widget-container\">\n\t\t\t\t\t\t\t\t\t<h2>Suivi nutritionnel des plantes : Moduler les apports durant la saison<\/h2>\t\t\t\t\t\t\t\t<\/div>\n\t\t\t\t<\/div>\n\t\t\t\t\t<\/div>\n\t\t<\/div>\n\t\t\t\t\t<\/div>\n\t\t<\/section>\n\t\t\t\t<section class=\"elementor-section elementor-top-section elementor-element elementor-element-b836f3d elementor-section-boxed elementor-section-height-default elementor-section-height-default\" data-id=\"b836f3d\" data-element_type=\"section\" data-e-type=\"section\">\n\t\t\t\t\t\t<div class=\"elementor-container elementor-column-gap-default\">\n\t\t\t\t\t<div class=\"elementor-column elementor-col-100 elementor-top-column elementor-element elementor-element-08237d9\" data-id=\"08237d9\" data-element_type=\"column\" data-e-type=\"column\">\n\t\t\t<div class=\"elementor-widget-wrap\">\n\t\t\t\t\t\t\t<\/div>\n\t\t<\/div>\n\t\t\t\t\t<\/div>\n\t\t<\/section>\n\t\t\t\t<section class=\"elementor-section elementor-top-section elementor-element elementor-element-7123c98 elementor-section-boxed elementor-section-height-default elementor-section-height-default\" data-id=\"7123c98\" data-element_type=\"section\" data-e-type=\"section\">\n\t\t\t\t\t\t<div class=\"elementor-container elementor-column-gap-default\">\n\t\t\t\t\t<div class=\"elementor-column elementor-col-100 elementor-top-column elementor-element elementor-element-f4a9611\" data-id=\"f4a9611\" data-element_type=\"column\" data-e-type=\"column\">\n\t\t\t<div class=\"elementor-widget-wrap elementor-element-populated\">\n\t\t\t\t\t\t<div class=\"elementor-element elementor-element-a260284 elementor-widget elementor-widget-text-editor\" data-id=\"a260284\" data-element_type=\"widget\" data-e-type=\"widget\" data-widget_type=\"text-editor.default\">\n\t\t\t\t<div class=\"elementor-widget-container\">\n\t\t\t\t\t\t\t\t\t<ul><li>Par l&rsquo;analyse des \u00e9l\u00e9ments solubles de la solution du sol (extrait \u00e0 l\u2019eau): azote nitrique, azote ammoniacal, cations solubles (sodium, potassium, magn\u00e9sium et calcium), le pH eau et la conductivit\u00e9.<\/li><li>Par l&rsquo;analyse du v\u00e9g\u00e9tal : feuilles enti\u00e8res (arbres fruitiers), p\u00e9tioles ou limbes (vigne), et l&rsquo;analyse des fruits proche de la maturit\u00e9.\u00a0<i>Exemple du suivi de l\u2019azote nitrique dans la solution du sol<\/i>\u00a0Mesure du niveau de mise en r\u00e9serve \u00e9nerg\u00e9tique (Glucides) et l&rsquo;\u00e9quilibre min\u00e9ral des rameaux\/sarments : cette analyse indispensable pour valider le plan de fumure avant le d\u00e9marrage de la saison.<\/li><li>Cristallisation sensible : Pour une information qualitative et plus globale du fonctionnement de la plante dans le syst\u00e8me sol-plante-environnement (sch\u00e9ma)<a href=\"http:\/\/www.vinimage.com\/\" target=\"_blank\" rel=\"noopener\">\u00a0www.vinimage.com<\/a><\/li><\/ul>\t\t\t\t\t\t\t\t<\/div>\n\t\t\t\t<\/div>\n\t\t\t\t\t<\/div>\n\t\t<\/div>\n\t\t\t\t\t<\/div>\n\t\t<\/section>\n\t\t\t\t<section class=\"elementor-section elementor-top-section elementor-element elementor-element-13cc8a8 elementor-section-boxed elementor-section-height-default elementor-section-height-default\" data-id=\"13cc8a8\" data-element_type=\"section\" data-e-type=\"section\">\n\t\t\t\t\t\t<div class=\"elementor-container elementor-column-gap-default\">\n\t\t\t\t\t<div class=\"elementor-column elementor-col-100 elementor-top-column elementor-element elementor-element-a6a3042\" data-id=\"a6a3042\" data-element_type=\"column\" data-e-type=\"column\">\n\t\t\t<div class=\"elementor-widget-wrap elementor-element-populated\">\n\t\t\t\t\t\t<div class=\"elementor-element elementor-element-a8ad9d1 elementor-widget elementor-widget-image-gallery\" data-id=\"a8ad9d1\" data-element_type=\"widget\" data-e-type=\"widget\" data-widget_type=\"image-gallery.default\">\n\t\t\t\t<div class=\"elementor-widget-container\">\n\t\t\t\t\t\t\t<div class=\"elementor-image-gallery\">\n\t\t\t<div id='gallery-1' class='gallery galleryid-1444 gallery-columns-5 gallery-size-medium_large'><figure class='gallery-item'>\n\t\t\t<div class='gallery-icon landscape'>\n\t\t\t\t<a data-elementor-open-lightbox=\"yes\" data-elementor-lightbox-slideshow=\"a8ad9d1\" data-elementor-lightbox-title=\"200x200-resizeFill.observation_pousses.1\" data-e-action-hash=\"#elementor-action%3Aaction%3Dlightbox%26settings%3DeyJpZCI6MTU3NiwidXJsIjoiaHR0cHM6XC9cL3d3dy5jb25zdWx0YW50LWFncmljdWx0dXJlLWVjb2xvZ2lxdWUuY29tXC93cC1jb250ZW50XC91cGxvYWRzXC8yMDIxXC8wNlwvMjAweDIwMC1yZXNpemVGaWxsLm9ic2VydmF0aW9uX3BvdXNzZXMuMS5qcGciLCJzbGlkZXNob3ciOiJhOGFkOWQxIn0%3D\" href='https:\/\/www.consultant-agriculture-ecologique.com\/wp-content\/uploads\/2021\/06\/200x200-resizeFill.observation_pousses.1.jpg'><img decoding=\"async\" width=\"200\" height=\"200\" src=\"https:\/\/www.consultant-agriculture-ecologique.com\/wp-content\/uploads\/2021\/06\/200x200-resizeFill.observation_pousses.1.jpg\" class=\"attachment-medium_large size-medium_large\" alt=\"\" srcset=\"https:\/\/www.consultant-agriculture-ecologique.com\/wp-content\/uploads\/2021\/06\/200x200-resizeFill.observation_pousses.1.jpg 200w, https:\/\/www.consultant-agriculture-ecologique.com\/wp-content\/uploads\/2021\/06\/200x200-resizeFill.observation_pousses.1-150x150.jpg 150w\" sizes=\"(max-width: 200px) 100vw, 200px\" \/><\/a>\n\t\t\t<\/div><\/figure><figure class='gallery-item'>\n\t\t\t<div class='gallery-icon landscape'>\n\t\t\t\t<a data-elementor-open-lightbox=\"yes\" data-elementor-lightbox-slideshow=\"a8ad9d1\" data-elementor-lightbox-title=\"200x200-resizeFill.cristallisation.1\" data-e-action-hash=\"#elementor-action%3Aaction%3Dlightbox%26settings%3DeyJpZCI6MTU3NywidXJsIjoiaHR0cHM6XC9cL3d3dy5jb25zdWx0YW50LWFncmljdWx0dXJlLWVjb2xvZ2lxdWUuY29tXC93cC1jb250ZW50XC91cGxvYWRzXC8yMDIxXC8wNlwvMjAweDIwMC1yZXNpemVGaWxsLmNyaXN0YWxsaXNhdGlvbi4xLmpwZyIsInNsaWRlc2hvdyI6ImE4YWQ5ZDEifQ%3D%3D\" href='https:\/\/www.consultant-agriculture-ecologique.com\/wp-content\/uploads\/2021\/06\/200x200-resizeFill.cristallisation.1.jpg'><img decoding=\"async\" width=\"200\" height=\"200\" src=\"https:\/\/www.consultant-agriculture-ecologique.com\/wp-content\/uploads\/2021\/06\/200x200-resizeFill.cristallisation.1.jpg\" class=\"attachment-medium_large size-medium_large\" alt=\"\" srcset=\"https:\/\/www.consultant-agriculture-ecologique.com\/wp-content\/uploads\/2021\/06\/200x200-resizeFill.cristallisation.1.jpg 200w, https:\/\/www.consultant-agriculture-ecologique.com\/wp-content\/uploads\/2021\/06\/200x200-resizeFill.cristallisation.1-150x150.jpg 150w\" sizes=\"(max-width: 200px) 100vw, 200px\" \/><\/a>\n\t\t\t<\/div><\/figure><figure class='gallery-item'>\n\t\t\t<div class='gallery-icon landscape'>\n\t\t\t\t<a data-elementor-open-lightbox=\"yes\" data-elementor-lightbox-slideshow=\"a8ad9d1\" data-elementor-lightbox-title=\"200x200-resizeFill.profil_hydrique.1\" data-e-action-hash=\"#elementor-action%3Aaction%3Dlightbox%26settings%3DeyJpZCI6MTU3OCwidXJsIjoiaHR0cHM6XC9cL3d3dy5jb25zdWx0YW50LWFncmljdWx0dXJlLWVjb2xvZ2lxdWUuY29tXC93cC1jb250ZW50XC91cGxvYWRzXC8yMDIxXC8wNlwvMjAweDIwMC1yZXNpemVGaWxsLnByb2ZpbF9oeWRyaXF1ZS4xLmpwZyIsInNsaWRlc2hvdyI6ImE4YWQ5ZDEifQ%3D%3D\" href='https:\/\/www.consultant-agriculture-ecologique.com\/wp-content\/uploads\/2021\/06\/200x200-resizeFill.profil_hydrique.1.jpg'><img decoding=\"async\" width=\"200\" height=\"200\" src=\"https:\/\/www.consultant-agriculture-ecologique.com\/wp-content\/uploads\/2021\/06\/200x200-resizeFill.profil_hydrique.1.jpg\" class=\"attachment-medium_large size-medium_large\" alt=\"\" srcset=\"https:\/\/www.consultant-agriculture-ecologique.com\/wp-content\/uploads\/2021\/06\/200x200-resizeFill.profil_hydrique.1.jpg 200w, https:\/\/www.consultant-agriculture-ecologique.com\/wp-content\/uploads\/2021\/06\/200x200-resizeFill.profil_hydrique.1-150x150.jpg 150w\" sizes=\"(max-width: 200px) 100vw, 200px\" \/><\/a>\n\t\t\t<\/div><\/figure><figure class='gallery-item'>\n\t\t\t<div class='gallery-icon landscape'>\n\t\t\t\t<a data-elementor-open-lightbox=\"yes\" data-elementor-lightbox-slideshow=\"a8ad9d1\" data-elementor-lightbox-title=\"200x200-resizeFill.groupe_france.1\" data-e-action-hash=\"#elementor-action%3Aaction%3Dlightbox%26settings%3DeyJpZCI6MTU3OSwidXJsIjoiaHR0cHM6XC9cL3d3dy5jb25zdWx0YW50LWFncmljdWx0dXJlLWVjb2xvZ2lxdWUuY29tXC93cC1jb250ZW50XC91cGxvYWRzXC8yMDIxXC8wNlwvMjAweDIwMC1yZXNpemVGaWxsLmdyb3VwZV9mcmFuY2UuMS5qcGciLCJzbGlkZXNob3ciOiJhOGFkOWQxIn0%3D\" href='https:\/\/www.consultant-agriculture-ecologique.com\/wp-content\/uploads\/2021\/06\/200x200-resizeFill.groupe_france.1.jpg'><img loading=\"lazy\" decoding=\"async\" width=\"200\" height=\"200\" src=\"https:\/\/www.consultant-agriculture-ecologique.com\/wp-content\/uploads\/2021\/06\/200x200-resizeFill.groupe_france.1.jpg\" class=\"attachment-medium_large size-medium_large\" alt=\"\" srcset=\"https:\/\/www.consultant-agriculture-ecologique.com\/wp-content\/uploads\/2021\/06\/200x200-resizeFill.groupe_france.1.jpg 200w, https:\/\/www.consultant-agriculture-ecologique.com\/wp-content\/uploads\/2021\/06\/200x200-resizeFill.groupe_france.1-150x150.jpg 150w\" sizes=\"(max-width: 200px) 100vw, 200px\" \/><\/a>\n\t\t\t<\/div><\/figure><figure class='gallery-item'>\n\t\t\t<div class='gallery-icon landscape'>\n\t\t\t\t<a data-elementor-open-lightbox=\"yes\" data-elementor-lightbox-slideshow=\"a8ad9d1\" data-elementor-lightbox-title=\"200x200-resizeFill.observation_vegetal.1\" data-e-action-hash=\"#elementor-action%3Aaction%3Dlightbox%26settings%3DeyJpZCI6MTU4MCwidXJsIjoiaHR0cHM6XC9cL3d3dy5jb25zdWx0YW50LWFncmljdWx0dXJlLWVjb2xvZ2lxdWUuY29tXC93cC1jb250ZW50XC91cGxvYWRzXC8yMDIxXC8wNlwvMjAweDIwMC1yZXNpemVGaWxsLm9ic2VydmF0aW9uX3ZlZ2V0YWwuMS5qcGciLCJzbGlkZXNob3ciOiJhOGFkOWQxIn0%3D\" href='https:\/\/www.consultant-agriculture-ecologique.com\/wp-content\/uploads\/2021\/06\/200x200-resizeFill.observation_vegetal.1.jpg'><img loading=\"lazy\" decoding=\"async\" width=\"200\" height=\"200\" src=\"https:\/\/www.consultant-agriculture-ecologique.com\/wp-content\/uploads\/2021\/06\/200x200-resizeFill.observation_vegetal.1.jpg\" class=\"attachment-medium_large size-medium_large\" alt=\"\" srcset=\"https:\/\/www.consultant-agriculture-ecologique.com\/wp-content\/uploads\/2021\/06\/200x200-resizeFill.observation_vegetal.1.jpg 200w, https:\/\/www.consultant-agriculture-ecologique.com\/wp-content\/uploads\/2021\/06\/200x200-resizeFill.observation_vegetal.1-150x150.jpg 150w\" sizes=\"(max-width: 200px) 100vw, 200px\" \/><\/a>\n\t\t\t<\/div><\/figure>\n\t\t<\/div>\n\t\t<\/div>\n\t\t\t\t\t\t<\/div>\n\t\t\t\t<\/div>\n\t\t\t\t\t<\/div>\n\t\t<\/div>\n\t\t\t\t\t<\/div>\n\t\t<\/section>\n\t\t\t\t<\/div>\n\t\t","protected":false},"excerpt":{"rendered":"<p>Suivi nutritionnel des plantes : Moduler les apports durant la saison Par l&rsquo;analyse des \u00e9l\u00e9ments solubles de la solution du [&hellip;]<\/p>\n","protected":false},"author":1,"featured_media":0,"parent":0,"menu_order":0,"comment_status":"closed","ping_status":"closed","template":"","meta":{"_monsterinsights_skip_tracking":false,"_monsterinsights_sitenote_active":false,"_monsterinsights_sitenote_note":"","_monsterinsights_sitenote_category":0,"footnotes":""},"class_list":["post-1444","page","type-page","status-publish","hentry"],"_links":{"self":[{"href":"https:\/\/www.consultant-agriculture-ecologique.com\/fr\/wp-json\/wp\/v2\/pages\/1444","targetHints":{"allow":["GET"]}}],"collection":[{"href":"https:\/\/www.consultant-agriculture-ecologique.com\/fr\/wp-json\/wp\/v2\/pages"}],"about":[{"href":"https:\/\/www.consultant-agriculture-ecologique.com\/fr\/wp-json\/wp\/v2\/types\/page"}],"author":[{"embeddable":true,"href":"https:\/\/www.consultant-agriculture-ecologique.com\/fr\/wp-json\/wp\/v2\/users\/1"}],"replies":[{"embeddable":true,"href":"https:\/\/www.consultant-agriculture-ecologique.com\/fr\/wp-json\/wp\/v2\/comments?post=1444"}],"version-history":[{"count":4,"href":"https:\/\/www.consultant-agriculture-ecologique.com\/fr\/wp-json\/wp\/v2\/pages\/1444\/revisions"}],"predecessor-version":[{"id":1583,"href":"https:\/\/www.consultant-agriculture-ecologique.com\/fr\/wp-json\/wp\/v2\/pages\/1444\/revisions\/1583"}],"wp:attachment":[{"href":"https:\/\/www.consultant-agriculture-ecologique.com\/fr\/wp-json\/wp\/v2\/media?parent=1444"}],"curies":[{"name":"wp","href":"https:\/\/api.w.org\/{rel}","templated":true}]}}