{"id":1440,"date":"2021-06-10T17:27:57","date_gmt":"2021-06-10T15:27:57","guid":{"rendered":"http:\/\/www.consultant-agriculture-ecologique.com\/?page_id=1440"},"modified":"2021-06-11T11:08:08","modified_gmt":"2021-06-11T09:08:08","slug":"les-missions-accompagnement-technique","status":"publish","type":"page","link":"https:\/\/www.consultant-agriculture-ecologique.com\/fr\/les-missions-accompagnement-technique\/","title":{"rendered":"Les Missions &#8211; Accompagnement Technique"},"content":{"rendered":"\t\t<div data-elementor-type=\"wp-page\" data-elementor-id=\"1440\" class=\"elementor elementor-1440\">\n\t\t\t\t\t\t<section class=\"elementor-section elementor-top-section elementor-element elementor-element-403b0a0 elementor-section-boxed elementor-section-height-default elementor-section-height-default\" data-id=\"403b0a0\" data-element_type=\"section\" data-e-type=\"section\">\n\t\t\t\t\t\t<div class=\"elementor-container elementor-column-gap-default\">\n\t\t\t\t\t<div class=\"elementor-column elementor-col-100 elementor-top-column elementor-element elementor-element-31c9b4a\" data-id=\"31c9b4a\" data-element_type=\"column\" data-e-type=\"column\">\n\t\t\t<div class=\"elementor-widget-wrap elementor-element-populated\">\n\t\t\t\t\t\t<div class=\"elementor-element elementor-element-107e64c elementor-widget elementor-widget-text-editor\" data-id=\"107e64c\" data-element_type=\"widget\" data-e-type=\"widget\" data-widget_type=\"text-editor.default\">\n\t\t\t\t<div class=\"elementor-widget-container\">\n\t\t\t\t\t\t\t\t\t<h2>Accompagnement Technique<b>\u00a0:<\/b><\/h2>\t\t\t\t\t\t\t\t<\/div>\n\t\t\t\t<\/div>\n\t\t\t\t\t<\/div>\n\t\t<\/div>\n\t\t\t\t\t<\/div>\n\t\t<\/section>\n\t\t\t\t<section class=\"elementor-section elementor-top-section elementor-element elementor-element-bceebb3 elementor-section-boxed elementor-section-height-default elementor-section-height-default\" data-id=\"bceebb3\" data-element_type=\"section\" data-e-type=\"section\">\n\t\t\t\t\t\t<div class=\"elementor-container elementor-column-gap-default\">\n\t\t\t\t\t<div class=\"elementor-column elementor-col-100 elementor-top-column elementor-element elementor-element-80f2a05\" data-id=\"80f2a05\" data-element_type=\"column\" data-e-type=\"column\">\n\t\t\t<div class=\"elementor-widget-wrap\">\n\t\t\t\t\t\t\t<\/div>\n\t\t<\/div>\n\t\t\t\t\t<\/div>\n\t\t<\/section>\n\t\t\t\t<section class=\"elementor-section elementor-top-section elementor-element elementor-element-32b7a01 elementor-section-boxed elementor-section-height-default elementor-section-height-default\" data-id=\"32b7a01\" data-element_type=\"section\" data-e-type=\"section\">\n\t\t\t\t\t\t<div class=\"elementor-container elementor-column-gap-default\">\n\t\t\t\t\t<div class=\"elementor-column elementor-col-50 elementor-top-column elementor-element elementor-element-5d5b2cc\" data-id=\"5d5b2cc\" data-element_type=\"column\" data-e-type=\"column\">\n\t\t\t<div class=\"elementor-widget-wrap elementor-element-populated\">\n\t\t\t\t\t\t<div class=\"elementor-element elementor-element-03df93a elementor-widget elementor-widget-text-editor\" data-id=\"03df93a\" data-element_type=\"widget\" data-e-type=\"widget\" data-widget_type=\"text-editor.default\">\n\t\t\t\t<div class=\"elementor-widget-container\">\n\t\t\t\t\t\t\t\t\t<h3>Lien constant entre le sol, la plante, le climat, les pratiques de l&rsquo;agriculteur et les r\u00e9sultats agronomiques, en vue<\/h3><p>\u00a0<\/p><ul><li><h3>d&rsquo;optimiser la production,<\/h3><\/li><li><h3>d&rsquo;am\u00e9liorer la qualit\u00e9 gustative et visuelle,<\/h3><\/li><li><h3>de r\u00e9soudre les probl\u00e8mes rencontr\u00e9s<\/h3><\/li><\/ul><p>dans la limite des contraintes humaines, techniques et \u00e9conomiques<\/p><p>\u00a0<\/p><p><span class=\"tinymce-link-editable id483\">&#8211;\u00a0<a class=\"tinymce-link-editable id483\" title=\"Etudes de la fertilit\u00e9 des sols\" href=\"http:\/\/www.consultant-agriculture-ecologique.com\/fr_FR\/Les-missions\/Approche-par-typlologie-de-mission\/Etudes-de-la-fertilite-des-sols\">Etude du sol<\/a><\/span><\/p>\t\t\t\t\t\t\t\t<\/div>\n\t\t\t\t<\/div>\n\t\t\t\t\t<\/div>\n\t\t<\/div>\n\t\t\t\t<div class=\"elementor-column elementor-col-50 elementor-top-column elementor-element elementor-element-8c11adc\" data-id=\"8c11adc\" data-element_type=\"column\" data-e-type=\"column\">\n\t\t\t<div class=\"elementor-widget-wrap elementor-element-populated\">\n\t\t\t\t\t\t<div class=\"elementor-element elementor-element-8552d01 elementor-widget elementor-widget-image-gallery\" data-id=\"8552d01\" data-element_type=\"widget\" data-e-type=\"widget\" data-widget_type=\"image-gallery.default\">\n\t\t\t\t<div class=\"elementor-widget-container\">\n\t\t\t\t\t\t\t<div class=\"elementor-image-gallery\">\n\t\t\t<div id='gallery-1' class='gallery galleryid-1440 gallery-columns-1 gallery-size-medium'><figure class='gallery-item'>\n\t\t\t<div class='gallery-icon landscape'>\n\t\t\t\t<a data-elementor-open-lightbox=\"yes\" data-elementor-lightbox-slideshow=\"8552d01\" data-elementor-lightbox-title=\"formation_terrain\" data-e-action-hash=\"#elementor-action%3Aaction%3Dlightbox%26settings%3DeyJpZCI6MTUzNCwidXJsIjoiaHR0cHM6XC9cL3d3dy5jb25zdWx0YW50LWFncmljdWx0dXJlLWVjb2xvZ2lxdWUuY29tXC93cC1jb250ZW50XC91cGxvYWRzXC8yMDIxXC8wNlwvZm9ybWF0aW9uX3RlcnJhaW4tc2NhbGVkLmpwZyIsInNsaWRlc2hvdyI6Ijg1NTJkMDEifQ%3D%3D\" href='https:\/\/www.consultant-agriculture-ecologique.com\/wp-content\/uploads\/2021\/06\/formation_terrain-scaled.jpg'><img fetchpriority=\"high\" decoding=\"async\" width=\"300\" height=\"225\" src=\"https:\/\/www.consultant-agriculture-ecologique.com\/wp-content\/uploads\/2021\/06\/formation_terrain-300x225.jpg\" class=\"attachment-medium size-medium\" alt=\"\" srcset=\"https:\/\/www.consultant-agriculture-ecologique.com\/wp-content\/uploads\/2021\/06\/formation_terrain-300x225.jpg 300w, https:\/\/www.consultant-agriculture-ecologique.com\/wp-content\/uploads\/2021\/06\/formation_terrain-1024x768.jpg 1024w, https:\/\/www.consultant-agriculture-ecologique.com\/wp-content\/uploads\/2021\/06\/formation_terrain-768x576.jpg 768w, https:\/\/www.consultant-agriculture-ecologique.com\/wp-content\/uploads\/2021\/06\/formation_terrain-1536x1152.jpg 1536w, https:\/\/www.consultant-agriculture-ecologique.com\/wp-content\/uploads\/2021\/06\/formation_terrain-2048x1536.jpg 2048w\" sizes=\"(max-width: 300px) 100vw, 300px\" \/><\/a>\n\t\t\t<\/div><\/figure>\n\t\t<\/div>\n\t\t<\/div>\n\t\t\t\t\t\t<\/div>\n\t\t\t\t<\/div>\n\t\t\t\t\t<\/div>\n\t\t<\/div>\n\t\t\t\t\t<\/div>\n\t\t<\/section>\n\t\t\t\t<section class=\"elementor-section elementor-top-section elementor-element elementor-element-2c8c573 elementor-section-boxed elementor-section-height-default elementor-section-height-default\" data-id=\"2c8c573\" data-element_type=\"section\" data-e-type=\"section\">\n\t\t\t\t\t\t<div class=\"elementor-container elementor-column-gap-default\">\n\t\t\t\t\t<div class=\"elementor-column elementor-col-100 elementor-top-column elementor-element elementor-element-1477d8d\" data-id=\"1477d8d\" data-element_type=\"column\" data-e-type=\"column\">\n\t\t\t<div class=\"elementor-widget-wrap elementor-element-populated\">\n\t\t\t\t\t\t<div class=\"elementor-element elementor-element-c12549f elementor-widget elementor-widget-text-editor\" data-id=\"c12549f\" data-element_type=\"widget\" data-e-type=\"widget\" data-widget_type=\"text-editor.default\">\n\t\t\t\t<div class=\"elementor-widget-container\">\n\t\t\t\t\t\t\t\t\t<p>\u00a0<a class=\"tinymce-link-editable id497\" title=\"Gestion de l'irrigation\" href=\"https:\/\/www.consultant-agriculture-ecologique.com\/les-missions-accompagnement-technique-gestion-de-lirrigation\/\" target=\"_blank\" rel=\"noopener\">Gestion de l&rsquo;<span class=\"tinymce-link-editable id497\">eau<\/span><\/a>\u00a0: Mesure de l&rsquo;\u00e9tat hydrique dans le sol \u00e0 l&rsquo;aide de sondes (tensiom\u00e9trique ou capacitive) et de la plante \u00e0 l&rsquo;aide du P\u00e9pista\u00ae en cours de saison : pilotage de l&rsquo;irrigation, gestion de la fr\u00e9quence des apports d&rsquo;eau et introduction de m\u00e9thodes de gestion innovante de l&rsquo;eau ; l&rsquo;\u00e9conomie d&rsquo;eau pouvant atteindre 20%<\/p><p>&#8211;\u00a0<a class=\"tinymce-link-editable id498\" title=\"suivi de la nutrition des plantes\" href=\"https:\/\/www.consultant-agriculture-ecologique.com\/les-missions-accompagnement-technique-suivis-de-la-nutrition-des-plantes\/\" target=\"_blank\" rel=\"noopener\">Suivi nutritionnel<\/a>, analyses des \u00e9l\u00e9ments de la solution du sol (conductivit\u00e9, nitrates, ammoniaque, potassium, magn\u00e9sium et calcium) et analyses du v\u00e9g\u00e9tal (feuilles, fruits, rameaux) : modification et ajustement des apports fertilisants en cours de saison<\/p><p>&#8211;\u00a0<a class=\"tinymce-link-editable id498\" title=\"suivi de la nutrition des plantes\" href=\"https:\/\/www.consultant-agriculture-ecologique.com\/les-missions-accompagnement-technique-suivis-de-la-nutrition-des-plantes\/\" target=\"_blank\" rel=\"noopener\">Observations du v\u00e9g\u00e9tal<\/a><\/p><p>&#8211; Analyse par\u00a0<a class=\"tinymce-link-editable id464\" title=\"Les laboratoires d\u2019analyses\" href=\"https:\/\/www.consultant-agriculture-ecologique.com\/les-laboratoires-danalyses\/\" target=\"_blank\" rel=\"noopener\">cristallisation sensible<\/a>, pour une information globale et qualitative.<\/p>\t\t\t\t\t\t\t\t<\/div>\n\t\t\t\t<\/div>\n\t\t\t\t\t<\/div>\n\t\t<\/div>\n\t\t\t\t\t<\/div>\n\t\t<\/section>\n\t\t\t\t<section class=\"elementor-section elementor-top-section elementor-element elementor-element-c6a0963 elementor-section-boxed elementor-section-height-default elementor-section-height-default\" data-id=\"c6a0963\" data-element_type=\"section\" data-e-type=\"section\">\n\t\t\t\t\t\t<div class=\"elementor-container elementor-column-gap-default\">\n\t\t\t\t\t<div class=\"elementor-column elementor-col-100 elementor-top-column elementor-element elementor-element-c1e8ab8\" data-id=\"c1e8ab8\" data-element_type=\"column\" data-e-type=\"column\">\n\t\t\t<div class=\"elementor-widget-wrap elementor-element-populated\">\n\t\t\t\t\t\t<div class=\"elementor-element elementor-element-fbca37f elementor-widget elementor-widget-spacer\" data-id=\"fbca37f\" data-element_type=\"widget\" data-e-type=\"widget\" data-widget_type=\"spacer.default\">\n\t\t\t\t<div class=\"elementor-widget-container\">\n\t\t\t\t\t\t\t<div class=\"elementor-spacer\">\n\t\t\t<div class=\"elementor-spacer-inner\"><\/div>\n\t\t<\/div>\n\t\t\t\t\t\t<\/div>\n\t\t\t\t<\/div>\n\t\t\t\t\t<\/div>\n\t\t<\/div>\n\t\t\t\t\t<\/div>\n\t\t<\/section>\n\t\t\t\t<\/div>\n\t\t","protected":false},"excerpt":{"rendered":"<p>Accompagnement Technique\u00a0: Lien constant entre le sol, la plante, le climat, les pratiques de l&rsquo;agriculteur et les r\u00e9sultats agronomiques, en [&hellip;]<\/p>\n","protected":false},"author":1,"featured_media":0,"parent":0,"menu_order":0,"comment_status":"closed","ping_status":"closed","template":"","meta":{"_monsterinsights_skip_tracking":false,"_monsterinsights_sitenote_active":false,"_monsterinsights_sitenote_note":"","_monsterinsights_sitenote_category":0,"footnotes":""},"class_list":["post-1440","page","type-page","status-publish","hentry"],"_links":{"self":[{"href":"https:\/\/www.consultant-agriculture-ecologique.com\/fr\/wp-json\/wp\/v2\/pages\/1440","targetHints":{"allow":["GET"]}}],"collection":[{"href":"https:\/\/www.consultant-agriculture-ecologique.com\/fr\/wp-json\/wp\/v2\/pages"}],"about":[{"href":"https:\/\/www.consultant-agriculture-ecologique.com\/fr\/wp-json\/wp\/v2\/types\/page"}],"author":[{"embeddable":true,"href":"https:\/\/www.consultant-agriculture-ecologique.com\/fr\/wp-json\/wp\/v2\/users\/1"}],"replies":[{"embeddable":true,"href":"https:\/\/www.consultant-agriculture-ecologique.com\/fr\/wp-json\/wp\/v2\/comments?post=1440"}],"version-history":[{"count":10,"href":"https:\/\/www.consultant-agriculture-ecologique.com\/fr\/wp-json\/wp\/v2\/pages\/1440\/revisions"}],"predecessor-version":[{"id":1543,"href":"https:\/\/www.consultant-agriculture-ecologique.com\/fr\/wp-json\/wp\/v2\/pages\/1440\/revisions\/1543"}],"wp:attachment":[{"href":"https:\/\/www.consultant-agriculture-ecologique.com\/fr\/wp-json\/wp\/v2\/media?parent=1440"}],"curies":[{"name":"wp","href":"https:\/\/api.w.org\/{rel}","templated":true}]}}