{"id":1379,"date":"2021-06-10T13:30:09","date_gmt":"2021-06-10T11:30:09","guid":{"rendered":"http:\/\/www.consultant-agriculture-ecologique.com\/?page_id=1379"},"modified":"2022-02-03T23:45:09","modified_gmt":"2022-02-03T22:45:09","slug":"missions-pour-les-collectivites-etudes-avec-forte-orientation-agriculture-biologique","status":"publish","type":"page","link":"https:\/\/www.consultant-agriculture-ecologique.com\/fr\/missions-pour-les-collectivites-etudes-avec-forte-orientation-agriculture-biologique\/","title":{"rendered":"Missions pour les collectivit\u00e9s &#8211; \u00c9tudes avec forte orientation agriculture biologique"},"content":{"rendered":"\t\t<div data-elementor-type=\"wp-page\" data-elementor-id=\"1379\" class=\"elementor elementor-1379\">\n\t\t\t\t\t\t<section class=\"elementor-section elementor-top-section elementor-element elementor-element-2cbaaf3 elementor-section-boxed elementor-section-height-default elementor-section-height-default\" data-id=\"2cbaaf3\" data-element_type=\"section\" data-e-type=\"section\">\n\t\t\t\t\t\t<div class=\"elementor-container elementor-column-gap-default\">\n\t\t\t\t\t<div class=\"elementor-column elementor-col-100 elementor-top-column elementor-element elementor-element-7c8070e\" data-id=\"7c8070e\" data-element_type=\"column\" data-e-type=\"column\">\n\t\t\t<div class=\"elementor-widget-wrap elementor-element-populated\">\n\t\t\t\t\t\t<div class=\"elementor-element elementor-element-e76f216 elementor-widget elementor-widget-text-editor\" data-id=\"e76f216\" data-element_type=\"widget\" data-e-type=\"widget\" data-widget_type=\"text-editor.default\">\n\t\t\t\t<div class=\"elementor-widget-container\">\n\t\t\t\t\t\t\t\t\t<h2 class=\"trail-title\">\u00c9tudes avec forte orientation agriculture biologique<\/h2>\t\t\t\t\t\t\t\t<\/div>\n\t\t\t\t<\/div>\n\t\t\t\t\t<\/div>\n\t\t<\/div>\n\t\t\t\t\t<\/div>\n\t\t<\/section>\n\t\t\t\t<section class=\"elementor-section elementor-top-section elementor-element elementor-element-56aa4d9 elementor-section-boxed elementor-section-height-default elementor-section-height-default\" data-id=\"56aa4d9\" data-element_type=\"section\" data-e-type=\"section\">\n\t\t\t\t\t\t<div class=\"elementor-container elementor-column-gap-default\">\n\t\t\t\t\t<div class=\"elementor-column elementor-col-100 elementor-top-column elementor-element elementor-element-bc1f3a1\" data-id=\"bc1f3a1\" data-element_type=\"column\" data-e-type=\"column\">\n\t\t\t<div class=\"elementor-widget-wrap elementor-element-populated\">\n\t\t\t\t\t\t<div class=\"elementor-element elementor-element-471ac75 elementor-widget elementor-widget-text-editor\" data-id=\"471ac75\" data-element_type=\"widget\" data-e-type=\"widget\" data-widget_type=\"text-editor.default\">\n\t\t\t\t<div class=\"elementor-widget-container\">\n\t\t\t\t\t\t\t\t\t<p><b>Implantation dun site de pilote en raisin de table en Polyn\u00e9sie Fran\u00e7aise sur l&rsquo;atoll de Tikehau dans le Tuamotu. Appel \u00e0 projets 2019 de la Direction g\u00e9n\u00e9rale de l&rsquo;agriculture \u00e0 Papeete &#8211; Tahiti.<\/b><\/p><ul><li>Objectif : tester l&rsquo;adaptation d&rsquo;une quinzaine de vari\u00e9t\u00e9s en vue de faire planter 80-100 ha afin d&rsquo;atteindre une autonomie dans la consommation (environ 700-800 tonnes import\u00e9es par an).<\/li><\/ul><p><strong>Ma particiaption comme expert sol &#8211; vigne : assistance technique pour la mise en place et le suivi de la plantation avec formation des agents sur place.<\/strong><\/p><ul><li><p>Porteur du projet\u00a0 : SCEA Namara &#8211; Papeete<\/p><\/li><li><p>Coordinateur du projet :\u00a0 <a href=\"http:\/\/www.h2oingenierie.com\/\" target=\"_blank\" rel=\"noopener\">H2O Ing\u00e9nierie<\/a> &#8211; Papeete<\/p><p>\u00a0<\/p><p>Le projet a d\u00e9marr\u00e9 en janvier 2020 et durera 3 ans.<\/p><\/li><\/ul>\t\t\t\t\t\t\t\t<\/div>\n\t\t\t\t<\/div>\n\t\t\t\t\t<\/div>\n\t\t<\/div>\n\t\t\t\t\t<\/div>\n\t\t<\/section>\n\t\t\t\t<section class=\"elementor-section elementor-top-section elementor-element elementor-element-e5e41df elementor-section-boxed elementor-section-height-default elementor-section-height-default\" data-id=\"e5e41df\" data-element_type=\"section\" data-e-type=\"section\">\n\t\t\t\t\t\t<div class=\"elementor-container elementor-column-gap-default\">\n\t\t\t\t\t<div class=\"elementor-column elementor-col-100 elementor-top-column elementor-element elementor-element-86ba764\" data-id=\"86ba764\" data-element_type=\"column\" data-e-type=\"column\">\n\t\t\t<div class=\"elementor-widget-wrap elementor-element-populated\">\n\t\t\t\t\t\t<div class=\"elementor-element elementor-element-96a3936 elementor-widget elementor-widget-google_maps\" data-id=\"96a3936\" data-element_type=\"widget\" data-e-type=\"widget\" data-widget_type=\"google_maps.default\">\n\t\t\t\t<div class=\"elementor-widget-container\">\n\t\t\t\t\t\t\t<div class=\"elementor-custom-embed\">\n\t\t\t<iframe loading=\"lazy\"\n\t\t\t\t\tsrc=\"https:\/\/maps.google.com\/maps?q=Tikehau%2C%20polyn%C3%A9sie%20fran%C3%A7aise&#038;t=m&#038;z=10&#038;output=embed&#038;iwloc=near\"\n\t\t\t\t\ttitle=\"Tikehau, polyn\u00e9sie fran\u00e7aise\"\n\t\t\t\t\taria-label=\"Tikehau, polyn\u00e9sie fran\u00e7aise\"\n\t\t\t><\/iframe>\n\t\t<\/div>\n\t\t\t\t\t\t<\/div>\n\t\t\t\t<\/div>\n\t\t\t\t\t<\/div>\n\t\t<\/div>\n\t\t\t\t\t<\/div>\n\t\t<\/section>\n\t\t\t\t<\/div>\n\t\t","protected":false},"excerpt":{"rendered":"<p>\u00c9tudes avec forte orientation agriculture biologique Implantation dun site de pilote en raisin de table en Polyn\u00e9sie Fran\u00e7aise sur l&rsquo;atoll [&hellip;]<\/p>\n","protected":false},"author":1,"featured_media":0,"parent":0,"menu_order":0,"comment_status":"closed","ping_status":"closed","template":"","meta":{"_monsterinsights_skip_tracking":false,"_monsterinsights_sitenote_active":false,"_monsterinsights_sitenote_note":"","_monsterinsights_sitenote_category":0,"footnotes":""},"class_list":["post-1379","page","type-page","status-publish","hentry"],"_links":{"self":[{"href":"https:\/\/www.consultant-agriculture-ecologique.com\/fr\/wp-json\/wp\/v2\/pages\/1379","targetHints":{"allow":["GET"]}}],"collection":[{"href":"https:\/\/www.consultant-agriculture-ecologique.com\/fr\/wp-json\/wp\/v2\/pages"}],"about":[{"href":"https:\/\/www.consultant-agriculture-ecologique.com\/fr\/wp-json\/wp\/v2\/types\/page"}],"author":[{"embeddable":true,"href":"https:\/\/www.consultant-agriculture-ecologique.com\/fr\/wp-json\/wp\/v2\/users\/1"}],"replies":[{"embeddable":true,"href":"https:\/\/www.consultant-agriculture-ecologique.com\/fr\/wp-json\/wp\/v2\/comments?post=1379"}],"version-history":[{"count":13,"href":"https:\/\/www.consultant-agriculture-ecologique.com\/fr\/wp-json\/wp\/v2\/pages\/1379\/revisions"}],"predecessor-version":[{"id":5265,"href":"https:\/\/www.consultant-agriculture-ecologique.com\/fr\/wp-json\/wp\/v2\/pages\/1379\/revisions\/5265"}],"wp:attachment":[{"href":"https:\/\/www.consultant-agriculture-ecologique.com\/fr\/wp-json\/wp\/v2\/media?parent=1379"}],"curies":[{"name":"wp","href":"https:\/\/api.w.org\/{rel}","templated":true}]}}