{"id":2679,"date":"2021-08-28T19:23:41","date_gmt":"2021-08-28T17:23:41","guid":{"rendered":"http:\/\/www.consultant-agriculture-ecologique.com\/?page_id=2679"},"modified":"2021-12-01T11:21:14","modified_gmt":"2021-12-01T10:21:14","slug":"institutional-contracts-projects-on-climate-farms-adaptation","status":"publish","type":"page","link":"https:\/\/www.consultant-agriculture-ecologique.com\/en\/institutional-contracts-projects-on-climate-farms-adaptation\/","title":{"rendered":"Institutional contracts \u2013 Projects on climate farms adaptation"},"content":{"rendered":"\t\t<div data-elementor-type=\"wp-page\" data-elementor-id=\"2679\" class=\"elementor elementor-2679 elementor-1373\">\n\t\t\t\t\t\t<section class=\"elementor-section elementor-top-section elementor-element elementor-element-5035dde elementor-section-boxed elementor-section-height-default elementor-section-height-default\" data-id=\"5035dde\" data-element_type=\"section\" data-e-type=\"section\">\n\t\t\t\t\t\t<div class=\"elementor-container elementor-column-gap-default\">\n\t\t\t\t\t<div class=\"elementor-column elementor-col-100 elementor-top-column elementor-element elementor-element-af725c9\" data-id=\"af725c9\" data-element_type=\"column\" data-e-type=\"column\">\n\t\t\t<div class=\"elementor-widget-wrap elementor-element-populated\">\n\t\t\t\t\t\t<div class=\"elementor-element elementor-element-80e514f elementor-widget elementor-widget-text-editor\" data-id=\"80e514f\" data-element_type=\"widget\" data-e-type=\"widget\" data-widget_type=\"text-editor.default\">\n\t\t\t\t<div class=\"elementor-widget-container\">\n\t\t\t\t\t\t\t\t\t<h2 class=\"trail-title\">How farmers can adapt their practices with climate change ?<\/h2>\t\t\t\t\t\t\t\t<\/div>\n\t\t\t\t<\/div>\n\t\t\t\t\t<\/div>\n\t\t<\/div>\n\t\t\t\t\t<\/div>\n\t\t<\/section>\n\t\t\t\t<section class=\"elementor-section elementor-top-section elementor-element elementor-element-08e62af elementor-section-boxed elementor-section-height-default elementor-section-height-default\" data-id=\"08e62af\" data-element_type=\"section\" data-e-type=\"section\">\n\t\t\t\t\t\t<div class=\"elementor-container elementor-column-gap-default\">\n\t\t\t\t\t<div class=\"elementor-column elementor-col-100 elementor-top-column elementor-element elementor-element-7f371be\" data-id=\"7f371be\" data-element_type=\"column\" data-e-type=\"column\">\n\t\t\t<div class=\"elementor-widget-wrap elementor-element-populated\">\n\t\t\t\t\t\t<div class=\"elementor-element elementor-element-26faaca elementor-widget elementor-widget-text-editor\" data-id=\"26faaca\" data-element_type=\"widget\" data-e-type=\"widget\" data-widget_type=\"text-editor.default\">\n\t\t\t\t<div class=\"elementor-widget-container\">\n\t\t\t\t\t\t\t\t\t<ul><li><b>Mission Sols Bio Climat\u00a0: Mobilisation d\u2019un r\u00e9seau d\u2019acteurs pour accompagner la transition climatique<\/b><\/li><li><b>Favoriser la diminution de l\u2019\u00e9mission des gaz \u00e0 effet de serre et l\u2019adaptation au changement climatique des fermes agricoles et des territoires &#8211; Appel \u00e0 projets (AAP) 2018 de Mobilisation Collective pour le D\u00e9veloppement Rural (MCDR)<\/b><\/li><\/ul><p><strong>Ma particiaption comme expert sol sur l&#8217;axe 1 du projet &#8220;Sols bio cliamt&#8221; : assistance technique pour la cr\u00e9ation et le suivi d\u2019un r\u00e9seau de parcelle \u00ab 4 pour 1000\u00a0\u00bb. \u00a0<\/strong><\/p><ul><li><p>Porteur du projet\u00a0 :\u00a0<a href=\"https:\/\/www.fnab.org\/\" target=\"_blank\" rel=\"noopener\">FNAB<\/a>\u00a0&#8211; F\u00e9d\u00e9ration nationale d&#8217;agriculture biologique<\/p><\/li><li><p>Coordinateur du projet :\u00a0 Bio de Provence Alpes C\u00f4te d\u2019Azur<\/p><\/li><li><p>Ma\u00eetrise d\u2019ouvrage : Mobilisation Collective pour le D\u00e9veloppement Rural<\/p><\/li><\/ul><p>Co\u00fbt de l\u2019\u00e9tude : environ \u00a0350.000 \u20acHT<\/p><p>L&#8217;\u00e9tude a d\u00e9marr\u00e9 en janvier 2019 et se terminera fin 2021<\/p>\t\t\t\t\t\t\t\t<\/div>\n\t\t\t\t<\/div>\n\t\t\t\t\t<\/div>\n\t\t<\/div>\n\t\t\t\t\t<\/div>\n\t\t<\/section>\n\t\t\t\t<\/div>\n\t\t","protected":false},"excerpt":{"rendered":"<p>How farmers can adapt their practices with climate change ? Mission Sols Bio Climat\u00a0: Mobilisation d\u2019un r\u00e9seau d\u2019acteurs pour accompagner [&hellip;]<\/p>\n","protected":false},"author":1,"featured_media":0,"parent":0,"menu_order":0,"comment_status":"closed","ping_status":"closed","template":"","meta":{"_monsterinsights_skip_tracking":false,"_monsterinsights_sitenote_active":false,"_monsterinsights_sitenote_note":"","_monsterinsights_sitenote_category":0,"footnotes":""},"class_list":["post-2679","page","type-page","status-publish","hentry"],"_links":{"self":[{"href":"https:\/\/www.consultant-agriculture-ecologique.com\/en\/wp-json\/wp\/v2\/pages\/2679","targetHints":{"allow":["GET"]}}],"collection":[{"href":"https:\/\/www.consultant-agriculture-ecologique.com\/en\/wp-json\/wp\/v2\/pages"}],"about":[{"href":"https:\/\/www.consultant-agriculture-ecologique.com\/en\/wp-json\/wp\/v2\/types\/page"}],"author":[{"embeddable":true,"href":"https:\/\/www.consultant-agriculture-ecologique.com\/en\/wp-json\/wp\/v2\/users\/1"}],"replies":[{"embeddable":true,"href":"https:\/\/www.consultant-agriculture-ecologique.com\/en\/wp-json\/wp\/v2\/comments?post=2679"}],"version-history":[{"count":5,"href":"https:\/\/www.consultant-agriculture-ecologique.com\/en\/wp-json\/wp\/v2\/pages\/2679\/revisions"}],"predecessor-version":[{"id":3124,"href":"https:\/\/www.consultant-agriculture-ecologique.com\/en\/wp-json\/wp\/v2\/pages\/2679\/revisions\/3124"}],"wp:attachment":[{"href":"https:\/\/www.consultant-agriculture-ecologique.com\/en\/wp-json\/wp\/v2\/media?parent=2679"}],"curies":[{"name":"wp","href":"https:\/\/api.w.org\/{rel}","templated":true}]}}