{"id":2677,"date":"2021-08-28T19:23:36","date_gmt":"2021-08-28T17:23:36","guid":{"rendered":"http:\/\/www.consultant-agriculture-ecologique.com\/?page_id=2677"},"modified":"2021-12-01T00:42:36","modified_gmt":"2021-11-30T23:42:36","slug":"institutional-contracts-landscape-projects","status":"publish","type":"page","link":"https:\/\/www.consultant-agriculture-ecologique.com\/en\/institutional-contracts-landscape-projects\/","title":{"rendered":"Institutional contratcs &#8211; landscape projects"},"content":{"rendered":"\t\t<div data-elementor-type=\"wp-page\" data-elementor-id=\"2677\" class=\"elementor elementor-2677 elementor-1375\">\n\t\t\t\t\t\t<section class=\"elementor-section elementor-top-section elementor-element elementor-element-ddb793f elementor-section-boxed elementor-section-height-default elementor-section-height-default\" data-id=\"ddb793f\" data-element_type=\"section\" data-e-type=\"section\">\n\t\t\t\t\t\t<div class=\"elementor-container elementor-column-gap-default\">\n\t\t\t\t\t<div class=\"elementor-column elementor-col-100 elementor-top-column elementor-element elementor-element-9afeb81\" data-id=\"9afeb81\" data-element_type=\"column\" data-e-type=\"column\">\n\t\t\t<div class=\"elementor-widget-wrap elementor-element-populated\">\n\t\t\t\t\t\t<div class=\"elementor-element elementor-element-08e5fa9 elementor-widget elementor-widget-text-editor\" data-id=\"08e5fa9\" data-element_type=\"widget\" data-e-type=\"widget\" data-widget_type=\"text-editor.default\">\n\t\t\t\t<div class=\"elementor-widget-container\">\n\t\t\t\t\t\t\t\t\t<h2><b>Projects dealing with landscape issue<br \/><\/b><\/h2>\t\t\t\t\t\t\t\t<\/div>\n\t\t\t\t<\/div>\n\t\t\t\t\t<\/div>\n\t\t<\/div>\n\t\t\t\t\t<\/div>\n\t\t<\/section>\n\t\t\t\t<section class=\"elementor-section elementor-top-section elementor-element elementor-element-bbfa6c5 elementor-section-boxed elementor-section-height-default elementor-section-height-default\" data-id=\"bbfa6c5\" data-element_type=\"section\" data-e-type=\"section\">\n\t\t\t\t\t\t<div class=\"elementor-container elementor-column-gap-default\">\n\t\t\t\t\t<div class=\"elementor-column elementor-col-100 elementor-top-column elementor-element elementor-element-e4c78ca\" data-id=\"e4c78ca\" data-element_type=\"column\" data-e-type=\"column\">\n\t\t\t<div class=\"elementor-widget-wrap elementor-element-populated\">\n\t\t\t\t\t\t<div class=\"elementor-element elementor-element-41d60c3 elementor-widget elementor-widget-text-editor\" data-id=\"41d60c3\" data-element_type=\"widget\" data-e-type=\"widget\" data-widget_type=\"text-editor.default\">\n\t\t\t\t<div class=\"elementor-widget-container\">\n\t\t\t\t\t\t\t\t\t<ul><li><b>MISSION DE MAITRISE D\u2019\u0152UVRE RELATIVE A L\u2019ETUDE DE\u00a0<\/b><b>VALORISATION DU PAYSAGE MARAICHER NANTAIS 2016-2018<br \/><\/b><\/li><\/ul><p>Collaboration: Atelier de l&#8217;Ile (Atile) et Blezat Consulting<\/p><p>Ma\u00eetrise d\u2019ouvrage: Etat (DDTM) et F\u00e9d\u00e9rarion des Mara\u00eechers Nantais<\/p><p>\u00a0<\/p><p>\u00c9tude termin\u00e9e mars 2018<\/p><p>\u00a0<\/p><ul><li><p><strong>\u00c9laboration du plan de paysage des C\u00f4tes de Meuse 2014-2015<\/strong><\/p><\/li><\/ul><p>Collaboration:\u00a0<a class=\"tinymce-link-editable id468\" title=\"Les consultants\" href=\"https:\/\/www.consultant-agriculture-ecologique.com\/les-institutionnels\/\" target=\"_blank\" rel=\"noopener\">Amplitude Agence de Paysage<\/a><\/p><p>Ma\u00eetrise d\u2019ouvrage: Communaut\u00e9 de Communes C\u00f4tes de Meuse-Wo\u00ebvre<\/p><p>\u00a0<\/p><p>\u00c9tude termin\u00e9e f\u00e9vrier 2016<\/p>\t\t\t\t\t\t\t\t<\/div>\n\t\t\t\t<\/div>\n\t\t\t\t\t<\/div>\n\t\t<\/div>\n\t\t\t\t\t<\/div>\n\t\t<\/section>\n\t\t\t\t<\/div>\n\t\t","protected":false},"excerpt":{"rendered":"<p>Projects dealing with landscape issue MISSION DE MAITRISE D\u2019\u0152UVRE RELATIVE A L\u2019ETUDE DE\u00a0VALORISATION DU PAYSAGE MARAICHER NANTAIS 2016-2018 Collaboration: Atelier [&hellip;]<\/p>\n","protected":false},"author":1,"featured_media":0,"parent":0,"menu_order":0,"comment_status":"closed","ping_status":"closed","template":"","meta":{"_monsterinsights_skip_tracking":false,"_monsterinsights_sitenote_active":false,"_monsterinsights_sitenote_note":"","_monsterinsights_sitenote_category":0,"footnotes":""},"class_list":["post-2677","page","type-page","status-publish","hentry"],"_links":{"self":[{"href":"https:\/\/www.consultant-agriculture-ecologique.com\/en\/wp-json\/wp\/v2\/pages\/2677","targetHints":{"allow":["GET"]}}],"collection":[{"href":"https:\/\/www.consultant-agriculture-ecologique.com\/en\/wp-json\/wp\/v2\/pages"}],"about":[{"href":"https:\/\/www.consultant-agriculture-ecologique.com\/en\/wp-json\/wp\/v2\/types\/page"}],"author":[{"embeddable":true,"href":"https:\/\/www.consultant-agriculture-ecologique.com\/en\/wp-json\/wp\/v2\/users\/1"}],"replies":[{"embeddable":true,"href":"https:\/\/www.consultant-agriculture-ecologique.com\/en\/wp-json\/wp\/v2\/comments?post=2677"}],"version-history":[{"count":6,"href":"https:\/\/www.consultant-agriculture-ecologique.com\/en\/wp-json\/wp\/v2\/pages\/2677\/revisions"}],"predecessor-version":[{"id":3112,"href":"https:\/\/www.consultant-agriculture-ecologique.com\/en\/wp-json\/wp\/v2\/pages\/2677\/revisions\/3112"}],"wp:attachment":[{"href":"https:\/\/www.consultant-agriculture-ecologique.com\/en\/wp-json\/wp\/v2\/media?parent=2677"}],"curies":[{"name":"wp","href":"https:\/\/api.w.org\/{rel}","templated":true}]}}