{"id":2672,"date":"2021-08-28T19:22:39","date_gmt":"2021-08-28T17:22:39","guid":{"rendered":"http:\/\/www.consultant-agriculture-ecologique.com\/?page_id=2672"},"modified":"2021-12-01T00:06:13","modified_gmt":"2021-11-30T23:06:13","slug":"institutional-contracts-organic-farming","status":"publish","type":"page","link":"https:\/\/www.consultant-agriculture-ecologique.com\/en\/institutional-contracts-organic-farming\/","title":{"rendered":"Institutional contracts &#8211; Organic farming"},"content":{"rendered":"\t\t<div data-elementor-type=\"wp-page\" data-elementor-id=\"2672\" class=\"elementor elementor-2672 elementor-1379\">\n\t\t\t\t\t\t<section class=\"elementor-section elementor-top-section elementor-element elementor-element-2cbaaf3 elementor-section-boxed elementor-section-height-default elementor-section-height-default\" data-id=\"2cbaaf3\" data-element_type=\"section\" data-e-type=\"section\">\n\t\t\t\t\t\t<div class=\"elementor-container elementor-column-gap-default\">\n\t\t\t\t\t<div class=\"elementor-column elementor-col-100 elementor-top-column elementor-element elementor-element-7c8070e\" data-id=\"7c8070e\" data-element_type=\"column\" data-e-type=\"column\">\n\t\t\t<div class=\"elementor-widget-wrap elementor-element-populated\">\n\t\t\t\t\t\t<div class=\"elementor-element elementor-element-e76f216 elementor-widget elementor-widget-text-editor\" data-id=\"e76f216\" data-element_type=\"widget\" data-e-type=\"widget\" data-widget_type=\"text-editor.default\">\n\t\t\t\t<div class=\"elementor-widget-container\">\n\t\t\t\t\t\t\t\t\t<h2 class=\"trail-title\">Projects dealing with organic farming<\/h2>\t\t\t\t\t\t\t\t<\/div>\n\t\t\t\t<\/div>\n\t\t\t\t\t<\/div>\n\t\t<\/div>\n\t\t\t\t\t<\/div>\n\t\t<\/section>\n\t\t\t\t<section class=\"elementor-section elementor-top-section elementor-element elementor-element-56aa4d9 elementor-section-boxed elementor-section-height-default elementor-section-height-default\" data-id=\"56aa4d9\" data-element_type=\"section\" data-e-type=\"section\">\n\t\t\t\t\t\t<div class=\"elementor-container elementor-column-gap-default\">\n\t\t\t\t\t<div class=\"elementor-column elementor-col-100 elementor-top-column elementor-element elementor-element-bc1f3a1\" data-id=\"bc1f3a1\" data-element_type=\"column\" data-e-type=\"column\">\n\t\t\t<div class=\"elementor-widget-wrap elementor-element-populated\">\n\t\t\t\t\t\t<div class=\"elementor-element elementor-element-471ac75 elementor-widget elementor-widget-text-editor\" data-id=\"471ac75\" data-element_type=\"widget\" data-e-type=\"widget\" data-widget_type=\"text-editor.default\">\n\t\t\t\t<div class=\"elementor-widget-container\">\n\t\t\t\t\t\t\t\t\t<p>\u00a0<\/p><p><b>Implantation dun site de pilote en raisin de table en Polyn\u00e9sie Fran\u00e7aise sur l&#8217;atoll de Tikehau dans le Tuamotu. Appel \u00e0 projets 2019 de la Direction g\u00e9n\u00e9rale de l&#8217;agriculture \u00e0 Papeete &#8211; Tahiti.<\/b><\/p><ul><li>Objectif : tester l&#8217;adapatatoin d&#8217;une quinzaine de vari\u00e9t\u00e9s en vue de faire planter 80-100 ha afin d&#8217;atteindre une autonomie dans la consommation (environ 700-800 tonnes import\u00e9es par an).<\/li><\/ul><p>\u00a0<\/p><p><strong>Ma particiaption comme expert sol &#8211; vigne : assistance technique pour la mise en place et le suivi de la plantation avec formation des agents sur place.<\/strong><\/p><ul><li><p>Porteur du projet\u00a0 : SCEA Namara &#8211; Papeete<\/p><\/li><li><p>Coordinateur du projet :\u00a0 H2O Ing\u00e9nierie &#8211; Papeete<\/p><br \/><p>Le projet a d\u00e9marr\u00e9 en janvier 2020 et durera 3 ans.<\/p><\/li><\/ul>\t\t\t\t\t\t\t\t<\/div>\n\t\t\t\t<\/div>\n\t\t\t\t\t<\/div>\n\t\t<\/div>\n\t\t\t\t\t<\/div>\n\t\t<\/section>\n\t\t\t\t<section class=\"elementor-section elementor-top-section elementor-element elementor-element-414e277 elementor-section-boxed elementor-section-height-default elementor-section-height-default\" data-id=\"414e277\" data-element_type=\"section\" data-e-type=\"section\">\n\t\t\t\t\t\t<div class=\"elementor-container elementor-column-gap-default\">\n\t\t\t\t\t<div class=\"elementor-column elementor-col-100 elementor-top-column elementor-element elementor-element-42fec08\" data-id=\"42fec08\" data-element_type=\"column\" data-e-type=\"column\">\n\t\t\t<div class=\"elementor-widget-wrap elementor-element-populated\">\n\t\t\t\t\t\t<div class=\"elementor-element elementor-element-adb4775 elementor-widget elementor-widget-spacer\" data-id=\"adb4775\" data-element_type=\"widget\" data-e-type=\"widget\" data-widget_type=\"spacer.default\">\n\t\t\t\t<div class=\"elementor-widget-container\">\n\t\t\t\t\t\t\t<div class=\"elementor-spacer\">\n\t\t\t<div class=\"elementor-spacer-inner\"><\/div>\n\t\t<\/div>\n\t\t\t\t\t\t<\/div>\n\t\t\t\t<\/div>\n\t\t\t\t\t<\/div>\n\t\t<\/div>\n\t\t\t\t\t<\/div>\n\t\t<\/section>\n\t\t\t\t<\/div>\n\t\t","protected":false},"excerpt":{"rendered":"<p>Projects dealing with organic farming \u00a0 Implantation dun site de pilote en raisin de table en Polyn\u00e9sie Fran\u00e7aise sur l&#8217;atoll [&hellip;]<\/p>\n","protected":false},"author":1,"featured_media":0,"parent":0,"menu_order":0,"comment_status":"closed","ping_status":"closed","template":"","meta":{"_monsterinsights_skip_tracking":false,"_monsterinsights_sitenote_active":false,"_monsterinsights_sitenote_note":"","_monsterinsights_sitenote_category":0,"footnotes":""},"class_list":["post-2672","page","type-page","status-publish","hentry"],"_links":{"self":[{"href":"https:\/\/www.consultant-agriculture-ecologique.com\/en\/wp-json\/wp\/v2\/pages\/2672","targetHints":{"allow":["GET"]}}],"collection":[{"href":"https:\/\/www.consultant-agriculture-ecologique.com\/en\/wp-json\/wp\/v2\/pages"}],"about":[{"href":"https:\/\/www.consultant-agriculture-ecologique.com\/en\/wp-json\/wp\/v2\/types\/page"}],"author":[{"embeddable":true,"href":"https:\/\/www.consultant-agriculture-ecologique.com\/en\/wp-json\/wp\/v2\/users\/1"}],"replies":[{"embeddable":true,"href":"https:\/\/www.consultant-agriculture-ecologique.com\/en\/wp-json\/wp\/v2\/comments?post=2672"}],"version-history":[{"count":5,"href":"https:\/\/www.consultant-agriculture-ecologique.com\/en\/wp-json\/wp\/v2\/pages\/2672\/revisions"}],"predecessor-version":[{"id":3073,"href":"https:\/\/www.consultant-agriculture-ecologique.com\/en\/wp-json\/wp\/v2\/pages\/2672\/revisions\/3073"}],"wp:attachment":[{"href":"https:\/\/www.consultant-agriculture-ecologique.com\/en\/wp-json\/wp\/v2\/media?parent=2672"}],"curies":[{"name":"wp","href":"https:\/\/api.w.org\/{rel}","templated":true}]}}