{"id":2663,"date":"2021-08-28T19:20:50","date_gmt":"2021-08-28T17:20:50","guid":{"rendered":"http:\/\/www.consultant-agriculture-ecologique.com\/?page_id=2663"},"modified":"2021-09-01T14:22:01","modified_gmt":"2021-09-01T12:22:01","slug":"publications-books","status":"publish","type":"page","link":"https:\/\/www.consultant-agriculture-ecologique.com\/en\/publications-books\/","title":{"rendered":"Publications"},"content":{"rendered":"\t\t<div data-elementor-type=\"wp-page\" data-elementor-id=\"2663\" class=\"elementor elementor-2663 elementor-1148\">\n\t\t\t\t\t\t<section class=\"elementor-section elementor-top-section elementor-element elementor-element-9d28043 elementor-section-boxed elementor-section-height-default elementor-section-height-default\" data-id=\"9d28043\" data-element_type=\"section\" data-e-type=\"section\">\n\t\t\t\t\t\t<div class=\"elementor-container elementor-column-gap-default\">\n\t\t\t\t\t<div class=\"elementor-column elementor-col-100 elementor-top-column elementor-element elementor-element-ddcf619\" data-id=\"ddcf619\" data-element_type=\"column\" data-e-type=\"column\">\n\t\t\t<div class=\"elementor-widget-wrap elementor-element-populated\">\n\t\t\t\t\t\t<div class=\"elementor-element elementor-element-708f746 elementor-widget elementor-widget-text-editor\" data-id=\"708f746\" data-element_type=\"widget\" data-e-type=\"widget\" data-widget_type=\"text-editor.default\">\n\t\t\t\t<div class=\"elementor-widget-container\">\n\t\t\t\t\t\t\t\t\t<h2>Les 10 Cl\u00e9s pour r\u00e9ussir sa conversion ou son installation en Bio &#8211; mai 2016 &#8211; \u00e9ditions GFA<\/h2>\t\t\t\t\t\t\t\t<\/div>\n\t\t\t\t<\/div>\n\t\t\t\t\t<\/div>\n\t\t<\/div>\n\t\t\t\t\t<\/div>\n\t\t<\/section>\n\t\t\t\t<section class=\"elementor-section elementor-top-section elementor-element elementor-element-ecde8a0 elementor-section-boxed elementor-section-height-default elementor-section-height-default\" data-id=\"ecde8a0\" data-element_type=\"section\" data-e-type=\"section\">\n\t\t\t\t\t\t<div class=\"elementor-container elementor-column-gap-default\">\n\t\t\t\t\t<div class=\"elementor-column elementor-col-100 elementor-top-column elementor-element elementor-element-5ceaa84\" data-id=\"5ceaa84\" data-element_type=\"column\" data-e-type=\"column\">\n\t\t\t<div class=\"elementor-widget-wrap elementor-element-populated\">\n\t\t\t\t\t\t<div class=\"elementor-element elementor-element-a0296e2 elementor-widget elementor-widget-video\" data-id=\"a0296e2\" data-element_type=\"widget\" data-e-type=\"widget\" data-settings=\"{&quot;video_type&quot;:&quot;hosted&quot;,&quot;start&quot;:0,&quot;controls&quot;:&quot;yes&quot;}\" data-widget_type=\"video.default\">\n\t\t\t\t<div class=\"elementor-widget-container\">\n\t\t\t\t\t\t\t<div class=\"e-hosted-video elementor-wrapper elementor-open-inline\">\n\t\t\t\t\t<video class=\"elementor-video\" src=\"https:\/\/www.consultant-agriculture-ecologique.com\/wp-content\/uploads\/2021\/06\/Barbara_Meyer_Soula_10_cles_pour_reussir_en_bio_conversion_et_installation_1_.mp4\" controls=\"\" preload=\"metadata\"><\/video>\n\t\t\t\t<\/div>\n\t\t\t\t\t\t<\/div>\n\t\t\t\t<\/div>\n\t\t\t\t\t<\/div>\n\t\t<\/div>\n\t\t\t\t\t<\/div>\n\t\t<\/section>\n\t\t\t\t<section class=\"elementor-section elementor-top-section elementor-element elementor-element-263fe56 elementor-section-boxed elementor-section-height-default elementor-section-height-default\" data-id=\"263fe56\" data-element_type=\"section\" data-e-type=\"section\">\n\t\t\t\t\t\t<div class=\"elementor-container elementor-column-gap-default\">\n\t\t\t\t\t<div class=\"elementor-column elementor-col-50 elementor-top-column elementor-element elementor-element-293acc5\" data-id=\"293acc5\" data-element_type=\"column\" data-e-type=\"column\">\n\t\t\t<div class=\"elementor-widget-wrap elementor-element-populated\">\n\t\t\t\t\t\t<div class=\"elementor-element elementor-element-15ca2d0 elementor-view-default elementor-widget elementor-widget-icon\" data-id=\"15ca2d0\" data-element_type=\"widget\" data-e-type=\"widget\" data-widget_type=\"icon.default\">\n\t\t\t\t<div class=\"elementor-widget-container\">\n\t\t\t\t\t\t\t<div class=\"elementor-icon-wrapper\">\n\t\t\t<a class=\"elementor-icon elementor-animation-shrink\" href=\"https:\/\/www.consultant-agriculture-ecologique.com\/wp-content\/uploads\/2021\/06\/Barbara_Meyer_Soula_10_cles_pour_reussir_en_bio_conversion_et_installation_1_.mp4\" target=\"_blank\">\n\t\t\t<i aria-hidden=\"true\" class=\"far fa-arrow-alt-circle-down\"><\/i>\t\t\t<\/a>\n\t\t<\/div>\n\t\t\t\t\t\t<\/div>\n\t\t\t\t<\/div>\n\t\t\t\t\t<\/div>\n\t\t<\/div>\n\t\t\t\t<div class=\"elementor-column elementor-col-50 elementor-top-column elementor-element elementor-element-6e5d98c\" data-id=\"6e5d98c\" data-element_type=\"column\" data-e-type=\"column\">\n\t\t\t<div class=\"elementor-widget-wrap elementor-element-populated\">\n\t\t\t\t\t\t<div class=\"elementor-element elementor-element-9a77fed elementor-widget elementor-widget-text-editor\" data-id=\"9a77fed\" data-element_type=\"widget\" data-e-type=\"widget\" data-widget_type=\"text-editor.default\">\n\t\t\t\t<div class=\"elementor-widget-container\">\n\t\t\t\t\t\t\t\t\t<p><a href=\"https:\/\/www.consultant-agriculture-ecologique.com\/wp-content\/uploads\/2021\/06\/Barbara_Meyer_Soula_10_cles_pour_reussir_en_bio_conversion_et_installation_1_.mp4\" target=\"_blank\" rel=\"noopener\"><strong><span style=\"color: #339966;\">T\u00e9l\u00e9charger la vid\u00e9o<\/span><\/strong><\/a><\/p>\t\t\t\t\t\t\t\t<\/div>\n\t\t\t\t<\/div>\n\t\t\t\t\t<\/div>\n\t\t<\/div>\n\t\t\t\t\t<\/div>\n\t\t<\/section>\n\t\t\t\t<section class=\"elementor-section elementor-top-section elementor-element elementor-element-6d40488 elementor-section-boxed elementor-section-height-default elementor-section-height-default\" data-id=\"6d40488\" data-element_type=\"section\" data-e-type=\"section\">\n\t\t\t\t\t\t<div class=\"elementor-container elementor-column-gap-default\">\n\t\t\t\t\t<div class=\"elementor-column elementor-col-50 elementor-top-column elementor-element elementor-element-b23bf06\" data-id=\"b23bf06\" data-element_type=\"column\" data-e-type=\"column\">\n\t\t\t<div class=\"elementor-widget-wrap elementor-element-populated\">\n\t\t\t\t\t\t<div class=\"elementor-element elementor-element-e0bcb16 elementor-widget elementor-widget-image-gallery\" data-id=\"e0bcb16\" data-element_type=\"widget\" data-e-type=\"widget\" data-widget_type=\"image-gallery.default\">\n\t\t\t\t<div class=\"elementor-widget-container\">\n\t\t\t\t\t\t\t<div class=\"elementor-image-gallery\">\n\t\t\t<div id='gallery-1' class='gallery galleryid-2663 gallery-columns-2 gallery-size-medium_large'><figure class='gallery-item'>\n\t\t\t<div class='gallery-icon landscape'>\n\t\t\t\t<a data-elementor-open-lightbox=\"yes\" data-elementor-lightbox-slideshow=\"e0bcb16\" data-elementor-lightbox-title=\"10_clefs_pour_reussir_sa_conversion_vers_le_bio\" data-e-action-hash=\"#elementor-action%3Aaction%3Dlightbox%26settings%3DeyJpZCI6MTI3NywidXJsIjoiaHR0cHM6XC9cL3d3dy5jb25zdWx0YW50LWFncmljdWx0dXJlLWVjb2xvZ2lxdWUuY29tXC93cC1jb250ZW50XC91cGxvYWRzXC8yMDIxXC8wNlwvMTBfY2xlZnNfcG91cl9yZXVzc2lyX3NhX2NvbnZlcnNpb25fdmVyc19sZV9iaW8uanBnIiwic2xpZGVzaG93IjoiZTBiY2IxNiJ9\" href='https:\/\/www.consultant-agriculture-ecologique.com\/wp-content\/uploads\/2021\/06\/10_clefs_pour_reussir_sa_conversion_vers_le_bio.jpg'><img decoding=\"async\" width=\"200\" height=\"200\" src=\"https:\/\/www.consultant-agriculture-ecologique.com\/wp-content\/uploads\/2021\/06\/10_clefs_pour_reussir_sa_conversion_vers_le_bio.jpg\" class=\"attachment-medium_large size-medium_large\" alt=\"\" srcset=\"https:\/\/www.consultant-agriculture-ecologique.com\/wp-content\/uploads\/2021\/06\/10_clefs_pour_reussir_sa_conversion_vers_le_bio.jpg 200w, https:\/\/www.consultant-agriculture-ecologique.com\/wp-content\/uploads\/2021\/06\/10_clefs_pour_reussir_sa_conversion_vers_le_bio-150x150.jpg 150w\" sizes=\"(max-width: 200px) 100vw, 200px\" \/><\/a>\n\t\t\t<\/div><\/figure>\n\t\t<\/div>\n\t\t<\/div>\n\t\t\t\t\t\t<\/div>\n\t\t\t\t<\/div>\n\t\t\t\t\t<\/div>\n\t\t<\/div>\n\t\t\t\t<div class=\"elementor-column elementor-col-50 elementor-top-column elementor-element elementor-element-20390ff\" data-id=\"20390ff\" data-element_type=\"column\" data-e-type=\"column\">\n\t\t\t<div class=\"elementor-widget-wrap\">\n\t\t\t\t\t\t\t<\/div>\n\t\t<\/div>\n\t\t\t\t\t<\/div>\n\t\t<\/section>\n\t\t\t\t<section class=\"elementor-section elementor-top-section elementor-element elementor-element-d7a4332 elementor-section-boxed elementor-section-height-default elementor-section-height-default\" data-id=\"d7a4332\" data-element_type=\"section\" data-e-type=\"section\">\n\t\t\t\t\t\t<div class=\"elementor-container elementor-column-gap-default\">\n\t\t\t\t\t<div class=\"elementor-column elementor-col-100 elementor-top-column elementor-element elementor-element-1c0ab9f\" data-id=\"1c0ab9f\" data-element_type=\"column\" data-e-type=\"column\">\n\t\t\t<div class=\"elementor-widget-wrap elementor-element-populated\">\n\t\t\t\t\t\t<div class=\"elementor-element elementor-element-762d5d7 elementor-widget elementor-widget-text-editor\" data-id=\"762d5d7\" data-element_type=\"widget\" data-e-type=\"widget\" data-widget_type=\"text-editor.default\">\n\t\t\t\t<div class=\"elementor-widget-container\">\n\t\t\t\t\t\t\t\t\t<table border=\"1\" cellspacing=\"0\" cellpadding=\"0\"><tbody><tr><td valign=\"top\" width=\"307\"><p><strong>Vous\u00a0 voulez convertir votre ferme \u00a0au bio\u00a0?<\/strong><\/p><\/td><td valign=\"top\" width=\"307\"><p><strong>Vous r\u00eavez de vous installer comme agriculteur bio\u00a0?<\/strong><\/p><\/td><\/tr><tr><td colspan=\"2\" valign=\"top\" width=\"614\"><p align=\"center\"><strong>Lancez-vous\u00a0!<\/strong><\/p><\/td><\/tr><tr><td valign=\"top\" width=\"307\"><p><strong>&#8211;\u00a0\u00a0\u00a0\u00a0\u00a0\u00a0\u00a0\u00a0\u00a0 \u00e9valuez votre syst\u00e8me de production et comment d\u00e9terminer les \u00e9l\u00e9ments \u00e0 modifier dans vos pratiques<\/strong><\/p><p><strong>&#8211;\u00a0\u00a0\u00a0\u00a0\u00a0\u00a0\u00a0\u00a0\u00a0 d\u00e9terminez quels sont vos points d&#8217;appui internes et externes<\/strong><\/p><p><strong>&#8211;\u00a0\u00a0\u00a0\u00a0\u00a0\u00a0\u00a0\u00a0\u00a0 trouvez les solutions les plus adapt\u00e9es<\/strong><\/p><p>\u00a0<\/p><\/td><td valign=\"top\" width=\"307\"><p><strong>&#8211;\u00a0\u00a0\u00a0\u00a0\u00a0\u00a0\u00a0\u00a0\u00a0 d\u00e9finissez une organisation, adapt\u00e9e \u00e0 votre projet et qui vous convient<\/strong><\/p><p><strong>&#8211;\u00a0\u00a0\u00a0\u00a0\u00a0\u00a0\u00a0\u00a0\u00a0 appr\u00e9hendez votre march\u00e9 et le contexte de votre projet,<\/strong><\/p><p><strong>&#8211;\u00a0\u00a0\u00a0\u00a0\u00a0\u00a0\u00a0\u00a0\u00a0 listez toutes les questions pour une installation en bio r\u00e9ussie<\/strong><\/p><\/td><\/tr><\/tbody><\/table>\t\t\t\t\t\t\t\t<\/div>\n\t\t\t\t<\/div>\n\t\t\t\t\t<\/div>\n\t\t<\/div>\n\t\t\t\t\t<\/div>\n\t\t<\/section>\n\t\t\t\t<section class=\"elementor-section elementor-top-section elementor-element elementor-element-d20c93c elementor-section-boxed elementor-section-height-default elementor-section-height-default\" data-id=\"d20c93c\" data-element_type=\"section\" data-e-type=\"section\">\n\t\t\t\t\t\t<div class=\"elementor-container elementor-column-gap-default\">\n\t\t\t\t\t<div class=\"elementor-column elementor-col-100 elementor-top-column elementor-element elementor-element-055dcd7\" data-id=\"055dcd7\" data-element_type=\"column\" data-e-type=\"column\">\n\t\t\t<div class=\"elementor-widget-wrap elementor-element-populated\">\n\t\t\t\t\t\t<div class=\"elementor-element elementor-element-13c3efd elementor-widget elementor-widget-spacer\" data-id=\"13c3efd\" data-element_type=\"widget\" data-e-type=\"widget\" data-widget_type=\"spacer.default\">\n\t\t\t\t<div class=\"elementor-widget-container\">\n\t\t\t\t\t\t\t<div class=\"elementor-spacer\">\n\t\t\t<div class=\"elementor-spacer-inner\"><\/div>\n\t\t<\/div>\n\t\t\t\t\t\t<\/div>\n\t\t\t\t<\/div>\n\t\t\t\t\t<\/div>\n\t\t<\/div>\n\t\t\t\t\t<\/div>\n\t\t<\/section>\n\t\t\t\t<section class=\"elementor-section elementor-top-section elementor-element elementor-element-90be9db elementor-section-boxed elementor-section-height-default elementor-section-height-default\" data-id=\"90be9db\" data-element_type=\"section\" data-e-type=\"section\">\n\t\t\t\t\t\t<div class=\"elementor-container elementor-column-gap-default\">\n\t\t\t\t\t<div class=\"elementor-column elementor-col-100 elementor-top-column elementor-element elementor-element-f52fbf4\" data-id=\"f52fbf4\" data-element_type=\"column\" data-e-type=\"column\">\n\t\t\t<div class=\"elementor-widget-wrap elementor-element-populated\">\n\t\t\t\t\t\t<div class=\"elementor-element elementor-element-5a06bc7 elementor-widget elementor-widget-text-editor\" data-id=\"5a06bc7\" data-element_type=\"widget\" data-e-type=\"widget\" data-widget_type=\"text-editor.default\">\n\t\t\t\t<div class=\"elementor-widget-container\">\n\t\t\t\t\t\t\t\t\t<h3>M\u00e9mento on organic farming<\/h3>\t\t\t\t\t\t\t\t<\/div>\n\t\t\t\t<\/div>\n\t\t\t\t\t<\/div>\n\t\t<\/div>\n\t\t\t\t\t<\/div>\n\t\t<\/section>\n\t\t\t\t<section class=\"elementor-section elementor-top-section elementor-element elementor-element-07b25f7 elementor-section-boxed elementor-section-height-default elementor-section-height-default\" data-id=\"07b25f7\" data-element_type=\"section\" data-e-type=\"section\">\n\t\t\t\t\t\t<div class=\"elementor-container elementor-column-gap-default\">\n\t\t\t\t\t<div class=\"elementor-column elementor-col-50 elementor-top-column elementor-element elementor-element-74f3fb1\" data-id=\"74f3fb1\" data-element_type=\"column\" data-e-type=\"column\">\n\t\t\t<div class=\"elementor-widget-wrap elementor-element-populated\">\n\t\t\t\t\t\t<div class=\"elementor-element elementor-element-b8d8347 elementor-widget elementor-widget-text-editor\" data-id=\"b8d8347\" data-element_type=\"widget\" data-e-type=\"widget\" data-widget_type=\"text-editor.default\">\n\t\t\t\t<div class=\"elementor-widget-container\">\n\t\t\t\t\t\t\t\t\t<p>\u00a0<\/p><p><strong>KARIM RIMAN Agro Ecologue<\/strong>, I wrote this book with Gabriel Guet and Ana\u00efs Chotard.<\/p><p>It deals with dfficulties practicing oragnic farming but give solutions to succeed.<\/p><p>\u00a0<\/p><p>Editor : Editions France Agricole, GFA \u00e9ditions 25, rue Ginoux 75015<\/p>\t\t\t\t\t\t\t\t<\/div>\n\t\t\t\t<\/div>\n\t\t\t\t\t<\/div>\n\t\t<\/div>\n\t\t\t\t<div class=\"elementor-column elementor-col-50 elementor-top-column elementor-element elementor-element-f45d7f0\" data-id=\"f45d7f0\" data-element_type=\"column\" data-e-type=\"column\">\n\t\t\t<div class=\"elementor-widget-wrap elementor-element-populated\">\n\t\t\t\t\t\t<div class=\"elementor-element elementor-element-bf667e5 elementor-widget elementor-widget-image-gallery\" data-id=\"bf667e5\" data-element_type=\"widget\" data-e-type=\"widget\" data-widget_type=\"image-gallery.default\">\n\t\t\t\t<div class=\"elementor-widget-container\">\n\t\t\t\t\t\t\t<div class=\"elementor-image-gallery\">\n\t\t\t<div id='gallery-2' class='gallery galleryid-2663 gallery-columns-2 gallery-size-medium'><figure class='gallery-item'>\n\t\t\t<div class='gallery-icon portrait'>\n\t\t\t\t<a data-elementor-open-lightbox=\"yes\" data-elementor-lightbox-slideshow=\"bf667e5\" data-elementor-lightbox-title=\"memento_page_de_couverture\" data-e-action-hash=\"#elementor-action%3Aaction%3Dlightbox%26settings%3DeyJpZCI6Mjg5NSwidXJsIjoiaHR0cHM6XC9cL3d3dy5jb25zdWx0YW50LWFncmljdWx0dXJlLWVjb2xvZ2lxdWUuY29tXC93cC1jb250ZW50XC91cGxvYWRzXC8yMDIxXC8wNlwvbWVtZW50b19wYWdlX2RlX2NvdXZlcnR1cmUuanBnIiwic2xpZGVzaG93IjoiYmY2NjdlNSJ9\" href='https:\/\/www.consultant-agriculture-ecologique.com\/wp-content\/uploads\/2021\/06\/memento_page_de_couverture.jpg'><img fetchpriority=\"high\" decoding=\"async\" width=\"210\" height=\"300\" src=\"https:\/\/www.consultant-agriculture-ecologique.com\/wp-content\/uploads\/2021\/06\/memento_page_de_couverture-210x300.jpg\" class=\"attachment-medium size-medium\" alt=\"\" srcset=\"https:\/\/www.consultant-agriculture-ecologique.com\/wp-content\/uploads\/2021\/06\/memento_page_de_couverture-210x300.jpg 210w, https:\/\/www.consultant-agriculture-ecologique.com\/wp-content\/uploads\/2021\/06\/memento_page_de_couverture-718x1024.jpg 718w, https:\/\/www.consultant-agriculture-ecologique.com\/wp-content\/uploads\/2021\/06\/memento_page_de_couverture-768x1095.jpg 768w, https:\/\/www.consultant-agriculture-ecologique.com\/wp-content\/uploads\/2021\/06\/memento_page_de_couverture.jpg 955w\" sizes=\"(max-width: 210px) 100vw, 210px\" \/><\/a>\n\t\t\t<\/div><\/figure>\n\t\t<\/div>\n\t\t<\/div>\n\t\t\t\t\t\t<\/div>\n\t\t\t\t<\/div>\n\t\t\t\t\t<\/div>\n\t\t<\/div>\n\t\t\t\t\t<\/div>\n\t\t<\/section>\n\t\t\t\t<\/div>\n\t\t","protected":false},"excerpt":{"rendered":"<p>Les 10 Cl\u00e9s pour r\u00e9ussir sa conversion ou son installation en Bio &#8211; mai 2016 &#8211; \u00e9ditions GFA http:\/\/www.consultant-agriculture-ecologique.com\/wp-content\/uploads\/2021\/06\/Barbara_Meyer_Soula_10_cles_pour_reussir_en_bio_conversion_et_installation_1_.mp4 T\u00e9l\u00e9charger [&hellip;]<\/p>\n","protected":false},"author":1,"featured_media":0,"parent":0,"menu_order":0,"comment_status":"closed","ping_status":"closed","template":"","meta":{"_monsterinsights_skip_tracking":false,"_monsterinsights_sitenote_active":false,"_monsterinsights_sitenote_note":"","_monsterinsights_sitenote_category":0,"footnotes":""},"class_list":["post-2663","page","type-page","status-publish","hentry"],"_links":{"self":[{"href":"https:\/\/www.consultant-agriculture-ecologique.com\/en\/wp-json\/wp\/v2\/pages\/2663","targetHints":{"allow":["GET"]}}],"collection":[{"href":"https:\/\/www.consultant-agriculture-ecologique.com\/en\/wp-json\/wp\/v2\/pages"}],"about":[{"href":"https:\/\/www.consultant-agriculture-ecologique.com\/en\/wp-json\/wp\/v2\/types\/page"}],"author":[{"embeddable":true,"href":"https:\/\/www.consultant-agriculture-ecologique.com\/en\/wp-json\/wp\/v2\/users\/1"}],"replies":[{"embeddable":true,"href":"https:\/\/www.consultant-agriculture-ecologique.com\/en\/wp-json\/wp\/v2\/comments?post=2663"}],"version-history":[{"count":6,"href":"https:\/\/www.consultant-agriculture-ecologique.com\/en\/wp-json\/wp\/v2\/pages\/2663\/revisions"}],"predecessor-version":[{"id":2908,"href":"https:\/\/www.consultant-agriculture-ecologique.com\/en\/wp-json\/wp\/v2\/pages\/2663\/revisions\/2908"}],"wp:attachment":[{"href":"https:\/\/www.consultant-agriculture-ecologique.com\/en\/wp-json\/wp\/v2\/media?parent=2663"}],"curies":[{"name":"wp","href":"https:\/\/api.w.org\/{rel}","templated":true}]}}