{"id":2615,"date":"2021-08-28T18:59:35","date_gmt":"2021-08-28T16:59:35","guid":{"rendered":"http:\/\/www.consultant-agriculture-ecologique.com\/?page_id=2615"},"modified":"2021-11-30T23:42:07","modified_gmt":"2021-11-30T22:42:07","slug":"trophobiose-a-global-plants-health-approach","status":"publish","type":"page","link":"https:\/\/www.consultant-agriculture-ecologique.com\/en\/trophobiose-a-global-plants-health-approach\/","title":{"rendered":"Trophobiose a global plants health approach"},"content":{"rendered":"\t\t<div data-elementor-type=\"wp-page\" data-elementor-id=\"2615\" class=\"elementor elementor-2615 elementor-964\">\n\t\t\t\t\t\t<section class=\"elementor-section elementor-top-section elementor-element elementor-element-530fbda5 elementor-section-boxed elementor-section-height-default elementor-section-height-default\" data-id=\"530fbda5\" data-element_type=\"section\" data-e-type=\"section\">\n\t\t\t\t\t\t<div class=\"elementor-container elementor-column-gap-default\">\n\t\t\t\t\t<div class=\"elementor-column elementor-col-100 elementor-top-column elementor-element elementor-element-5730708b\" data-id=\"5730708b\" data-element_type=\"column\" data-e-type=\"column\">\n\t\t\t<div class=\"elementor-widget-wrap elementor-element-populated\">\n\t\t\t\t\t\t<div class=\"elementor-element elementor-element-3af6b2b5 elementor-widget elementor-widget-text-editor\" data-id=\"3af6b2b5\" data-element_type=\"widget\" data-e-type=\"widget\" data-widget_type=\"text-editor.default\">\n\t\t\t\t<div class=\"elementor-widget-container\">\n\t\t\t\t\t\t\t\t\t\n<div class=\"wp-block-siteorigin-panels-layout-block\">\n<div id=\"pl-964\" class=\"panel-layout\">\n<div id=\"pg-964-0\" class=\"panel-grid panel-no-style\">\n<div id=\"pgc-964-0-0\" class=\"panel-grid-cell\">\n<div id=\"panel-964-0-0-0\" class=\"so-panel widget widget_text panel-first-child panel-last-child\" data-index=\"0\">\n<div class=\"textwidget\">\n<section class=\"article-render news-details\">\n<div class=\"tiny\">\n<p>Francis Chaboussou, researcher at INRA,\u00a0 work 50 years to establish his theory.<\/p>\n<p>He Wrote several books in French\u00a0 :<\/p>\n<p>\u2013\u00a0\u00a0\u00a0\u00a0\u00a0\u00a0\u00a0\u00a0\u00a0 Sant\u00e9 des cultures, une r\u00e9volution agronomique, paru en 1985, La Maison Rustique.<\/p>\n<p>\u2013\u00a0\u00a0\u00a0\u00a0\u00a0\u00a0\u00a0\u00a0\u00a0 Agriculture biologique, agriculture de la prot\u00e9osynth\u00e8se, paru en 1982, IRAB.<\/p>\n<p>\u2013\u00a0\u00a0\u00a0\u00a0\u00a0\u00a0\u00a0\u00a0\u00a0 Les plantes malades des pesticides, r\u00e9\u00e9dit\u00e9 en 2011, Utovie.<\/p>\n<\/div>\n<\/section>\n<\/div>\n<\/div>\n<\/div>\n<\/div>\n<\/div>\n<\/div>\n\t\t\t\t\t\t\t\t<\/div>\n\t\t\t\t<\/div>\n\t\t\t\t\t<\/div>\n\t\t<\/div>\n\t\t\t\t\t<\/div>\n\t\t<\/section>\n\t\t\t\t<\/div>\n\t\t","protected":false},"excerpt":{"rendered":"","protected":false},"author":1,"featured_media":0,"parent":0,"menu_order":0,"comment_status":"closed","ping_status":"closed","template":"","meta":{"_monsterinsights_skip_tracking":false,"_monsterinsights_sitenote_active":false,"_monsterinsights_sitenote_note":"","_monsterinsights_sitenote_category":0,"footnotes":""},"class_list":["post-2615","page","type-page","status-publish","hentry"],"_links":{"self":[{"href":"https:\/\/www.consultant-agriculture-ecologique.com\/en\/wp-json\/wp\/v2\/pages\/2615","targetHints":{"allow":["GET"]}}],"collection":[{"href":"https:\/\/www.consultant-agriculture-ecologique.com\/en\/wp-json\/wp\/v2\/pages"}],"about":[{"href":"https:\/\/www.consultant-agriculture-ecologique.com\/en\/wp-json\/wp\/v2\/types\/page"}],"author":[{"embeddable":true,"href":"https:\/\/www.consultant-agriculture-ecologique.com\/en\/wp-json\/wp\/v2\/users\/1"}],"replies":[{"embeddable":true,"href":"https:\/\/www.consultant-agriculture-ecologique.com\/en\/wp-json\/wp\/v2\/comments?post=2615"}],"version-history":[{"count":5,"href":"https:\/\/www.consultant-agriculture-ecologique.com\/en\/wp-json\/wp\/v2\/pages\/2615\/revisions"}],"predecessor-version":[{"id":3049,"href":"https:\/\/www.consultant-agriculture-ecologique.com\/en\/wp-json\/wp\/v2\/pages\/2615\/revisions\/3049"}],"wp:attachment":[{"href":"https:\/\/www.consultant-agriculture-ecologique.com\/en\/wp-json\/wp\/v2\/media?parent=2615"}],"curies":[{"name":"wp","href":"https:\/\/api.w.org\/{rel}","templated":true}]}}